{"id":5347,"date":"2026-04-01T00:00:00","date_gmt":"2026-03-31T22:00:00","guid":{"rendered":"https:\/\/lunter.com\/?post_type=product&#038;p=5347"},"modified":"2026-03-11T17:49:14","modified_gmt":"2026-03-11T16:49:14","slug":"grill-salad-tofu-smoked-300","status":"publish","type":"product","link":"https:\/\/lunter.com\/sk\/produkty\/grill-salad-tofu-smoked-300\/","title":{"rendered":"LUNTER GRILL &amp; SALAD TOFU SMOKED"},"content":{"rendered":"\n<p>Toto tofu nepotrebuje \u017eiadne om\u00e1\u010dky. \u00daden\u00e1 chu\u0165, ktor\u00fa ke\u010f raz ochutn\u00e1\u0161, neprestane\u0161 na\u0148 myslie\u0165. Lunter Salad Tofu Smoked je marinovan\u00e9 v slanom n\u00e1leve a pripraven\u00e9 na priamu konzum\u00e1ciu, tak\u017ee ho sta\u010d\u00ed nakr\u00e1ja\u0165 do \u0161al\u00e1tu, sendvi\u010da \u010di wrapu, alebo si ho da\u0165 len tak ako r\u00fdchly snack. Po ope\u010den\u00ed \u010di ugrilovan\u00ed pripom\u00edna svojou v\u0155zgavou \u0161trukt\u00farou ob\u013e\u00faben\u00fd syr na grilovanie. Potrebuje\u0161 jemnej\u0161iu chu\u0165? Namo\u010d ho do vody a je to. Ready to eat, ready to love!<\/p>\n","protected":false},"featured_media":5349,"menu_order":0,"template":"","product_type":[180],"class_list":["post-5347","product","type-product","status-publish","has-post-thumbnail","hentry","product_type-salad-tofu-sk"],"acf":{"product_show_in_compact":"1","product_tagline":"\u013dahkos\u0165 v ka\u017edom s\u00faste","products_weight":"300","product_ornament_type":"cube","product_ornament_color":"#31cfc8","benefit_icons":["number-protein","non-gmo-soybeans","source-of-calcium"],"protein_amount":"28","product_details":{"ingredients":"77 % tofu (85 % s\u00f3jov\u00e9 b\u00f4by, voda, v\u00e1pnik), 23 % slan\u00fd n\u00e1lev (voda, so\u013e), dym z bukov\u00e9ho dreva.","packaging_image":5303,"nutritional_values":"<table class=\"nutritional-table\">\r\n<tbody>\r\n<tr>\r\n<th colspan=\"2\">V\u00fd\u017eivov\u00e9 \u00fadaje na 100 g<\/th>\r\n<\/tr>\r\n<tr>\r\n<td>Energia<\/td>\r\n<td>498 kJ\/120 kcal<\/td>\r\n<\/tr>\r\n<tr>\r\n<td>Tuky<\/td>\r\n<td>7,6 g<\/td>\r\n<\/tr>\r\n<tr>\r\n<td>- z toho nas\u00fdten\u00e9 mastn\u00e9 kyseliny<\/td>\r\n<td>1,1 g<\/td>\r\n<\/tr>\r\n<tr>\r\n<td>Sacharidy<\/td>\r\n<td>0,5 g<\/td>\r\n<\/tr>\r\n<tr>\r\n<td>- z toho cukry<\/td>\r\n<td>&lt;0,5 g<\/td>\r\n<\/tr>\r\n<tr>\r\n<td>Bielkoviny<\/td>\r\n<td>12 g<\/td>\r\n<\/tr>\r\n<tr>\r\n<td>Vl\u00e1knina<\/td>\r\n<td>1,7 g<\/td>\r\n<\/tr>\r\n<tr>\r\n<td>So\u013e<\/td>\r\n<td>2,0 g<\/td>\r\n<\/tr>\r\n<tr>\r\n<td>V\u00e1pnik<\/td>\r\n<td>221 mg**<\/td>\r\n<\/tr>\r\n<\/tbody>\r\n<\/table>\r\n<p class=\"note\">**28 % NRV (NRV = referen\u010dn\u00e9 v\u00fd\u017eivov\u00e9 hodnoty)<\/p>"},"product_benefits":{"benefit_image":5309,"benefit_1":"Vyroben\u00e9 s l\u00e1skou","benefit_2":"Ope\u010d ho alebo ho\u010f do \u0161al\u00e1tu","benefit_3":"\u010cist\u00e9 & kvalitn\u00e9 ingrediencie","benefit_4":"\u013dahk\u00e9 & v\u00fd\u017eivn\u00e9"}},"_links":{"self":[{"href":"https:\/\/lunter.com\/sk\/wp-json\/wp\/v2\/product\/5347","targetHints":{"allow":["GET"]}}],"collection":[{"href":"https:\/\/lunter.com\/sk\/wp-json\/wp\/v2\/product"}],"about":[{"href":"https:\/\/lunter.com\/sk\/wp-json\/wp\/v2\/types\/product"}],"wp:featuredmedia":[{"embeddable":true,"href":"https:\/\/lunter.com\/sk\/wp-json\/wp\/v2\/media\/5349"}],"wp:attachment":[{"href":"https:\/\/lunter.com\/sk\/wp-json\/wp\/v2\/media?parent=5347"}],"wp:term":[{"taxonomy":"product_type","embeddable":true,"href":"https:\/\/lunter.com\/sk\/wp-json\/wp\/v2\/product_type?post=5347"}],"curies":[{"name":"wp","href":"https:\/\/api.w.org\/{rel}","templated":true}]}}