{"id":5338,"date":"2026-04-01T00:00:00","date_gmt":"2026-03-31T22:00:00","guid":{"rendered":"https:\/\/lunter.com\/?post_type=product&#038;p=5338"},"modified":"2026-03-11T17:44:35","modified_gmt":"2026-03-11T16:44:35","slug":"korean-bbq-tofu-kimchi-180","status":"publish","type":"product","link":"https:\/\/lunter.com\/sk\/produkty\/korean-bbq-tofu-kimchi-180\/","title":{"rendered":"LUNTER KOREAN BBQ TOFU KIMCHI"},"content":{"rendered":"\n<p>Je moment\u00e1lne nie\u010do viac trendy ako kimchi? Nemysl\u00edme si. Preto vznikla spolupr\u00e1ca Lunter x Sempio, pod ktorou ti prin\u00e1\u0161ame novinku Lunter Korean BBQ tofu Kimchi. Marin\u00e1dy je pikantn\u00e1, svie\u017ea, jemne kyslast\u00e1 a m\u00e1 typick\u00e9 kimchi umami.<\/p>\n\n\n\n<p>Tofu je u\u017e marinovan\u00e9 a pripraven\u00e9 na okam\u017eit\u00e9 grilovanie alebo restovanie. Na grile sa r\u00fdchlo karamelizuje a e\u0161te aj kr\u00e1sne vonia. V balen\u00ed n\u00e1jde\u0161 aj extra porciu marin\u00e1dy, ktor\u00fa m\u00f4\u017ee\u0161 prida\u0165 pre v\u00fdraznej\u0161iu chu\u0165 tofu alebo \u0148ou dochuti\u0165 ostatn\u00e9 ingrediencie.<\/p>\n\n\n\n<p>Korean BBQ tofu Gochujang sa hod\u00ed na gril aj na panvicu, do woku, bowlov, burgerov a wrapov, a v\u017edy, ke\u010f chce\u0161 r\u00fdchle jedlo, ktor\u00e9 chut\u00ed autenticky.<\/p>\n","protected":false},"featured_media":5340,"menu_order":0,"template":"","product_type":[174],"class_list":["post-5338","product","type-product","status-publish","has-post-thumbnail","hentry","product_type-marinovane"],"acf":{"product_show_in_compact":"1","product_tagline":"Autentick\u00e1 chu\u0165 v ka\u017edom s\u00faste","products_weight":"180 g","product_ornament_type":"splash","product_ornament_color":"#d46b5a","benefit_icons":"","protein_amount":25,"product_details":{"ingredients":"76 % tofu (57 % s\u00f3jov\u00e9 b\u00f4by, voda), 24 % marin\u00e1da s pr\u00edchu\u0165ou kimchi [voda, fermentovan\u00fd s\u00f3jov\u00fd extrakt (voda, so\u013e, s\u00f3jov\u00e9 b\u00f4by, ry\u017ea), jabl\u010dn\u00fd ocot, so\u013e, anan\u00e1sov\u00e9 pyr\u00e9, su\u0161en\u00fd cesnak, cukor, kukuri\u010dn\u00fd \u0161krob, su\u0161en\u00e1 cibu\u013ea, \u010dili, kvasnicov\u00fd extrakt, mlet\u00fd z\u00e1zvor, mlet\u00e1 sladk\u00e1 paprika, zeleninov\u00fd v\u00fdvar (biela re\u010fkovka, kapusta, p\u00f3r, huby shiitake, cesnak)].","packaging_image":5284,"nutritional_values":"<table class=\"nutritional-table\">\r\n<tbody>\r\n<tr>\r\n<th colspan=\"2\">V\u00fd\u017eivov\u00e9 \u00fadaje na 100 g<\/th>\r\n<\/tr>\r\n<tr>\r\n<td>Energia<\/td>\r\n<td>520 kJ\/125 kcal<\/td>\r\n<\/tr>\r\n<tr>\r\n<td>Tuky<\/td>\r\n<td>7,4 g<\/td>\r\n<\/tr>\r\n<tr>\r\n<td>- z toho nas\u00fdten\u00e9 mastn\u00e9 kyseliny<\/td>\r\n<td>1,3 g<\/td>\r\n<\/tr>\r\n<tr>\r\n<td>Sacharidy<\/td>\r\n<td>2,7 g<\/td>\r\n<\/tr>\r\n<tr>\r\n<td>- z toho cukry<\/td>\r\n<td>1,4 g<\/td>\r\n<\/tr>\r\n<tr>\r\n<td>Vl\u00e1knina<\/td>\r\n<td>1,2 g<\/td>\r\n<\/tr>\r\n<tr>\r\n<td>Bielkoviny<\/td>\r\n<td>11 g<\/td>\r\n<\/tr>\r\n<tr>\r\n<td>So\u013e<\/td>\r\n<td>1,2 g<\/td>\r\n<\/tr>\r\n<\/tbody>\r\n<\/table>"},"product_benefits":{"benefit_image":5290,"benefit_1":"Dokonale vyv\u00e1\u017een\u00e1 chu\u0165","benefit_2":"Vyroben\u00e9 s l\u00e1skou","benefit_3":"Hotov\u00e9 za p\u00e1r min\u00fat","benefit_4":"Opekaj, griluj, zape\u010d"}},"_links":{"self":[{"href":"https:\/\/lunter.com\/sk\/wp-json\/wp\/v2\/product\/5338","targetHints":{"allow":["GET"]}}],"collection":[{"href":"https:\/\/lunter.com\/sk\/wp-json\/wp\/v2\/product"}],"about":[{"href":"https:\/\/lunter.com\/sk\/wp-json\/wp\/v2\/types\/product"}],"wp:featuredmedia":[{"embeddable":true,"href":"https:\/\/lunter.com\/sk\/wp-json\/wp\/v2\/media\/5340"}],"wp:attachment":[{"href":"https:\/\/lunter.com\/sk\/wp-json\/wp\/v2\/media?parent=5338"}],"wp:term":[{"taxonomy":"product_type","embeddable":true,"href":"https:\/\/lunter.com\/sk\/wp-json\/wp\/v2\/product_type?post=5338"}],"curies":[{"name":"wp","href":"https:\/\/api.w.org\/{rel}","templated":true}]}}