{"id":5317,"date":"2026-04-01T00:00:00","date_gmt":"2026-03-31T22:00:00","guid":{"rendered":"https:\/\/lunter.com\/?post_type=product&#038;p=5317"},"modified":"2026-03-11T17:39:15","modified_gmt":"2026-03-11T16:39:15","slug":"korean-bbq-tofu-gochujang-180","status":"publish","type":"product","link":"https:\/\/lunter.com\/sk\/produkty\/korean-bbq-tofu-gochujang-180\/","title":{"rendered":"LUNTER KOREAN BBQ TOFU GOCHUJANG"},"content":{"rendered":"\n<p>Toto je presne ten typ chuti, ktor\u00fd moment\u00e1lne valcuje street food aj dom\u00e1ce kuchyne. Vzniklo v spolupr\u00e1ci Lunter x Sempio a hlavn\u00fa rolu hr\u00e1 ikonick\u00e1 pasta gochujang, ktor\u00e1 je sladko-p\u00e1liv\u00e1, jemne fermentovan\u00e1 a pln\u00e1 umami.<\/p>\n\n\n\n<p>Tofu je u\u017e marinovan\u00e9 a pripraven\u00e9 na okam\u017eit\u00e9 grilovanie alebo restovanie, tak\u017ee dokonal\u00fa &#8222;K\u00f3reu&#8220; sprav\u00ed\u0161 aj v be\u017en\u00fd de\u0148, nielen cez v\u00edkend. V balen\u00ed n\u00e1jde\u0161 aj extra porciu marin\u00e1dy, ktor\u00fa m\u00f4\u017ee\u0161 vyu\u017ei\u0165 \u010di u\u017e pre extra d\u00e1vku chute tofu, alebo aj na dochutenie \u010fal\u0161\u00edch ingredienci\u00ed.<\/p>\n\n\n\n<p>Korean BBQ tofu Gochujang sa hod\u00ed na gril aj na panvicu, do woku, bowlov, burgerov a wrapov, a v\u017edy, ke\u010f chce\u0161 r\u00fdchle jedlo, ktor\u00e9 chut\u00ed autenticky.<\/p>\n","protected":false},"featured_media":5331,"menu_order":0,"template":"","product_type":[174],"class_list":["post-5317","product","type-product","status-publish","has-post-thumbnail","hentry","product_type-marinovane"],"acf":{"product_show_in_compact":"1","product_tagline":"Autentick\u00e1 chu\u0165 v ka\u017edom s\u00faste","products_weight":"180 g","product_ornament_type":"splash","product_ornament_color":"#c44a3f","benefit_icons":["number-protein","non-gmo-soybeans","source-of-calcium"],"protein_amount":"30","product_details":{"ingredients":"76 % tofu (57 % s\u00f3jov\u00e9 b\u00f4by, voda), 24 % marin\u00e1da s pr\u00edchu\u0165ou gochujang (voda, cukor, ry\u017ea, mlet\u00e1 \u00faden\u00e1 paprika, so\u013e, s\u00f3jov\u00e9 b\u00f4by, repkov\u00fd olej, su\u0161en\u00e1 paprika, fermentovan\u00e1 p\u0161enica - neobsahuje glut\u00e9n, kukuri\u010dn\u00fd \u0161krob, kvasnicov\u00fd extrakt, \u010dili, su\u0161en\u00e1 cibu\u013ea, su\u0161en\u00e1 mrkva, cesnak).","packaging_image":5325,"nutritional_values":"<table class=\"nutritional-table\">\r\n<tbody>\r\n<tr>\r\n<th colspan=\"2\">V\u00fd\u017eivov\u00e9 \u00fadaje na 100 g<\/th>\r\n<\/tr>\r\n<tr>\r\n<td>Energia<\/td>\r\n<td>604 kJ\/145 kcal<\/td>\r\n<\/tr>\r\n<tr>\r\n<td>Tuky<\/td>\r\n<td>7,9 g<\/td>\r\n<\/tr>\r\n<tr>\r\n<td>- z toho nas\u00fdten\u00e9 mastn\u00e9 kyseliny<\/td>\r\n<td>1,1 g<\/td>\r\n<\/tr>\r\n<tr>\r\n<td>Sacharidy<\/td>\r\n<td>4,6 g<\/td>\r\n<\/tr>\r\n<tr>\r\n<td>- z toho cukry<\/td>\r\n<td>4,0 g<\/td>\r\n<\/tr>\r\n<tr>\r\n<td>Vl\u00e1knina<\/td>\r\n<td>2,3 g<\/td>\r\n<\/tr>\r\n<tr>\r\n<td>Bielkoviny<\/td>\r\n<td>13 g<\/td>\r\n<\/tr>\r\n<tr>\r\n<td>So\u013e<\/td>\r\n<td>1,2 g<\/td>\r\n<\/tr>\r\n<\/tbody>\r\n<\/table>"},"product_benefits":{"benefit_image":5319,"benefit_1":"Dokonale vyv\u00e1\u017een\u00e1 chu\u0165","benefit_2":"Vyroben\u00e9 s l\u00e1skou","benefit_3":"Hotov\u00e9 za p\u00e1r min\u00fat","benefit_4":"Opekaj, griluj, zape\u010d"}},"_links":{"self":[{"href":"https:\/\/lunter.com\/sk\/wp-json\/wp\/v2\/product\/5317","targetHints":{"allow":["GET"]}}],"collection":[{"href":"https:\/\/lunter.com\/sk\/wp-json\/wp\/v2\/product"}],"about":[{"href":"https:\/\/lunter.com\/sk\/wp-json\/wp\/v2\/types\/product"}],"wp:featuredmedia":[{"embeddable":true,"href":"https:\/\/lunter.com\/sk\/wp-json\/wp\/v2\/media\/5331"}],"wp:attachment":[{"href":"https:\/\/lunter.com\/sk\/wp-json\/wp\/v2\/media?parent=5317"}],"wp:term":[{"taxonomy":"product_type","embeddable":true,"href":"https:\/\/lunter.com\/sk\/wp-json\/wp\/v2\/product_type?post=5317"}],"curies":[{"name":"wp","href":"https:\/\/api.w.org\/{rel}","templated":true}]}}