{"id":4282,"date":"2025-09-05T13:43:43","date_gmt":"2025-09-05T11:43:43","guid":{"rendered":"https:\/\/lunter.com\/products\/lunter-minced-tofu-mild\/"},"modified":"2025-09-08T17:17:08","modified_gmt":"2025-09-08T15:17:08","slug":"lunter-minced-tofu-mild","status":"publish","type":"product","link":"https:\/\/lunter.com\/sk\/produkty\/lunter-minced-tofu-mild\/","title":{"rendered":"Lunter Minced Tofu Mild"},"content":{"rendered":"\n<p>Kone\u010dne mlet\u00e9 tofu, ktor\u00e9 ti u\u0161etr\u00ed \u010das, aj nervy v kuchyni. Chilli, tacos, burritos &#8211; v\u0161etko m\u00e1\u0161 hotov\u00e9 za p\u00e1r min\u00fat. Z\u00e1kladom je \u010dist\u00e9 tofu bez GMO a jednoduch\u00e1 marin\u00e1da, bez ak\u00fdchko\u013evek neprirodzen\u00fdch a umel\u00fdch zlo\u017eiek a ch\u00e9mie. Navy\u0161e s jedn\u00fdm balen\u00edm svojmu telu dopraje\u0161 a\u017e 29 gramov bielkov\u00edn!<\/p>\n\n\n\n<p><\/p>\n","protected":false},"featured_media":4242,"menu_order":0,"template":"","product_type":[350],"class_list":["post-4282","product","type-product","status-publish","has-post-thumbnail","hentry","product_type-minced-sk"],"acf":{"product_show_in_compact":"1","product_tagline":"Plnohodnotn\u00e9 jedlo pripraven\u00e9 za 5 min\u00fat!","products_weight":"160 g","product_ornament_type":"cube","product_ornament_color":"#fcbe69","benefit_icons":["number-protein","non-gmo-soybeans","cooks-in-5-mins"],"protein_amount":"29","product_details":{"ingredients":"58 % s\u00f3jov\u00e9 b\u00f4by, voda, karamel, morsk\u00e1 so\u013e, stu\u017eovadl\u00e1 (s\u00edran v\u00e1penat\u00fd, chlorid v\u00e1penat\u00fd), kvasnicov\u00fd extrakt, byliny a koreniny","packaging_image":4302,"nutritional_values":"<table class=\"nutritional-table\">\r\n<tbody>\r\n<tr>\r\n<th colspan=\"2\">V\u00fd\u017eivov\u00e9 \u00fadaje na 100 g<\/th>\r\n<\/tr>\r\n<tr>\r\n<td>Energia<\/td>\r\n<td>702 kJ\/168 kcal<\/td>\r\n<\/tr>\r\n<tr>\r\n<td>Tuky<\/td>\r\n<td>9,8g<\/td>\r\n<\/tr>\r\n<tr>\r\n<td>\u2013 z toho nas\u00fdten\u00e9 mastn\u00e9 kyseliny<\/td>\r\n<td>1,5g<\/td>\r\n<\/tr>\r\n<tr>\r\n<td>Sacharidy<\/td>\r\n<td>1,0 g<\/td>\r\n<\/tr>\r\n<tr>\r\n<td>\u2013 z toho cukry<\/td>\r\n<td>0 g<\/td>\r\n<\/tr>\r\n<tr>\r\n<td>Bielkoviny<\/td>\r\n<td>18g<\/td>\r\n<\/tr>\r\n<tr>\r\n<td>So\u013e<\/td>\r\n<td>1,3g<\/td>\r\n<\/tr>\r\n<tr>\r\n<td>V\u00e1pnik<\/td>\r\n<td>392 mg**<\/td>\r\n<\/tr>\r\n<\/tbody>\r\n<\/table>\r\n<p class=\"note\">**49 % NRV (referen\u010dn\u00e9 v\u00fd\u017eivov\u00e9 hodnoty)<\/p>"},"product_benefits":{"benefit_image":4327,"benefit_1":"Plnohodnotn\u00e9 jedlo hotov\u00e9 za 5 min\u00fat","benefit_2":"Nekone\u010dn\u00e9 kombin\u00e1cie chut\u00ed","benefit_3":"Nakr\u00e1jan\u00e9 a marinovan\u00e9","benefit_4":"Vysok\u00fd obsah bielkov\u00edn"}},"_links":{"self":[{"href":"https:\/\/lunter.com\/sk\/wp-json\/wp\/v2\/product\/4282","targetHints":{"allow":["GET"]}}],"collection":[{"href":"https:\/\/lunter.com\/sk\/wp-json\/wp\/v2\/product"}],"about":[{"href":"https:\/\/lunter.com\/sk\/wp-json\/wp\/v2\/types\/product"}],"wp:featuredmedia":[{"embeddable":true,"href":"https:\/\/lunter.com\/sk\/wp-json\/wp\/v2\/media\/4242"}],"wp:attachment":[{"href":"https:\/\/lunter.com\/sk\/wp-json\/wp\/v2\/media?parent=4282"}],"wp:term":[{"taxonomy":"product_type","embeddable":true,"href":"https:\/\/lunter.com\/sk\/wp-json\/wp\/v2\/product_type?post=4282"}],"curies":[{"name":"wp","href":"https:\/\/api.w.org\/{rel}","templated":true}]}}