{"id":4273,"date":"2025-09-05T13:30:00","date_gmt":"2025-09-05T11:30:00","guid":{"rendered":"https:\/\/lunter.com\/products\/lunter-wokbowl-tofu-mild\/"},"modified":"2025-09-08T17:14:58","modified_gmt":"2025-09-08T15:14:58","slug":"lunter-wokbowl-tofu-mild","status":"publish","type":"product","link":"https:\/\/lunter.com\/sk\/produkty\/lunter-wokbowl-tofu-mild\/","title":{"rendered":"Lunter Wok&amp;Bowl Tofu Mild"},"content":{"rendered":"\n<p>Pohodln\u00e9 rie\u0161enie bez kompromisov. Jemne marinovan\u00e9 a vopred nakr\u00e1jan\u00e9 k\u00fasky tofu z na\u0161ej novej rady Lunter Ready to Cook \u010dakaj\u00fa, k\u00fdm ich hod\u00ed\u0161 na panvicu, \u010di do hrnca. Plnohodnotn\u00e9 jedlo m\u00e1\u0161 hotov\u00e9 u\u017e za 5 min\u00fat! Wok&amp;Bowl Tofu je ide\u00e1lne do \u0161al\u00e1tov, wrapov, k r\u00f4znym druhom pr\u00edlohy, \u010di s tvojou ob\u013e\u00fabenou om\u00e1\u010dkou. Z\u00e1kladom je \u010dist\u00e9 tofu bez GMO a jednoduch\u00e1 marin\u00e1da, bez ak\u00fdchko\u013evek neprirodzen\u00fdch a umel\u00fdch zlo\u017eiek a ch\u00e9mie. Navy\u0161e s jedn\u00fdm balen\u00edm svojmu telu dopraje\u0161 a\u017e 24 gramov bielkov\u00edn!<\/p>\n","protected":false},"featured_media":4247,"menu_order":0,"template":"","product_type":[356],"class_list":["post-4273","product","type-product","status-publish","has-post-thumbnail","hentry","product_type-wok-bowl-sk"],"acf":{"product_show_in_compact":"1","product_tagline":"Plnohodnotn\u00e9 jedlo pripraven\u00e9 za 5 min\u00fat!","products_weight":"160 g","product_ornament_type":"cube","product_ornament_color":"#80cac5","benefit_icons":["number-protein","non-gmo-soybeans","cooks-in-5-mins"],"protein_amount":"24","product_details":{"ingredients":"86 % tofu (s\u00f3jov\u00e9 b\u00f4by, voda, stu\u017eovadlo: s\u00edran v\u00e1penat\u00fd), 9 % marin\u00e1da [voda, so\u013e, koreniny, maltodextr\u00edn, zelenina (cibu\u013ea, cesnak), kvasnicov\u00fd extrakt, bylinky, regul\u00e1tor kyslosti: kyselina citr\u00f3nov\u00e1], slne\u010dnicov\u00fd olej","packaging_image":4307,"nutritional_values":"<table class=\"nutritional-table\">\r\n<tbody>\r\n<tr>\r\n<th colspan=\"2\">V\u00fd\u017eivov\u00e9 \u00fadaje na 100 g<\/th>\r\n<\/tr>\r\n<tr>\r\n<td>Energia<\/td>\r\n<td>803 kJ\/192 kcal<\/td>\r\n<\/tr>\r\n<tr>\r\n<td>Tuky<\/td>\r\n<td>14g<\/td>\r\n<\/tr>\r\n<tr>\r\n<td>\u2013 z toho nas\u00fdten\u00e9 mastn\u00e9 kyseliny<\/td>\r\n<td>1,9g<\/td>\r\n<\/tr>\r\n<tr>\r\n<td>Sacharidy<\/td>\r\n<td>1,4g<\/td>\r\n<\/tr>\r\n<tr>\r\n<td>\u2013 z toho cukry<\/td>\r\n<td>1,1g<\/td>\r\n<\/tr>\r\n<tr>\r\n<td>Bielkoviny<\/td>\r\n<td>15g<\/td>\r\n<\/tr>\r\n<tr>\r\n<td>So\u013e<\/td>\r\n<td>1,2g<\/td>\r\n<\/tr>\r\n<tr>\r\n<td>V\u00e1pnik<\/td>\r\n<td>747 mg**<\/td>\r\n<\/tr>\r\n<\/tbody>\r\n<\/table>\r\n<p class=\"note\">**93 % NRV (referen\u010dn\u00e9 v\u00fd\u017eivov\u00e9 hodnoty)<\/p>"},"product_benefits":{"benefit_image":4322,"benefit_1":"Plnohodnotn\u00e9 jedlo hotov\u00e9 za 5 min\u00fat","benefit_2":"Nekone\u010dn\u00e9 kombin\u00e1cie chut\u00ed","benefit_3":"Nakr\u00e1jan\u00e9 a marinovan\u00e9","benefit_4":"Vysok\u00fd obsah bielkov\u00edn"}},"_links":{"self":[{"href":"https:\/\/lunter.com\/sk\/wp-json\/wp\/v2\/product\/4273","targetHints":{"allow":["GET"]}}],"collection":[{"href":"https:\/\/lunter.com\/sk\/wp-json\/wp\/v2\/product"}],"about":[{"href":"https:\/\/lunter.com\/sk\/wp-json\/wp\/v2\/types\/product"}],"wp:featuredmedia":[{"embeddable":true,"href":"https:\/\/lunter.com\/sk\/wp-json\/wp\/v2\/media\/4247"}],"wp:attachment":[{"href":"https:\/\/lunter.com\/sk\/wp-json\/wp\/v2\/media?parent=4273"}],"wp:term":[{"taxonomy":"product_type","embeddable":true,"href":"https:\/\/lunter.com\/sk\/wp-json\/wp\/v2\/product_type?post=4273"}],"curies":[{"name":"wp","href":"https:\/\/api.w.org\/{rel}","templated":true}]}}