{"id":3689,"date":"2025-05-14T14:20:59","date_gmt":"2025-05-14T12:20:59","guid":{"rendered":"https:\/\/lunter.com\/products\/lunter-grillduo-marinated-tofu-smoky-bbq-soy-sauce\/"},"modified":"2025-05-14T15:29:45","modified_gmt":"2025-05-14T13:29:45","slug":"lunter-grillduo-marinated-tofu-smoky-bbq-soy-sauce","status":"publish","type":"product","link":"https:\/\/lunter.com\/sk\/produkty\/lunter-grillduo-marinated-tofu-smoky-bbq-soy-sauce\/","title":{"rendered":"GRILLDUO MARINATED TOFU SMOKY BBQ &amp; SOY SAUCE"},"content":{"rendered":"\n<p>Grilova\u010dka nikdy nebola jednoduch\u0161ia! Za\u017ei dokonal\u00e9 spojenie chut\u00ed bez k\u00faska m\u00e4sa. Na\u0161e marinovan\u00e9 tofu sta\u010d\u00ed hodi\u0165 na gril, do r\u00fary \u010di na panvicu a u\u017e o p\u00e1r min\u00fat si m\u00f4\u017ee\u0161 vychutn\u00e1va\u0165 jedine\u010dn\u00fa chu\u0165 Soy Sauce tofu, marinovan\u00e9ho v pr\u00e9miovej s\u00f3jovej om\u00e1\u010dke a umami zmesi koren\u00edn. Alebo na Smoky BBQ tofu, ktor\u00e9 sladkastej glaz\u00fare, ktor\u00e1 dod\u00e1 tvojej grilova\u010dke autentick\u00fa atmosf\u00e9ru. Obe verzie s\u00fa 100 % rastlinn\u00e9, bez cholesterolu a konzervantov, no za to nabit\u00e9 bielkovinami a v\u00e1pnikom. Minimalistick\u00e1 pr\u00edprava, maxim\u00e1lny gurm\u00e1nsky z\u00e1\u017eitok &#8211; presne to, \u010do potrebuje\u0161 na o\u017eivenie v\u0161edn\u00fdch ve\u010derov aj v\u00edkendov\u00fdch p\u00e1rty!<\/p>\n","protected":false},"featured_media":3718,"menu_order":0,"template":"","product_type":[145],"class_list":["post-3689","product","type-product","status-publish","has-post-thumbnail","hentry","product_type-multipacky-sk"],"acf":{"product_show_in_compact":"1","product_tagline":"Autentick\u00e1 chu\u0165 v ka\u017edom s\u00faste","products_weight":"2x160 g","product_ornament_type":"splash","product_ornament_color":"#b07b67","benefit_icons":["number-protein","non-gmo-soybeans","source-of-calcium"],"protein_amount":"25 g","product_details":{"ingredients":"<strong>SMOKY BBQ<\/strong>: 88 % \u00faden\u00e9 tofu (57 % s\u00f3jov\u00e9 b\u00f4by, voda, so\u013e, v\u00e1pnik), 12 % marin\u00e1da (voda, cukor, paradajkov\u00fd pretlak, jabl\u010dn\u00fd ocot, s\u00f3jov\u00e9 b\u00f4by, fermentovan\u00e1 p\u0161enica \u2013 bez glut\u00e9nu, repkov\u00fd olej, ocot kvasn\u00fd liehov\u00fd, so\u013e, 3 % hor\u010dica, cibu\u013ea, paprika, kukuri\u010dn\u00fd \u0161krob, cesnak, karamelizovan\u00fd cukor, paradajkov\u00e1 \u0161\u0165ava z koncentr\u00e1tu, jabl\u010dn\u00e1 \u0161\u0165ava z koncentr\u00e1tu, koreniny, pr\u00edrodn\u00e1 ar\u00f3ma, chilli).\r\n\r\n<strong>SOY SAUCE<\/strong>: tofu (57 % s\u00f3jov\u00e9 b\u00f4by, voda, v\u00e1pnik), 8 % marin\u00e1da (voda, fermentovan\u00e1 s\u00f3ja, fermentovan\u00e1 p\u0161enica \u2013 neobsahuje glut\u00e9n, so\u013e, cibu\u013ea, repkov\u00fd olej, cesnak, koreniny, byliny).","packaging_image":1113,"nutritional_values":"<table class=\"nutritional-table\">\r\n<tbody>\r\n<tr>\r\n<th colspan=\"4\">V\u00fd\u017eivov\u00e9 \u00fadaje na 100g<\/th>\r\n<\/tr>\r\n<tr>\r\n<td>Produkt<\/td>\r\n<td>SMOKY BBQ<\/td>\r\n<td>SOY SAUCE<\/td>\r\n<\/tr>\r\n<tr>\r\n<td>Energia<\/td>\r\n<td>580 kJ\/139 kcal<\/td>\r\n<td>573 kJ\/137 kcal<\/td>\r\n<\/tr>\r\n<tr>\r\n<td>Tuky<\/td>\r\n<td>8,1 g<\/td>\r\n<td>8.0 g<\/td>\r\n<\/tr>\r\n<tr>\r\n<td>\u2013 z toho nas\u00fdten\u00e9 mastn\u00e9 kyseliny<\/td>\r\n<td>1.6 g<\/td>\r\n<td>1.0 g<\/td>\r\n<\/tr>\r\n<tr>\r\n<td>Sacharidy<\/td>\r\n<td>2.0 g<\/td>\r\n<td>1.8 g<\/td>\r\n<\/tr>\r\n<tr>\r\n<td>\u2013 z toho cukry<\/td>\r\n<td>1.4 g<\/td>\r\n<td>&lt;0.5 g<\/td>\r\n<\/tr>\r\n<tr>\r\n<td>Vl\u00e1knina<\/td>\r\n<td>1.6 g<\/td>\r\n<td>1.0 g<\/td>\r\n<\/tr>\r\n<tr>\r\n<td>Bielkoviny<\/td>\r\n<td>14 g<\/td>\r\n<td>14 g<\/td>\r\n<\/tr>\r\n<tr>\r\n<td>So\u013e<\/td>\r\n<td>1.0 g<\/td>\r\n<td>1.0 g<\/td>\r\n<\/tr>\r\n<tr>\r\n<td>V\u00e1pnik<\/td>\r\n<td>210 mg**<\/td>\r\n<td>210 mg**<\/td>\r\n<\/tr>\r\n<\/tbody>\r\n<\/table>\r\n**26 % NRV\u00a0 ***28% NRV (NRV = referen\u010dn\u00e9 v\u00fd\u017eivov\u00e9 hodnoty)"},"product_benefits":{"benefit_image":3606,"benefit_1":"Dokonale vyv\u00e1\u017een\u00e1 chu\u0165","benefit_2":"Vyroben\u00e9 s l\u00e1skou","benefit_3":"Hotov\u00e9 za p\u00e1r min\u00fat","benefit_4":"Opekaj, griluj, zape\u010d"}},"_links":{"self":[{"href":"https:\/\/lunter.com\/sk\/wp-json\/wp\/v2\/product\/3689","targetHints":{"allow":["GET"]}}],"collection":[{"href":"https:\/\/lunter.com\/sk\/wp-json\/wp\/v2\/product"}],"about":[{"href":"https:\/\/lunter.com\/sk\/wp-json\/wp\/v2\/types\/product"}],"wp:featuredmedia":[{"embeddable":true,"href":"https:\/\/lunter.com\/sk\/wp-json\/wp\/v2\/media\/3718"}],"wp:attachment":[{"href":"https:\/\/lunter.com\/sk\/wp-json\/wp\/v2\/media?parent=3689"}],"wp:term":[{"taxonomy":"product_type","embeddable":true,"href":"https:\/\/lunter.com\/sk\/wp-json\/wp\/v2\/product_type?post=3689"}],"curies":[{"name":"wp","href":"https:\/\/api.w.org\/{rel}","templated":true}]}}