{"id":3678,"date":"2025-05-14T11:23:26","date_gmt":"2025-05-14T09:23:26","guid":{"rendered":"https:\/\/lunter.com\/products\/lunter-smoky-bbq-tofu\/"},"modified":"2026-03-31T20:39:55","modified_gmt":"2026-03-31T18:39:55","slug":"lunter-smoky-bbq-tofu","status":"publish","type":"product","link":"https:\/\/lunter.com\/sk\/produkty\/lunter-smoky-bbq-tofu\/","title":{"rendered":"TOFU MARINATED SMOKY BBQ"},"content":{"rendered":"\n<p>T\u00fa\u017ei\u0161 po poriadnej d\u00e1vke texask\u00e9ho BBQ, ale bez m\u00e4sa? Objav na\u0161e prv\u00e9 \u00faden\u00e9 tofu, ktor\u00e9 sme namarinovali v jemne zadymenej om\u00e1\u010dke s bohatou chu\u0165ou. Sta\u010d\u00ed ho hodi\u0165 na gril a za p\u00e1r min\u00fa\u0165 si vychutn\u00e1\u0161 \u0161\u0165avnat\u00fa rastlinn\u00fa dobrotu. Pln\u00e9 bielkov\u00edn, bez cholesterolu a konzervantov. S na\u0161\u00edm Lunter Smoky BBQ nebolo nikdy jednoduch\u0161ie spravi\u0165 z tofu hviezdu grilova\u010dky.<\/p>\n","protected":false},"featured_media":5713,"menu_order":0,"template":"","product_type":[174,169],"class_list":["post-3678","product","type-product","status-publish","has-post-thumbnail","hentry","product_type-marinovane","product_type-tofu-sk"],"acf":{"product_show_in_compact":"1","product_tagline":"Autentick\u00e1 chu\u0165 v ka\u017edom s\u00faste","products_weight":"180 g","product_ornament_type":"splash","product_ornament_color":"#b07b67","benefit_icons":["number-protein","non-gmo-soybeans","source-of-calcium"],"protein_amount":"25","product_details":{"ingredients":"<p class=\"p2\">88 % \u00faden\u00e9 tofu (57 % s\u00f3jov\u00e9 b\u00f4by, voda, so\u013e, v\u00e1pnik), 12 % marin\u00e1da (voda, cukor, paradajkov\u00fd pretlak, jabl\u010dn\u00fd ocot, s\u00f3jov\u00e9 b\u00f4by, fermentovan\u00e1 p\u0161enica \u2013 bez glut\u00e9nu, repkov\u00fd olej, ocot kvasn\u00fd liehov\u00fd, so\u013e, 3 % hor\u010dica, cibu\u013ea, paprika, kukuri\u010dn\u00fd \u0161krob, cesnak, karamelizovan\u00fd cukor, paradajkov\u00e1 \u0161\u0165ava z koncentr\u00e1tu, jabl\u010dn\u00e1 \u0161\u0165ava z koncentr\u00e1tu, koreniny, pr\u00edrodn\u00e1 ar\u00f3ma, chilli).<\/p>","packaging_image":1123,"nutritional_values":"<table class=\"nutritional-table\">\r\n<tbody>\r\n<tr>\r\n<th colspan=\"2\">V\u00fd\u017eivov\u00e9 \u00fadaje na 100g<\/th>\r\n<\/tr>\r\n<tr>\r\n<td>Energia<\/td>\r\n<td>580 kJ\/139 kcal<\/td>\r\n<\/tr>\r\n<tr>\r\n<td>Tuky<\/td>\r\n<td>8.1 g<\/td>\r\n<\/tr>\r\n<tr>\r\n<td>\u2013 z toho nas\u00fdten\u00e9 mastn\u00e9 kyseliny<\/td>\r\n<td>1.6 g<\/td>\r\n<\/tr>\r\n<tr>\r\n<td>Sacharidy<\/td>\r\n<td>2.0 g<\/td>\r\n<\/tr>\r\n<tr>\r\n<td>\u2013 z toho cukry<\/td>\r\n<td>1.4 g<\/td>\r\n<\/tr>\r\n<tr>\r\n<td>Vl\u00e1knina<\/td>\r\n<td>1.6 g<\/td>\r\n<\/tr>\r\n<tr>\r\n<td>Bielkoviny<\/td>\r\n<td>14 g<\/td>\r\n<\/tr>\r\n<tr>\r\n<td>So\u013e<\/td>\r\n<td>1.0 g<\/td>\r\n<\/tr>\r\n<tr>\r\n<td>V\u00e1pnik<\/td>\r\n<td>210 mg**<\/td>\r\n<\/tr>\r\n<\/tbody>\r\n<\/table>\r\n<p class=\"note\">**26 % NRV (NRV = Referen\u010dn\u00e9 v\u00fd\u017eivov\u00e9 hodnoty)<\/p>"},"product_benefits":{"benefit_image":3616,"benefit_1":"Dokonale vyv\u00e1\u017een\u00e1 chu\u0165","benefit_2":"Vyroben\u00e9 s l\u00e1skou","benefit_3":"Hotov\u00e9 za p\u00e1r min\u00fat","benefit_4":"Opekaj, griluj, zape\u010d"}},"_links":{"self":[{"href":"https:\/\/lunter.com\/sk\/wp-json\/wp\/v2\/product\/3678","targetHints":{"allow":["GET"]}}],"collection":[{"href":"https:\/\/lunter.com\/sk\/wp-json\/wp\/v2\/product"}],"about":[{"href":"https:\/\/lunter.com\/sk\/wp-json\/wp\/v2\/types\/product"}],"wp:featuredmedia":[{"embeddable":true,"href":"https:\/\/lunter.com\/sk\/wp-json\/wp\/v2\/media\/5713"}],"wp:attachment":[{"href":"https:\/\/lunter.com\/sk\/wp-json\/wp\/v2\/media?parent=3678"}],"wp:term":[{"taxonomy":"product_type","embeddable":true,"href":"https:\/\/lunter.com\/sk\/wp-json\/wp\/v2\/product_type?post=3678"}],"curies":[{"name":"wp","href":"https:\/\/api.w.org\/{rel}","templated":true}]}}