{"id":2258,"date":"2025-04-11T15:46:52","date_gmt":"2025-04-11T13:46:52","guid":{"rendered":"https:\/\/lunter.com\/products\/alu-french-spread-75\/"},"modified":"2025-04-11T15:53:17","modified_gmt":"2025-04-11T13:53:17","slug":"alu-french-spread-75","status":"publish","type":"product","link":"https:\/\/lunter.com\/sk\/produkty\/alu-french-spread-75\/","title":{"rendered":"FRANC\u00daZSKA N\u00c1TIERKA ALU"},"content":{"rendered":"<p>Franc\u00fazska je l\u00e1ska! Prv\u00e1 tofu n\u00e1tierka, ktor\u00fa sme vytvorili. Ob\u013eubu si z\u00edskala v\u010faka svojej plnej, lahodnej chuti a vysok\u00e9mu obsahu rastlinn\u00fdch bielkov\u00edn. Ide\u00e1lna do sendvi\u010dov, na snacky alebo ako dip k \u010derstvej zelenine. Chutn\u00e1, v\u00fd\u017eivn\u00e1 a od za\u010diatku ob\u013e\u00faben\u00e1 medzi na\u0161imi Lunter\u00e1kmi. V praktickom balen\u00ed, ktor\u00e9 si so sebou m\u00f4\u017ee\u0161 zobra\u0165 do pr\u00e1ce, do \u0161koly, na v\u00fdlet \u010di na piknik.<\/p>\n","protected":false},"featured_media":241,"menu_order":24,"template":"","product_type":[157],"class_list":["post-2258","product","type-product","status-publish","has-post-thumbnail","hentry","product_type-ambient-sk"],"acf":{"product_show_in_compact":"1","product_tagline":"Vezmi si ju kamko\u013evek","products_weight":"75g","product_ornament_type":"brush_thin","product_ornament_color":"#8DC5D3","benefit_icons":["source-of-fiber","no-preservatives","source-of-protein"],"protein_amount":"","product_details":{"ingredients":"31 % tofu (s\u00f3jov\u00e9 b\u00f4by, voda), voda, okara (voda, s\u00f3jov\u00e9 b\u00f4by), 8,2 % cibu\u013ea, repkov\u00fd olej, 6,4 % su\u0161en\u00e9 potravin\u00e1rske dro\u017edie (dro\u017edie, ja\u010dmenn\u00fd sladov\u00fd extrakt), modifikovan\u00fd kukuri\u010dn\u00fd \u0161krob, hor\u010dica plnotu\u010dn\u00e1 (voda, hor\u010di\u010dn\u00e9 semeno, ocot kvasn\u00fd liehov\u00fd, cukor, so\u013e, koreniny), so\u013e.","packaging_image":1053,"nutritional_values":"<table class=\"nutritional-table\"><tbody><tr><th colspan=\"2\">V\u00fd\u017eivov\u00e9 \u00fadaje na 100 g<\/th><\/tr><tr><td>Energia<\/td><td>571 kJ\/138 kcal<\/td><\/tr><tr><td>Tuky<\/td><td>9,5 g<\/td><\/tr><tr><td>\u2013 z toho nas\u00fdten\u00e9 mastn\u00e9 kyseliny<\/td><td>0,8 g<\/td><\/tr><tr><td>Sacharidy<\/td><td>4,0 g<\/td><\/tr><tr><td>\u2013 z toho cukry<\/td><td><0,5 g<\/td><\/tr><tr><td>Vl\u00e1knina<\/td><td>3,0 g<\/td><\/tr><tr><td>Bielkoviny<\/td><td>7,5 g<\/td><\/tr><tr><td>So\u013e<\/td><td>1,2 g<\/td><\/tr><\/tbody><\/table>"},"product_benefits":{"benefit_image":3491,"benefit_1":"Vyroben\u00e9 s l\u00e1skou","benefit_2":"Praktick\u00e9 balenie","benefit_3":"Dokonale vyv\u00e1\u017een\u00e1 chu\u0165","benefit_4":"Len pr\u00edrodn\u00e9 ingrediencie"}},"_links":{"self":[{"href":"https:\/\/lunter.com\/sk\/wp-json\/wp\/v2\/product\/2258","targetHints":{"allow":["GET"]}}],"collection":[{"href":"https:\/\/lunter.com\/sk\/wp-json\/wp\/v2\/product"}],"about":[{"href":"https:\/\/lunter.com\/sk\/wp-json\/wp\/v2\/types\/product"}],"wp:featuredmedia":[{"embeddable":true,"href":"https:\/\/lunter.com\/sk\/wp-json\/wp\/v2\/media\/241"}],"wp:attachment":[{"href":"https:\/\/lunter.com\/sk\/wp-json\/wp\/v2\/media?parent=2258"}],"wp:term":[{"taxonomy":"product_type","embeddable":true,"href":"https:\/\/lunter.com\/sk\/wp-json\/wp\/v2\/product_type?post=2258"}],"curies":[{"name":"wp","href":"https:\/\/api.w.org\/{rel}","templated":true}]}}