{"id":2249,"date":"2025-04-11T15:46:52","date_gmt":"2025-04-11T13:46:52","guid":{"rendered":"https:\/\/lunter.com\/products\/creme-de-tofu-140\/"},"modified":"2026-02-27T22:43:52","modified_gmt":"2026-02-27T21:43:52","slug":"creme-de-tofu-140","status":"publish","type":"product","link":"https:\/\/lunter.com\/sk\/produkty\/creme-de-tofu-140\/","title":{"rendered":"LUNTER CREME DE TOFU"},"content":{"rendered":"<p>Tvoj nov\u00fd tajn\u00fd trik v kuchyni je tu v novej, vylep\u0161enej recept\u00fare. Kr\u00e9mov\u00e9, v\u0161estrann\u00e9 a neodolate\u013ene lahodn\u00e9 &#8211; ide\u00e1lne na sladk\u00e9 aj slan\u00e9 recepty. Dokonal\u00e9 do cheesecaku, tiramisu, kr\u00e9mov\u00fdch om\u00e1\u010dok a vie\u0161 z neho vyrobi\u0165 aj zmrzlinu! Pou\u017ei ho ako z\u00e1klad do polievok, slan\u00fdch kol\u00e1\u010dov alebo si s n\u00edm vytvor \u00faplne nov\u00e9 n\u00e1tierky. Mo\u017enosti s\u00fa nekone\u010dn\u00e9! Creme de Tofu je t\u00e1 spr\u00e1vna ingrediencia pre ka\u017ed\u00e9ho, kto miluje kreat\u00edvne varenie. Vysk\u00fa\u0161aj a pozdvihni svoje recepty na nov\u00fa \u00farove\u0148!<\/p>\n","protected":false},"featured_media":5213,"template":"","product_type":[166],"class_list":["post-2249","product","type-product","status-publish","has-post-thumbnail","hentry","product_type-premium-sk"],"acf":{"product_show_in_compact":"1","product_tagline":"Lahodn\u00e1 chu\u0165 v ka\u017edom s\u00faste","products_weight":"140g","product_ornament_type":"brush_thin","product_ornament_color":"#718cc5","benefit_icons":["lactose-free","no-preservatives","gluten-free"],"protein_amount":"","product_details":{"ingredients":"s\u00f3jov\u00fd n\u00e1poj (voda, s\u00f3jov\u00e9 b\u00f4by), 27 % tofu (s\u00f3jov\u00e9 b\u00f4by, voda), repkov\u00fd olej, olej zo semien maslovn\u00edka, kukuri\u010dn\u00fd \u0161krob, stabiliz\u00e1tor: pekt\u00edn, so\u013e, koncentr\u00e1t z citr\u00f3novej \u0161\u0165avy. M\u00f4\u017ee obsahova\u0165 hor\u010dicu.","packaging_image":1048,"nutritional_values":"<table class=\"nutritional-table\">\r\n<tbody>\r\n<tr>\r\n<th colspan=\"2\">V\u00fd\u017eivov\u00e9 \u00fadaje na 100 g<\/th>\r\n<\/tr>\r\n<tr>\r\n<td>Energia<\/td>\r\n<td>791 kJ\/192 kcal<\/td>\r\n<\/tr>\r\n<tr>\r\n<td>Tuky<\/td>\r\n<td>17 g<\/td>\r\n<\/tr>\r\n<tr>\r\n<td>- z toho nas\u00fdten\u00e9 mastn\u00e9 kyseliny<\/td>\r\n<td>3,2 g<\/td>\r\n<\/tr>\r\n<tr>\r\n<td>Sacharidy<\/td>\r\n<td>1,7 g<\/td>\r\n<\/tr>\r\n<tr>\r\n<td>- z toho cukry<\/td>\r\n<td>&lt;0,5 g<\/td>\r\n<\/tr>\r\n<tr>\r\n<td>Vl\u00e1knina<\/td>\r\n<td>2,3 g<\/td>\r\n<\/tr>\r\n<tr>\r\n<td>Bielkoviny<\/td>\r\n<td>6,2 g<\/td>\r\n<\/tr>\r\n<tr>\r\n<td>So\u013e<\/td>\r\n<td>0,36 g<\/td>\r\n<\/tr>\r\n<tr>\r\n<td>Lakt\u00f3za<\/td>\r\n<td>&lt;0,01 g<\/td>\r\n<\/tr>\r\n<\/tbody>\r\n<\/table>"},"product_benefits":{"benefit_image":3486,"benefit_1":"Vyroben\u00e9 s l\u00e1skou","benefit_2":"V\u0161estrann\u00e9 vyu\u017eitie","benefit_3":"Dokonale vyv\u00e1\u017een\u00e1 chu\u0165","benefit_4":"Len pr\u00edrodn\u00e9 ingrediencie"}},"_links":{"self":[{"href":"https:\/\/lunter.com\/sk\/wp-json\/wp\/v2\/product\/2249","targetHints":{"allow":["GET"]}}],"collection":[{"href":"https:\/\/lunter.com\/sk\/wp-json\/wp\/v2\/product"}],"about":[{"href":"https:\/\/lunter.com\/sk\/wp-json\/wp\/v2\/types\/product"}],"wp:featuredmedia":[{"embeddable":true,"href":"https:\/\/lunter.com\/sk\/wp-json\/wp\/v2\/media\/5213"}],"wp:attachment":[{"href":"https:\/\/lunter.com\/sk\/wp-json\/wp\/v2\/media?parent=2249"}],"wp:term":[{"taxonomy":"product_type","embeddable":true,"href":"https:\/\/lunter.com\/sk\/wp-json\/wp\/v2\/product_type?post=2249"}],"curies":[{"name":"wp","href":"https:\/\/api.w.org\/{rel}","templated":true}]}}