{"id":2244,"date":"2025-04-11T15:46:52","date_gmt":"2025-04-11T13:46:52","guid":{"rendered":"https:\/\/lunter.com\/products\/tartar-spread-100\/"},"modified":"2025-04-11T15:53:17","modified_gmt":"2025-04-11T13:53:17","slug":"tartar-spread-100","status":"publish","type":"product","link":"https:\/\/lunter.com\/sk\/produkty\/tartar-spread-100\/","title":{"rendered":"TATAR\u00c1\u010cIK N\u00c1TIERKA"},"content":{"rendered":"<p>Bohat\u00e1, lahodn\u00e1 n\u00e1tierka pln\u00e1 bielkov\u00edn, ktor\u00fa si m\u00f4\u017ee\u0161 natrie\u0165 na chlieb, pou\u017ei\u0165 ako dip k \u010derstvej zeleniny, alebo \u0148ou vylep\u0161i\u0165 svoje ob\u013e\u00faben\u00e9 snacky. Chce\u0161 nie\u010do extra? Pou\u017ei ju ako z\u00e1klad pre r\u00fdchle om\u00e1\u010dky alebo na dochutenie jed\u00e1l.<\/p>\n","protected":false},"featured_media":509,"menu_order":10,"template":"","product_type":[186],"class_list":["post-2244","product","type-product","status-publish","has-post-thumbnail","hentry","product_type-crievka"],"acf":{"product_show_in_compact":"1","product_tagline":"Natieraj s l\u00e1skou","products_weight":"100g","product_ornament_type":"brush_thin","product_ornament_color":"#F0C1B6","benefit_icons":["source-of-fiber","no-preservatives","source-of-protein"],"protein_amount":"","product_details":{"ingredients":"sterilizovan\u00e1 zelenina (uhorky, k\u00e1pia, voda, ocot, so\u013e, cukor, koreniny), 15 % tofu (s\u00f3jov\u00e9 b\u00f4by, voda), okara (voda, s\u00f3jov\u00e9 b\u00f4by), paradajky, hor\u010dica (voda, hor\u010dica, ocot, cukor, so\u013e, koreniny), repkov\u00fd olej, voda, s\u00f3jov\u00e1 om\u00e1\u010dka (voda, s\u00f3jov\u00e9 b\u00f4by, p\u0161enica, so\u013e), p\u0161eni\u010dn\u00e1 m\u00faka, cukor, ocot, cibu\u013ea, cesnak, paprika, so\u013e, jablkov\u00e1 \u0161\u0165ava z koncentr\u00e1tu, extrakty koren\u00edn, pr\u00edrodn\u00e1 ar\u00f3ma, stabiliz\u00e1tor (pekt\u00edny)","packaging_image":1103,"nutritional_values":"<table class=\"nutritional-table\"><tbody><tr><th colspan=\"2\">V\u00fd\u017eivov\u00e9 \u00fadaje na 100 g<\/th><\/tr><tr><td>Energia<\/td><td>611 kJ\/147 kcal<\/td><\/tr><tr><td>Tuky<\/td><td>10 g<\/td><\/tr><tr><td>- z toho nasycen\u00e9 mastn\u00e9 kyseliny<\/td><td>0,7g<\/td><\/tr><tr><td>Sacharidy<\/td><td>7,5g<\/td><\/tr><tr><td>- z toho cukry<\/td><td>5,5g<\/td><\/tr><tr><td>Vl\u00e1knina<\/td><td>3,5g<\/td><\/tr><tr><td>Bielkoviny<\/td><td>5,0 g<\/td><\/tr><tr><td>So\u013e<\/td><td>1,4g<\/td><\/tr><\/tbody><\/table>"},"product_benefits":{"benefit_image":3586,"benefit_1":"Vyroben\u00e9 s l\u00e1skou","benefit_2":"Praktick\u00e9 balenie","benefit_3":"Dokonale vyv\u00e1\u017een\u00e1 chu\u0165","benefit_4":"Len pr\u00edrodn\u00e9 ingrediencie"}},"_links":{"self":[{"href":"https:\/\/lunter.com\/sk\/wp-json\/wp\/v2\/product\/2244","targetHints":{"allow":["GET"]}}],"collection":[{"href":"https:\/\/lunter.com\/sk\/wp-json\/wp\/v2\/product"}],"about":[{"href":"https:\/\/lunter.com\/sk\/wp-json\/wp\/v2\/types\/product"}],"wp:featuredmedia":[{"embeddable":true,"href":"https:\/\/lunter.com\/sk\/wp-json\/wp\/v2\/media\/509"}],"wp:attachment":[{"href":"https:\/\/lunter.com\/sk\/wp-json\/wp\/v2\/media?parent=2244"}],"wp:term":[{"taxonomy":"product_type","embeddable":true,"href":"https:\/\/lunter.com\/sk\/wp-json\/wp\/v2\/product_type?post=2244"}],"curies":[{"name":"wp","href":"https:\/\/api.w.org\/{rel}","templated":true}]}}