{"id":2235,"date":"2025-04-11T15:46:46","date_gmt":"2025-04-11T13:46:46","guid":{"rendered":"https:\/\/lunter.com\/products\/quick-creations-grain-pie-190\/"},"modified":"2026-03-04T14:57:09","modified_gmt":"2026-03-04T13:57:09","slug":"quick-creations-grain-pie-190","status":"publish","type":"product","link":"https:\/\/lunter.com\/sk\/produkty\/quick-creations-grain-pie-190\/","title":{"rendered":"QUICK CREATIONS TOFU JATERNICA"},"content":{"rendered":"<p>H\u013ead\u00e1\u0161 jedlo, ktor\u00e9 je rovnako \u0161etrn\u00e9 k plan\u00e9te ako k tvojim chu\u0165ov\u00fdm poh\u00e1rikom? Na\u0161a Lunter tofu Jaternica bude tvoje nov\u00e9 ob\u013e\u00faben\u00e9 a r\u00fdchle jedlo. Skombinovali sme s\u00fdte ja\u010dmenn\u00e9 kr\u00fapy s dokonale ochutenou zmesou z tofu. Nielen\u017ee je bohat\u00e1 na bielkoviny a m\u00e1 n\u00edzky obsah cholesterolu, ale je aj mimoriadne jednoduch\u00e1 na pr\u00edpravu. Sta\u010d\u00ed ju vlo\u017ei\u0165 do r\u00fary vyhriatej na 180 \u00b0C na 15 min\u00fat a voil\u00e0, chutn\u00e9 jedlo je pripraven\u00e9 na serv\u00edrovanie. Dopl\u0148 si ho svojou ob\u013e\u00fabenou pr\u00edlohou a m\u00e1\u0161 plnohodnotn\u00fd obed \u010di ve\u010deru. Kto by povedal, \u017ee robi\u0165 udr\u017eate\u013en\u00e9 rozhodnutia m\u00f4\u017ee by\u0165 tak\u00e9 chutn\u00e9?<\/p>\n","protected":false},"featured_media":398,"menu_order":254,"template":"","product_type":[148],"class_list":["post-2235","product","type-product","status-publish","has-post-thumbnail","hentry","product_type-quick-creations-sk"],"acf":{"product_show_in_compact":"1","product_tagline":"R\u00fdchle, jednoduch\u00e9, chutn\u00e9","products_weight":"190g","product_ornament_type":"brush_thick","product_ornament_color":"#C7C982","benefit_icons":["source-of-fiber","no-preservatives","source-of-protein"],"protein_amount":"","product_details":{"ingredients":"voda, 14 % ja\u010dmenn\u00e9 kr\u00fapy, repkov\u00fd olej, 7 % tofu (s\u00f3jov\u00e9 b\u00f4by, voda), p\u0161eni\u010dn\u00e1 bielkovina, cibu\u013ea, kukuri\u010dn\u00fd \u0161krob, cesnak, dro\u017edie, so\u013e, fermentovan\u00e1 ry\u017ea, koreniny. M\u00f4\u017ee obsahova\u0165 hor\u010dicu.","packaging_image":1143,"nutritional_values":"<table class=\"nutritional-table\">\r\n<tbody>\r\n<tr>\r\n<th colspan=\"2\">V\u00fd\u017eivov\u00e9 \u00fadaje na 100 g<\/th>\r\n<\/tr>\r\n<tr>\r\n<td>Energia<\/td>\r\n<td>671 kJ\/161 kcal<\/td>\r\n<\/tr>\r\n<tr>\r\n<td>Tuky<\/td>\r\n<td>9,1 g<\/td>\r\n<\/tr>\r\n<tr>\r\n<td>\u2013 z toho nas\u00fdten\u00e9 mastn\u00e9 kyseliny<\/td>\r\n<td>0,7 g<\/td>\r\n<\/tr>\r\n<tr>\r\n<td>Sacharidy<\/td>\r\n<td>12 g<\/td>\r\n<\/tr>\r\n<tr>\r\n<td>\u2013 z toho cukry<\/td>\r\n<td>0,5 g<\/td>\r\n<\/tr>\r\n<tr>\r\n<td>Vl\u00e1knina<\/td>\r\n<td>4,0 g<\/td>\r\n<\/tr>\r\n<tr>\r\n<td>Bielkoviny<\/td>\r\n<td>5,8 g<\/td>\r\n<\/tr>\r\n<tr>\r\n<td>So\u013e<\/td>\r\n<td>1,2 g<\/td>\r\n<\/tr>\r\n<\/tbody>\r\n<\/table>"},"product_benefits":{"benefit_image":3536,"benefit_1":"Pripraven\u00e9 za p\u00e1r min\u00fa\u0165","benefit_2":"Dokonale vyv\u00e1\u017een\u00e1 chu\u0165","benefit_3":"Vyroben\u00e9 s l\u00e1skou","benefit_4":"Len pr\u00edrodn\u00e9 ingrediencie"}},"_links":{"self":[{"href":"https:\/\/lunter.com\/sk\/wp-json\/wp\/v2\/product\/2235","targetHints":{"allow":["GET"]}}],"collection":[{"href":"https:\/\/lunter.com\/sk\/wp-json\/wp\/v2\/product"}],"about":[{"href":"https:\/\/lunter.com\/sk\/wp-json\/wp\/v2\/types\/product"}],"wp:featuredmedia":[{"embeddable":true,"href":"https:\/\/lunter.com\/sk\/wp-json\/wp\/v2\/media\/398"}],"wp:attachment":[{"href":"https:\/\/lunter.com\/sk\/wp-json\/wp\/v2\/media?parent=2235"}],"wp:term":[{"taxonomy":"product_type","embeddable":true,"href":"https:\/\/lunter.com\/sk\/wp-json\/wp\/v2\/product_type?post=2235"}],"curies":[{"name":"wp","href":"https:\/\/api.w.org\/{rel}","templated":true}]}}