{"id":2234,"date":"2025-04-11T15:46:46","date_gmt":"2025-04-11T13:46:46","guid":{"rendered":"https:\/\/lunter.com\/products\/quick-creations-bolognese-190\/"},"modified":"2025-04-14T20:57:46","modified_gmt":"2025-04-14T18:57:46","slug":"quick-creations-bolognese-190","status":"publish","type":"product","link":"https:\/\/lunter.com\/sk\/produkty\/quick-creations-bolognese-190\/","title":{"rendered":"QUICK CREATIONS TOFU BOLONSK\u00c1"},"content":{"rendered":"<p>T\u00fa\u017ei\u0161 po bohatej chuti klasickej Bolonskej, ale chce\u0161 \u010disto rastlinn\u00fa poch\u00fa\u0165ku? Na\u0161a Lunter Bolonsk\u00e1 je tu na to, aby uspokojila tvoje chute. Vyroben\u00e1 z kvalitn\u00fdch rasltinn\u00fdch ingredienci\u00ed prin\u00e1\u0161a upokojuj\u00face chute klasick\u00e9ho talianskeho jedla. \u010ci ju zmie\u0161a\u0161 s ob\u013e\u00faben\u00fdmi cestovinami, navrstv\u00ed\u0161 medzi lasagne, alebo pou\u017eije\u0161 ako z\u00e1klad na pizzu \u010di sot\u00e9, Bolonsk\u00e1 je rovnako v\u0161estrann\u00e1 ako tvoja predstavivos\u0165.<\/p>\n","protected":false},"featured_media":383,"template":"","product_type":[148],"class_list":["post-2234","product","type-product","status-publish","has-post-thumbnail","hentry","product_type-quick-creations-sk"],"acf":{"product_show_in_compact":"1","product_tagline":"R\u00fdchle, jednoduch\u00e9, chutn\u00e9","products_weight":"190g","product_ornament_type":"brush_thick","product_ornament_color":"#CB7B78","benefit_icons":["source-of-fiber","gluten-free","source-of-protein"],"protein_amount":"","product_details":{"ingredients":"voda, 26 % tofu (s\u00f3jov\u00e9 b\u00f4by, voda), 13 % paradajky, cibu\u013ea, repkov\u00fd olej, cukor, cesnak, so\u013e, s\u00f3jov\u00e9 b\u00f4by, fermentovan\u00e1 p\u0161enica \u2013 neobsahuje glut\u00e9n, \u0161krob, koreniny, byliny, extrakt korenia. M\u00f4\u017ee obsahova\u0165 hor\u010dicu.","packaging_image":1083,"nutritional_values":"<table class=\"nutritional-table\">\r\n<tbody>\r\n<tr>\r\n<th colspan=\"2\">V\u00fd\u017eivov\u00e9 \u00fadaje na 100 g<\/th>\r\n<\/tr>\r\n<tr>\r\n<td>Energia<\/td>\r\n<td>438 kJ\/105 kcal<\/td>\r\n<\/tr>\r\n<tr>\r\n<td>Tuky<\/td>\r\n<td>4,9g<\/td>\r\n<\/tr>\r\n<tr>\r\n<td>\u2013 z toho nas\u00fdten\u00e9 mastn\u00e9 kyseliny<\/td>\r\n<td>0,4g<\/td>\r\n<\/tr>\r\n<tr>\r\n<td>Sacharidy<\/td>\r\n<td>7,5g<\/td>\r\n<\/tr>\r\n<tr>\r\n<td>\u2013 z toho cukry<\/td>\r\n<td>6,6g<\/td>\r\n<\/tr>\r\n<tr>\r\n<td>Vl\u00e1knina<\/td>\r\n<td>4,7g<\/td>\r\n<\/tr>\r\n<tr>\r\n<td>Bielkoviny<\/td>\r\n<td>5,4g<\/td>\r\n<\/tr>\r\n<tr>\r\n<td>So\u013e<\/td>\r\n<td>1,3g<\/td>\r\n<\/tr>\r\n<\/tbody>\r\n<\/table>"},"product_benefits":{"benefit_image":3526,"benefit_1":"Pripraven\u00e9 za p\u00e1r min\u00fa\u0165","benefit_2":"Dokonale vyv\u00e1\u017een\u00e1 chu\u0165","benefit_3":"Vyroben\u00e9 s l\u00e1skou","benefit_4":"Len pr\u00edrodn\u00e9 ingrediencie"}},"_links":{"self":[{"href":"https:\/\/lunter.com\/sk\/wp-json\/wp\/v2\/product\/2234","targetHints":{"allow":["GET"]}}],"collection":[{"href":"https:\/\/lunter.com\/sk\/wp-json\/wp\/v2\/product"}],"about":[{"href":"https:\/\/lunter.com\/sk\/wp-json\/wp\/v2\/types\/product"}],"wp:featuredmedia":[{"embeddable":true,"href":"https:\/\/lunter.com\/sk\/wp-json\/wp\/v2\/media\/383"}],"wp:attachment":[{"href":"https:\/\/lunter.com\/sk\/wp-json\/wp\/v2\/media?parent=2234"}],"wp:term":[{"taxonomy":"product_type","embeddable":true,"href":"https:\/\/lunter.com\/sk\/wp-json\/wp\/v2\/product_type?post=2234"}],"curies":[{"name":"wp","href":"https:\/\/api.w.org\/{rel}","templated":true}]}}