{"id":2233,"date":"2025-04-11T15:46:46","date_gmt":"2025-04-11T13:46:46","guid":{"rendered":"https:\/\/lunter.com\/products\/quick-creations-no-egg-190\/"},"modified":"2025-04-11T15:53:09","modified_gmt":"2025-04-11T13:53:09","slug":"quick-creations-no-egg-190","status":"publish","type":"product","link":"https:\/\/lunter.com\/sk\/produkty\/quick-creations-no-egg-190\/","title":{"rendered":"QUICK CREATIONS TOFU PRA\u017dENICA S CIBU\u013dKOU"},"content":{"rendered":"<p>Od\u0161tartuj r\u00e1no ra\u0148ajkami, ktor\u00e9 s\u00fa rovnako dynamick\u00e9 ako tvoj de\u0148. Lunter Tofu Pra\u017eenica je pripraven\u00e1 vytvori\u0165 plnohodnot\u00e9 a chutn\u00e9 jedlo s minim\u00e1lnou n\u00e1mahou. Vyroben\u00e1 z n\u00e1\u0161ho tofu, dokonale vychuten\u00e1, prin\u00e1\u0161aj\u00faca zn\u00e1mu ob\u013e\u00faben\u00fa chu\u0165, ale bez vajec. Ale pre\u010do sa zastavi\u0165 len pri ra\u0148ajk\u00e1ch, ke\u010f sa m\u00f4\u017ee\u0161 pripravi\u0165 na v\u0161etky kulin\u00e1rske dobrodru\u017estv\u00e1? Zaba\u013e ju do tortilly pre prote\u00ednom nabit\u00fd wrap, pridaj ju k opekanej ry\u017ei, alebo ako vrstvu do slan\u00e9ho kol\u00e1\u010da, z ktor\u00e9ho si ka\u017ed\u00fd vyp\u00fdta aj dup\u013eu. Mo\u017enosti s\u00fa nekone\u010dn\u00e9 &#8211; rovnako ako tvoja predstavivos\u0165.<\/p>\n","protected":false},"featured_media":418,"template":"","product_type":[148],"class_list":["post-2233","product","type-product","status-publish","has-post-thumbnail","hentry","product_type-quick-creations-sk"],"acf":{"product_show_in_compact":"1","product_tagline":"R\u00fdchle, jednoduch\u00e9, chutn\u00e9","products_weight":"190g","product_ornament_type":"brush_thick","product_ornament_color":"#F8D277","benefit_icons":["source-of-fiber","gluten-free","source-of-protein"],"protein_amount":"","product_details":{"ingredients":"51 % tofu (s\u00f3jov\u00e9 b\u00f4by, voda), s\u00f3jov\u00fd n\u00e1poj (voda, s\u00f3jov\u00e9 b\u00f4by), 9 % cibu\u013ea, okara (voda, s\u00f3jov\u00e9 b\u00f4by), repkov\u00fd olej, su\u0161en\u00e9 potravin\u00e1rske dro\u017edie, so\u013e, 0,4 % su\u0161en\u00e1 cibu\u013ea, kukuri\u010dn\u00fd \u0161krob, cesnakov\u00fd pr\u00e1\u0161ok, koreniny. M\u00f4\u017ee obsahova\u0165 hor\u010dicu.","packaging_image":1148,"nutritional_values":"<table class=\"nutritional-table\"><tbody><tr><th colspan=\"2\">V\u00fd\u017eivov\u00e9 \u00fadaje na 100 g<\/th><\/tr><tr><td>Energia<\/td><td>610 kJ\/147 kcal<\/td><\/tr><tr><td>Tuky<\/td><td>9,6 g<\/td><\/tr><tr><td>\u2013 z toho nas\u00fdten\u00e9 mastn\u00e9 kyseliny<\/td><td>0,7 g<\/td><\/tr><tr><td>Sacharidy<\/td><td>1,9 g<\/td><\/tr><tr><td>\u2013 z toho cukry<\/td><td><0,5 g<\/td><\/tr><tr><td>Vl\u00e1knina<\/td><td>2,3 g<\/td><\/tr><tr><td>Bielkoviny<\/td><td>12 g<\/td><\/tr><tr><td>So\u013e<\/td><td>1,0 g<\/td><\/tr><\/tbody><\/table>"},"product_benefits":{"benefit_image":3541,"benefit_1":"Pripraven\u00e9 za p\u00e1r min\u00fa\u0165","benefit_2":"Dokonale vyv\u00e1\u017een\u00e1 chu\u0165","benefit_3":"Vyroben\u00e9 s l\u00e1skou","benefit_4":"Len pr\u00edrodn\u00e9 ingrediencie"}},"_links":{"self":[{"href":"https:\/\/lunter.com\/sk\/wp-json\/wp\/v2\/product\/2233","targetHints":{"allow":["GET"]}}],"collection":[{"href":"https:\/\/lunter.com\/sk\/wp-json\/wp\/v2\/product"}],"about":[{"href":"https:\/\/lunter.com\/sk\/wp-json\/wp\/v2\/types\/product"}],"wp:featuredmedia":[{"embeddable":true,"href":"https:\/\/lunter.com\/sk\/wp-json\/wp\/v2\/media\/418"}],"wp:attachment":[{"href":"https:\/\/lunter.com\/sk\/wp-json\/wp\/v2\/media?parent=2233"}],"wp:term":[{"taxonomy":"product_type","embeddable":true,"href":"https:\/\/lunter.com\/sk\/wp-json\/wp\/v2\/product_type?post=2233"}],"curies":[{"name":"wp","href":"https:\/\/api.w.org\/{rel}","templated":true}]}}