{"id":2227,"date":"2026-04-01T00:00:00","date_gmt":"2026-03-31T22:00:00","guid":{"rendered":"https:\/\/lunter.com\/products\/tofu-marinated-sweet-chilli-180\/"},"modified":"2026-03-31T20:35:12","modified_gmt":"2026-03-31T18:35:12","slug":"tofu-marinated-sweet-chilli-180","status":"publish","type":"product","link":"https:\/\/lunter.com\/sk\/produkty\/tofu-marinated-sweet-chilli-180\/","title":{"rendered":"MARINOVAN\u00c9 SWEET CHILLI TOFU"},"content":{"rendered":"<p>Thajsko je nov\u00e9 Chorv\u00e1tsko! A ke\u010f sn\u00edva\u0161 o dovolenke na \u010falekom v\u00fdchode, ale si doma, na\u0161e Sweet Chilli tofu ti prinesie \u017eiv\u00e9 chute priamo do tvojej kuchyne. Marinovan\u00e9 v dokonale vyv\u00e1\u017eenej sladko-pikantnej om\u00e1\u010dke, pripraven\u00e9 vychuti\u0165 tvoje stir-fry, wrapy, \u010di Pad Thai za p\u00e1r min\u00fat. V lete je zas skvelou vo\u013ebou na gril. Je 100 % rastlinn\u00e9, bez cholesterolu, pln\u00e9 prote\u00ednu a vyroben\u00e9 z eur\u00f3pskej s\u00f3je bez GMO. R\u00fdchle na pr\u00edpravu, v\u00fd\u017eivn\u00e9, chutn\u00e9 a \u0161etrn\u00e9 k plan\u00e9te &#8211; \u010do viac si pria\u0165?<\/p>\n","protected":false},"featured_media":5707,"template":"","product_type":[174],"class_list":["post-2227","product","type-product","status-publish","has-post-thumbnail","hentry","product_type-marinovane"],"acf":{"product_show_in_compact":"1","product_tagline":"Autentick\u00e1 chu\u0165 v ka\u017edom s\u00faste","products_weight":"180g","product_ornament_type":"splash","product_ornament_color":"#E77E53","benefit_icons":["number-protein","non-gmo-soybeans","source-of-calcium"],"protein_amount":"23","product_details":{"ingredients":"88 % tofu (57 % s\u00f3jov\u00e9 b\u00f4by, voda, v\u00e1pnik), 12 % marin\u00e1da [voda, repkov\u00fd olej, cukor, so\u013e, pr\u00edrodn\u00e9 ar\u00f3my, koreniny (z\u00e1zvor, 1 % \u010dili), su\u0161en\u00e1 zelenina (cibu\u013ea, cesnak, paradajky), extrakty koren\u00edn, kukuri\u010dn\u00fd \u0161krob]","packaging_image":1113,"nutritional_values":"<table class=\"nutritional-table\">\r\n<tbody>\r\n<tr>\r\n<th colspan=\"2\">V\u00fd\u017eivov\u00e9 \u00fadaje na 100g<\/th>\r\n<\/tr>\r\n<tr>\r\n<td>Energia<\/td>\r\n<td>620 kJ\/149 kcal<\/td>\r\n<\/tr>\r\n<tr>\r\n<td>Tuky<\/td>\r\n<td>8,5 g<\/td>\r\n<\/tr>\r\n<tr>\r\n<td>\u2013 z toho nas\u00fdten\u00e9 mastn\u00e9 kyseliny<\/td>\r\n<td>1,0 g<\/td>\r\n<\/tr>\r\n<tr>\r\n<td>Sacharidy<\/td>\r\n<td>4,0 g<\/td>\r\n<\/tr>\r\n<tr>\r\n<td>\u2013 z toho cukry<\/td>\r\n<td>2,0 g<\/td>\r\n<\/tr>\r\n<tr>\r\n<td>Vl\u00e1knina<\/td>\r\n<td>2,0 g<\/td>\r\n<\/tr>\r\n<tr>\r\n<td>Bielkoviny<\/td>\r\n<td>13 g<\/td>\r\n<\/tr>\r\n<tr>\r\n<td>So\u013e<\/td>\r\n<td>1,5 g<\/td>\r\n<\/tr>\r\n<tr>\r\n<td>V\u00e1pnik<\/td>\r\n<td>210 mg**<\/td>\r\n<\/tr>\r\n<\/tbody>\r\n<\/table>\r\n<p class=\"note\">**26 % NRV (NRV = referen\u010dn\u00e9 v\u00fd\u017eivov\u00e9 hodnoty)<\/p>"},"product_benefits":{"benefit_image":3601,"benefit_1":"Dokonale vyv\u00e1\u017een\u00e1 chu\u0165","benefit_2":"Vyroben\u00e9 s l\u00e1skou","benefit_3":"Hotov\u00e9 za p\u00e1r min\u00fat","benefit_4":"Opekaj, griluj, zape\u010d"}},"_links":{"self":[{"href":"https:\/\/lunter.com\/sk\/wp-json\/wp\/v2\/product\/2227","targetHints":{"allow":["GET"]}}],"collection":[{"href":"https:\/\/lunter.com\/sk\/wp-json\/wp\/v2\/product"}],"about":[{"href":"https:\/\/lunter.com\/sk\/wp-json\/wp\/v2\/types\/product"}],"wp:featuredmedia":[{"embeddable":true,"href":"https:\/\/lunter.com\/sk\/wp-json\/wp\/v2\/media\/5707"}],"wp:attachment":[{"href":"https:\/\/lunter.com\/sk\/wp-json\/wp\/v2\/media?parent=2227"}],"wp:term":[{"taxonomy":"product_type","embeddable":true,"href":"https:\/\/lunter.com\/sk\/wp-json\/wp\/v2\/product_type?post=2227"}],"curies":[{"name":"wp","href":"https:\/\/api.w.org\/{rel}","templated":true}]}}