{"id":2223,"date":"2025-04-11T15:46:46","date_gmt":"2025-04-11T13:46:46","guid":{"rendered":"https:\/\/lunter.com\/products\/tofu-marinated-soy-sauce-180\/"},"modified":"2025-05-16T15:02:33","modified_gmt":"2025-05-16T13:02:33","slug":"tofu-marinated-soy-sauce-180","status":"publish","type":"product","link":"https:\/\/lunter.com\/sk\/produkty\/tofu-marinated-soy-sauce-180\/","title":{"rendered":"MARINOVAN\u00c9 TOFU V S\u00d3JOVEJ OM\u00c1\u010cKE"},"content":{"rendered":"<p>U\u017e \u0165a nebav\u00ed \u010daka\u0165 hodiny, dok\u00fdm sa chute nespoja a nepresiaknu dovn\u00fatra? Objav Lunter tofu Marinated, dokonale namarinovan\u00e9 a zape\u010den\u00e9 v kvalitnej s\u00f3jovej om\u00e1\u010dke, bez kompromisov v chuti. U\u017e \u017eiadne dlh\u00e9 marinovanie &#8211; sta\u010d\u00ed ho hodi\u0165 na panvicu, do r\u00fary, \u010di na gril a za p\u00e1r min\u00fat m\u00e1\u0161 hotov\u00e9 plnohodnotn\u00e9 jedlo. Jemne slan\u00e9, pr\u00edjemne umami, s kr\u00e1sne vyv\u00e1\u017eenou chu\u0165ou, ktor\u00e1 sa hod\u00ed ku akejko\u013evek pr\u00edlohe, nielen do \u00e1zijskych jed\u00e1l. Pln\u00e9 rastlinn\u00e9ho prote\u00ednu, bez cholesterolu, 100 % rastlinn\u00e9. Minimum n\u00e1mahy, maximum chuti.<\/p>\n","protected":false},"featured_media":544,"menu_order":34,"template":"","product_type":[174],"class_list":["post-2223","product","type-product","status-publish","has-post-thumbnail","hentry","product_type-marinovane"],"acf":{"product_show_in_compact":"1","product_tagline":"Autentick\u00e1 chu\u0165 v ka\u017edom s\u00faste","products_weight":"160g \/ 180g","product_ornament_type":"splash","product_ornament_color":"#BF7B9C","benefit_icons":["number-protein","non-gmo-soybeans","source-of-calcium"],"protein_amount":"25","product_details":{"ingredients":"tofu (57 % s\u00f3jov\u00e9 b\u00f4by, voda, v\u00e1pnik), 8 % marin\u00e1da (voda, fermentovan\u00e1 s\u00f3ja, fermentovan\u00e1 p\u0161enica \u2013 neobsahuje glut\u00e9n, so\u013e, cibu\u013ea, repkov\u00fd olej, cesnak, koreniny, byliny)","packaging_image":1178,"nutritional_values":"<table class=\"nutritional-table\">\r\n<tbody>\r\n<tr>\r\n<th colspan=\"2\">V\u00fd\u017eivov\u00e9 \u00fadaje na 100g<\/th>\r\n<\/tr>\r\n<tr>\r\n<td>Energia<\/td>\r\n<td>573 kJ\/137 kcal<\/td>\r\n<\/tr>\r\n<tr>\r\n<td>Tuky<\/td>\r\n<td>8,0 g<\/td>\r\n<\/tr>\r\n<tr>\r\n<td>\u2013 z toho nas\u00fdten\u00e9 mastn\u00e9 kyseliny<\/td>\r\n<td>1,0 g<\/td>\r\n<\/tr>\r\n<tr>\r\n<td>Sacharidy<\/td>\r\n<td>1,8 g<\/td>\r\n<\/tr>\r\n<tr>\r\n<td>\u2013 z toho cukry<\/td>\r\n<td>&lt;0,5 g<\/td>\r\n<\/tr>\r\n<tr>\r\n<td>Vl\u00e1knina<\/td>\r\n<td>1,0 g<\/td>\r\n<\/tr>\r\n<tr>\r\n<td>Bielkoviny<\/td>\r\n<td>14 g<\/td>\r\n<\/tr>\r\n<tr>\r\n<td>So\u013e<\/td>\r\n<td>1,0 g<\/td>\r\n<\/tr>\r\n<tr>\r\n<td>V\u00e1pnik<\/td>\r\n<td>220 mg**<\/td>\r\n<\/tr>\r\n<\/tbody>\r\n<\/table>\r\n<p class=\"note\">**28 % NRV (NRV = referen\u010dn\u00e9 v\u00fd\u017eivov\u00e9 hodnoty)<\/p>"},"product_benefits":{"benefit_image":3596,"benefit_1":"Dokonale vyv\u00e1\u017een\u00e1 chu\u0165","benefit_2":"Vyroben\u00e9 s l\u00e1skou","benefit_3":"Hotov\u00e9 za p\u00e1r min\u00fat","benefit_4":"Opekaj, griluj, zape\u010d"}},"_links":{"self":[{"href":"https:\/\/lunter.com\/sk\/wp-json\/wp\/v2\/product\/2223","targetHints":{"allow":["GET"]}}],"collection":[{"href":"https:\/\/lunter.com\/sk\/wp-json\/wp\/v2\/product"}],"about":[{"href":"https:\/\/lunter.com\/sk\/wp-json\/wp\/v2\/types\/product"}],"wp:featuredmedia":[{"embeddable":true,"href":"https:\/\/lunter.com\/sk\/wp-json\/wp\/v2\/media\/544"}],"wp:attachment":[{"href":"https:\/\/lunter.com\/sk\/wp-json\/wp\/v2\/media?parent=2223"}],"wp:term":[{"taxonomy":"product_type","embeddable":true,"href":"https:\/\/lunter.com\/sk\/wp-json\/wp\/v2\/product_type?post=2223"}],"curies":[{"name":"wp","href":"https:\/\/api.w.org\/{rel}","templated":true}]}}