{"id":2221,"date":"2025-04-11T15:46:46","date_gmt":"2025-04-11T13:46:46","guid":{"rendered":"https:\/\/lunter.com\/products\/tofu-smoked-180\/"},"modified":"2025-05-16T15:05:32","modified_gmt":"2025-05-16T13:05:32","slug":"tofu-smoked-180","status":"publish","type":"product","link":"https:\/\/lunter.com\/sk\/produkty\/tofu-smoked-180\/","title":{"rendered":"\u00daDEN\u00c9 TOFU"},"content":{"rendered":"<p>T\u00fa\u017ei\u0161 po bohatej, dymovej chuti, no bez umel\u00fdch ar\u00f3m? Lunter tofu Smoked je tu pre teba. Poctivo \u00faden\u00e9 na bukovom dreve, \u017eiadne skratky, \u017eiadne zbyto\u010dnosti. \u010ci u\u017e si v kuchyni tofu za\u010diatno\u010dn\u00edk, alebo pokro\u010dil\u00fd gurm\u00e1n, sta\u010d\u00ed ho otvori\u0165 a pou\u017ei\u0165 ako do teplej, tak do studenej kuchyne. R\u00fdchla pr\u00edprava a r\u00f4zne sp\u00f4soby vyu\u017eitia. M\u00f4\u017ee\u0161 ho napl\u00e1tkova\u0165 do sendvi\u010da, nadrvi\u0165 do chilli sin carne, naktrha\u0165 do kari, \u010di nakr\u00e1ja\u0165 a obali\u0165 v str\u00fahanke. Obohat\u00ed tvoje jedlo o prote\u00edn, neobsahuje cholesterol a je 100 % rastlinn\u00e9. R\u00fdchle, jednoduch\u00e9 a v\u017edy pripraven\u00e9 zachr\u00e1ni\u0165 tvoj hlad.<\/p>\n","protected":false},"featured_media":594,"template":"","product_type":[182],"class_list":["post-2221","product","type-product","status-publish","has-post-thumbnail","hentry","product_type-tradicne"],"acf":{"product_show_in_compact":"1","product_tagline":"Poctivo \u00faden\u00e9 na bukovom dreve","products_weight":"160g \/ 180g","product_ornament_type":"cube","product_ornament_color":"#B07B67","benefit_icons":["number-protein","non-gmo-soybeans","source-of-calcium"],"protein_amount":"27","product_details":{"ingredients":"57 % s\u00f3jov\u00e9 b\u00f4by, voda, so\u013e, v\u00e1pnik; dym z bukov\u00e9ho dreva","packaging_image":1123,"nutritional_values":"<table class=\"nutritional-table\">\r\n<tbody>\r\n<tr>\r\n<th colspan=\"2\">V\u00fd\u017eivov\u00e9 \u00fadaje na 100g<\/th>\r\n<\/tr>\r\n<tr>\r\n<td>Energia<\/td>\r\n<td>610 kJ\/146 kcal<\/td>\r\n<\/tr>\r\n<tr>\r\n<td>Tuky<\/td>\r\n<td>8,5 g<\/td>\r\n<\/tr>\r\n<tr>\r\n<td>\u2013 z toho nas\u00fdten\u00e9 mastn\u00e9 kyseliny<\/td>\r\n<td>1,3 g<\/td>\r\n<\/tr>\r\n<tr>\r\n<td>Sacharidy<\/td>\r\n<td>1,9 g<\/td>\r\n<\/tr>\r\n<tr>\r\n<td>\u2013 z toho cukry<\/td>\r\n<td>0,5 g<\/td>\r\n<\/tr>\r\n<tr>\r\n<td>Vl\u00e1knina<\/td>\r\n<td>1,0 g<\/td>\r\n<\/tr>\r\n<tr>\r\n<td>Bielkoviny<\/td>\r\n<td>15 g<\/td>\r\n<\/tr>\r\n<tr>\r\n<td>So\u013e<\/td>\r\n<td>0,90 g<\/td>\r\n<\/tr>\r\n<tr>\r\n<td>V\u00e1pnik<\/td>\r\n<td>220 mg**<\/td>\r\n<\/tr>\r\n<\/tbody>\r\n<\/table>\r\n<p class=\"note\">**28 % NRV (NRV = referen\u010dn\u00e9 v\u00fd\u017eivov\u00e9 hodnoty)<\/p>"},"product_benefits":{"benefit_image":3616,"benefit_1":"Tradi\u010dn\u00fd sp\u00f4sob v\u00fdroby","benefit_2":"Vyroben\u00e9 na Slovensku","benefit_3":"Popusti uzdu svojej kreativite","benefit_4":"\u010cist\u00e9 & kvalitn\u00e9 ingrediencie"}},"_links":{"self":[{"href":"https:\/\/lunter.com\/sk\/wp-json\/wp\/v2\/product\/2221","targetHints":{"allow":["GET"]}}],"collection":[{"href":"https:\/\/lunter.com\/sk\/wp-json\/wp\/v2\/product"}],"about":[{"href":"https:\/\/lunter.com\/sk\/wp-json\/wp\/v2\/types\/product"}],"wp:featuredmedia":[{"embeddable":true,"href":"https:\/\/lunter.com\/sk\/wp-json\/wp\/v2\/media\/594"}],"wp:attachment":[{"href":"https:\/\/lunter.com\/sk\/wp-json\/wp\/v2\/media?parent=2221"}],"wp:term":[{"taxonomy":"product_type","embeddable":true,"href":"https:\/\/lunter.com\/sk\/wp-json\/wp\/v2\/product_type?post=2221"}],"curies":[{"name":"wp","href":"https:\/\/api.w.org\/{rel}","templated":true}]}}