{"id":2219,"date":"2025-04-11T15:46:46","date_gmt":"2025-04-11T13:46:46","guid":{"rendered":"https:\/\/lunter.com\/products\/tofu-natural-180\/"},"modified":"2025-05-16T15:04:46","modified_gmt":"2025-05-16T13:04:46","slug":"tofu-natural-180","status":"publish","type":"product","link":"https:\/\/lunter.com\/sk\/produkty\/tofu-natural-180\/","title":{"rendered":"NATUR\u00c1LNE TOFU"},"content":{"rendered":"<p>Si tofu za\u010diato\u010dn\u00edk a nevie\u0161 si vybra\u0165, ak\u00fdm receptom za\u010dne\u0161? Potom je Lunter tofu Natural pre teba ide\u00e1lnou vo\u013ebou! Je \u010dist\u00e9, jednoduch\u00e9 a bez zbyto\u010dnost\u00ed. Pripraven\u00e9 na v\u0161etko, \u010do si v kuchyni vymysl\u00ed\u0161. Chce\u0161 ho marinova\u0165, grilova\u0165, mixova\u0165 do smoothie alebo prida\u0165 do kol\u00e1\u010da? \u017diadny probl\u00e9m. M\u00e1 neutr\u00e1lnu chu\u0165, ktor\u00e1 sa prisp\u00f4sob\u00ed ka\u017ed\u00e9mu receptu. Bohat\u00e9 na prote\u00edn, \u013eahk\u00e9 na tr\u00e1venie, 100 % rastlinn\u00e9. Sta\u010d\u00ed otvori\u0165 a pusti\u0165 sa do varenia. Jedin\u00fd limit je tvoja kreativita.<\/p>\n","protected":false},"featured_media":579,"template":"","product_type":[182],"class_list":["post-2219","product","type-product","status-publish","has-post-thumbnail","hentry","product_type-tradicne"],"acf":{"product_show_in_compact":"1","product_tagline":"Klasika, ktor\u00fa si ka\u017ed\u00fd zamiluje","products_weight":"160g \/ 180g","product_ornament_type":"cube","product_ornament_color":"#F5B967","benefit_icons":["number-protein","non-gmo-soybeans","source-of-calcium"],"protein_amount":"27","product_details":{"ingredients":"57 % s\u00f3jov\u00e9 b\u00f4by, voda, v\u00e1pnik","packaging_image":1118,"nutritional_values":"<table class=\"nutritional-table\">\r\n<tbody>\r\n<tr>\r\n<th colspan=\"2\">V\u00fd\u017eivov\u00e9 \u00fadaje na 100g<\/th>\r\n<\/tr>\r\n<tr>\r\n<td>Energia<\/td>\r\n<td>608 kJ\/146 kcal<\/td>\r\n<\/tr>\r\n<tr>\r\n<td>Tuky<\/td>\r\n<td>8,5 g<\/td>\r\n<\/tr>\r\n<tr>\r\n<td>\u2013 z toho nas\u00fdten\u00e9 mastn\u00e9 kyseliny<\/td>\r\n<td>1,3 g<\/td>\r\n<\/tr>\r\n<tr>\r\n<td>Sacharidy<\/td>\r\n<td>1,8 g<\/td>\r\n<\/tr>\r\n<tr>\r\n<td>\u2013 z toho cukry<\/td>\r\n<td>0,5 g<\/td>\r\n<\/tr>\r\n<tr>\r\n<td>Vl\u00e1knina<\/td>\r\n<td>1,0 g<\/td>\r\n<\/tr>\r\n<tr>\r\n<td>Bielkoviny<\/td>\r\n<td>15 g<\/td>\r\n<\/tr>\r\n<tr>\r\n<td>So\u013e<\/td>\r\n<td>0,03 g<\/td>\r\n<\/tr>\r\n<tr>\r\n<td>V\u00e1pnik<\/td>\r\n<td>210 mg**<\/td>\r\n<\/tr>\r\n<\/tbody>\r\n<\/table>\r\n<p class=\"note\">**26 % NRV (NRV = referen\u010dn\u00e9 v\u00fd\u017eivov\u00e9 hodnoty)<\/p>"},"product_benefits":{"benefit_image":3611,"benefit_1":"Tradi\u010dn\u00fd sp\u00f4sob v\u00fdroby","benefit_2":"Vyroben\u00e9 na Slovensku","benefit_3":"Popusti uzdu svojej kreativite","benefit_4":"\u010cist\u00e9 & kvalitn\u00e9 ingrediencie"}},"_links":{"self":[{"href":"https:\/\/lunter.com\/sk\/wp-json\/wp\/v2\/product\/2219","targetHints":{"allow":["GET"]}}],"collection":[{"href":"https:\/\/lunter.com\/sk\/wp-json\/wp\/v2\/product"}],"about":[{"href":"https:\/\/lunter.com\/sk\/wp-json\/wp\/v2\/types\/product"}],"wp:featuredmedia":[{"embeddable":true,"href":"https:\/\/lunter.com\/sk\/wp-json\/wp\/v2\/media\/579"}],"wp:attachment":[{"href":"https:\/\/lunter.com\/sk\/wp-json\/wp\/v2\/media?parent=2219"}],"wp:term":[{"taxonomy":"product_type","embeddable":true,"href":"https:\/\/lunter.com\/sk\/wp-json\/wp\/v2\/product_type?post=2219"}],"curies":[{"name":"wp","href":"https:\/\/api.w.org\/{rel}","templated":true}]}}