{"id":5862,"date":"2026-04-23T12:08:16","date_gmt":"2026-04-23T10:08:16","guid":{"rendered":"https:\/\/lunter.com\/pravne-informacie\/"},"modified":"2026-04-23T12:09:33","modified_gmt":"2026-04-23T10:09:33","slug":"pravne-informacie","status":"publish","type":"page","link":"https:\/\/lunter.com\/sk\/pravne-informacie\/","title":{"rendered":"Pr\u00e1vne inform\u00e1cie na webov\u00fdch str\u00e1nkach"},"content":{"rendered":"\n<p class=\"has-text-align-left\">Inform\u00e1cie a zverejnenie v s\u00falade s \u00a7 5 ods. 1 z\u00e1kona \u010d. 22\/2004 Z. z. o elektronickom obchode, \u00a7 25 z\u00e1kona \u010d. 308\/2000 Z. z. o vysielan\u00ed a retransmisii, \u00a7 63 z\u00e1kona \u010d. 455\/1991 Zb. o \u017eivnostenskom podnikan\u00ed a \u00a7 14 z\u00e1kona \u010d. 513\/1991 Zb. Obchodn\u00fd z\u00e1konn\u00edk.<\/p>\n\n\n\n<h2 class=\"wp-block-heading\">Prev\u00e1dzkovate\u013e webovej str\u00e1nky<\/h2>\n\n\n\n<p><strong>The New Originals Company GmbH<\/strong><\/p>\n\n\n\n<ul class=\"wp-block-list\">\n<li>Identifika\u010dn\u00e9 \u010d\u00edslo spolo\u010dnosti: <strong>FN 597160 b<\/strong><\/li>\n\n\n\n<li>Registrovan\u00fd s\u00fad: <strong>Obchodn\u00fd s\u00fad Viede\u0148 (Commercial Court of Vienna)<\/strong><\/li>\n\n\n\n<li>S\u00eddlo: <strong>Heinrichsgasse 4\/4, 1010 Vienna, Austria<\/strong><\/li>\n\n\n\n<li>I\u010c DPH: <strong>UID ATU80415935<\/strong><\/li>\n<\/ul>\n\n\n\n<h2 class=\"wp-block-heading\">Pr\u00e1vny r\u00e1mec a relevantn\u00e9 predpisy<\/h2>\n\n\n\n<p>Zverejnen\u00e9 v s\u00falade s pr\u00e1vnymi predpismi Slovenskej republiky a pr\u00edslu\u0161n\u00fdmi pr\u00e1vnymi predpismi Eur\u00f3pskej \u00fanie, najm\u00e4:<\/p>\n\n\n\n<ul class=\"wp-block-list\">\n<li>Z\u00e1kon \u010d. 22\/2004 Z. z. o elektronickom obchode<\/li>\n\n\n\n<li>Z\u00e1kon \u010d. 308\/2000 Z. z. o vysielan\u00ed a retransmisii<\/li>\n\n\n\n<li>Z\u00e1kon \u010d. 513\/1991 Zb. Obchodn\u00fd z\u00e1konn\u00edk<\/li>\n\n\n\n<li>Z\u00e1kon \u010d. 452\/2021 Z. z. o elektronick\u00fdch komunik\u00e1ci\u00e1ch<\/li>\n\n\n\n<li>GDPR (Nariadenie (E\u00da) 2016\/679)<\/li>\n<\/ul>\n\n\n\n<h2 class=\"wp-block-heading\">Online rie\u0161enie sporov<\/h2>\n\n\n\n<p>Mo\u017enos\u0165 alternat\u00edvneho rie\u0161enia sporov prostredn\u00edctvom platformy E\u00da: <a href=\"https:\/\/ec.europa.eu\/consumers\/odr\" rel=\"nofollow noopener\" target=\"_blank\">https:\/\/ec.europa.eu\/consumers\/odr<\/a><\/p>\n\n\n\n<h2 class=\"wp-block-heading\">Autorsk\u00e9 pr\u00e1va<\/h2>\n\n\n\n<p>Obsah je chr\u00e1nen\u00fd pod\u013ea z\u00e1kona \u010d. 185\/2015 Z. z. Pou\u017eitie vy\u017eaduje p\u00edsomn\u00fd s\u00fahlas prev\u00e1dzkovate\u013ea.<\/p>\n\n\n\n<h2 class=\"wp-block-heading\">Kontaktn\u00e9 \u00fadaje<\/h2>\n\n\n\n<p>Email: <a href=\"mailto:info@neworiginals.company\">info@neworiginals.company<\/a><\/p>\n\n\n\n<h2 class=\"wp-block-heading\">Vyl\u00fa\u010denie zodpovednosti<\/h2>\n\n\n\n<p>Prev\u00e1dzkovate\u013e nezodpoved\u00e1 za obsah extern\u00fdch odkazov ani \u0161kody z pou\u017eitia inform\u00e1ci\u00ed (okrem \u00famyslu\/hrubej nedbanlivosti). Pri poru\u0161en\u00ed pr\u00e1v n\u00e1s kontaktujte \u2013 obsah odstr\u00e1nime bezodkladne.<\/p>\n","protected":false},"excerpt":{"rendered":"<p>Inform\u00e1cie a zverejnenie v s\u00falade s \u00a7 5 ods. 1 z\u00e1kona \u010d. 22\/2004 Z. z. o elektronickom obchode, \u00a7 25 z\u00e1kona \u010d. 308\/2000 Z. z. o vysielan\u00ed a retransmisii, \u00a7 63 z\u00e1kona \u010d. 455\/1991 Zb. o \u017eivnostenskom podnikan\u00ed a \u00a7 14 z\u00e1kona \u010d. 513\/1991 Zb. Obchodn\u00fd z\u00e1konn\u00edk. Prev\u00e1dzkovate\u013e webovej str\u00e1nky The New Originals Company GmbH [&hellip;]<\/p>\n","protected":false},"author":1,"featured_media":0,"parent":0,"menu_order":0,"comment_status":"closed","ping_status":"closed","template":"templates\/template-imprint.php","meta":{"_acf_changed":false,"footnotes":""},"class_list":["post-5862","page","type-page","status-publish","hentry"],"acf":[],"_links":{"self":[{"href":"https:\/\/lunter.com\/sk\/wp-json\/wp\/v2\/pages\/5862","targetHints":{"allow":["GET"]}}],"collection":[{"href":"https:\/\/lunter.com\/sk\/wp-json\/wp\/v2\/pages"}],"about":[{"href":"https:\/\/lunter.com\/sk\/wp-json\/wp\/v2\/types\/page"}],"author":[{"embeddable":true,"href":"https:\/\/lunter.com\/sk\/wp-json\/wp\/v2\/users\/1"}],"replies":[{"embeddable":true,"href":"https:\/\/lunter.com\/sk\/wp-json\/wp\/v2\/comments?post=5862"}],"version-history":[{"count":1,"href":"https:\/\/lunter.com\/sk\/wp-json\/wp\/v2\/pages\/5862\/revisions"}],"predecessor-version":[{"id":5864,"href":"https:\/\/lunter.com\/sk\/wp-json\/wp\/v2\/pages\/5862\/revisions\/5864"}],"wp:attachment":[{"href":"https:\/\/lunter.com\/sk\/wp-json\/wp\/v2\/media?parent=5862"}],"curies":[{"name":"wp","href":"https:\/\/api.w.org\/{rel}","templated":true}]}}