{"id":3116,"date":"2025-04-15T17:18:38","date_gmt":"2025-04-15T15:18:38","guid":{"rendered":"https:\/\/lunter.com\/ako-na-tofu\/"},"modified":"2025-05-02T13:16:51","modified_gmt":"2025-05-02T11:16:51","slug":"ako-na-tofu","status":"publish","type":"page","link":"https:\/\/lunter.com\/sk\/ako-na-tofu\/","title":{"rendered":"Tofu pre za\u010diato\u010dn\u00edkov"},"content":{"rendered":"","protected":false},"excerpt":{"rendered":"","protected":false},"author":1,"featured_media":3083,"parent":0,"menu_order":0,"comment_status":"closed","ping_status":"closed","template":"templates\/template-how-to-tofu.php","meta":{"_acf_changed":false,"footnotes":""},"class_list":["post-3116","page","type-page","status-publish","has-post-thumbnail","hentry"],"acf":[],"_links":{"self":[{"href":"https:\/\/lunter.com\/sk\/wp-json\/wp\/v2\/pages\/3116","targetHints":{"allow":["GET"]}}],"collection":[{"href":"https:\/\/lunter.com\/sk\/wp-json\/wp\/v2\/pages"}],"about":[{"href":"https:\/\/lunter.com\/sk\/wp-json\/wp\/v2\/types\/page"}],"author":[{"embeddable":true,"href":"https:\/\/lunter.com\/sk\/wp-json\/wp\/v2\/users\/1"}],"replies":[{"embeddable":true,"href":"https:\/\/lunter.com\/sk\/wp-json\/wp\/v2\/comments?post=3116"}],"version-history":[{"count":6,"href":"https:\/\/lunter.com\/sk\/wp-json\/wp\/v2\/pages\/3116\/revisions"}],"predecessor-version":[{"id":3654,"href":"https:\/\/lunter.com\/sk\/wp-json\/wp\/v2\/pages\/3116\/revisions\/3654"}],"wp:featuredmedia":[{"embeddable":true,"href":"https:\/\/lunter.com\/sk\/wp-json\/wp\/v2\/media\/3083"}],"wp:attachment":[{"href":"https:\/\/lunter.com\/sk\/wp-json\/wp\/v2\/media?parent=3116"}],"curies":[{"name":"wp","href":"https:\/\/api.w.org\/{rel}","templated":true}]}}