{"id":1465,"date":"2025-04-07T20:10:03","date_gmt":"2025-04-07T18:10:03","guid":{"rendered":"https:\/\/lunter.com\/about-us\/"},"modified":"2025-04-23T10:10:11","modified_gmt":"2025-04-23T08:10:11","slug":"o-nas","status":"publish","type":"page","link":"https:\/\/lunter.com\/sk\/o-nas\/","title":{"rendered":"O n\u00e1s"},"content":{"rendered":"\n<p>Skvel\u00e9 tofu nemus\u00ed by\u0165 \u017eiadna veda. Sta\u010dia \u010dist\u00e9 ingrediencie, dvoma tis\u00edcro\u010diami overen\u00fd postup v\u00fdroby a \u017eiadne umel\u00e9 pr\u00edsady, ktor\u00e9 nevieme vyslovi\u0165 ani my, ani ty. U\u017e viac ako 30 rokov v tom m\u00e1me jasno &#8211;\u00a0 rob\u00edme tofu tak, ako ho m\u00e1me radi: chutn\u00e9, kvalitn\u00e9 a tak\u00e9 jednoduch\u00e9, \u017ee si ho m\u00f4\u017ee\u0161 da\u0165 kedyko\u013evek a akoko\u013evek.<\/p>\n\n\n\n<p>Nez\u00e1le\u017e\u00ed na tom, \u010di tofu pozn\u00e1\u0161 roky, len \u0165a trochu zauj\u00edma, alebo si pr\u00e1ve h\u013ead\u00e1\u0161 r\u00fdchle, v\u00fd\u017eivn\u00e9 jedlo, ktor\u00e9 zvl\u00e1dne\u0161 pripravi\u0165, aj ke\u010f ti u\u017e skoro ni\u010d nezostalo v chladni\u010dke. Lunter je tu preto, aby bola pr\u00edprava jednoduch\u00e1, dostupn\u00e1 a hlavne, aby ti to chutilo. \u010cist\u00e9. Poctiv\u00e9. Vyr\u00e1ban\u00e9 s l\u00e1skou.<\/p>\n\n\n\n<p><\/p>\n","protected":false},"excerpt":{"rendered":"<p>Skvel\u00e9 tofu nemus\u00ed by\u0165 \u017eiadna veda. Sta\u010dia \u010dist\u00e9 ingrediencie, dvoma tis\u00edcro\u010diami overen\u00fd postup v\u00fdroby a \u017eiadne umel\u00e9 pr\u00edsady, ktor\u00e9 nevieme vyslovi\u0165 ani my, ani ty. U\u017e viac ako 30 rokov v tom m\u00e1me jasno &#8211;\u00a0 rob\u00edme tofu tak, ako ho m\u00e1me radi: chutn\u00e9, kvalitn\u00e9 a tak\u00e9 jednoduch\u00e9, \u017ee si ho m\u00f4\u017ee\u0161 da\u0165 kedyko\u013evek a akoko\u013evek. [&hellip;]<\/p>\n","protected":false},"author":1,"featured_media":0,"parent":0,"menu_order":0,"comment_status":"closed","ping_status":"closed","template":"templates\/template-about.php","meta":{"_acf_changed":false,"footnotes":""},"class_list":["post-1465","page","type-page","status-publish","hentry"],"acf":[],"_links":{"self":[{"href":"https:\/\/lunter.com\/sk\/wp-json\/wp\/v2\/pages\/1465","targetHints":{"allow":["GET"]}}],"collection":[{"href":"https:\/\/lunter.com\/sk\/wp-json\/wp\/v2\/pages"}],"about":[{"href":"https:\/\/lunter.com\/sk\/wp-json\/wp\/v2\/types\/page"}],"author":[{"embeddable":true,"href":"https:\/\/lunter.com\/sk\/wp-json\/wp\/v2\/users\/1"}],"replies":[{"embeddable":true,"href":"https:\/\/lunter.com\/sk\/wp-json\/wp\/v2\/comments?post=1465"}],"version-history":[{"count":6,"href":"https:\/\/lunter.com\/sk\/wp-json\/wp\/v2\/pages\/1465\/revisions"}],"predecessor-version":[{"id":3286,"href":"https:\/\/lunter.com\/sk\/wp-json\/wp\/v2\/pages\/1465\/revisions\/3286"}],"wp:attachment":[{"href":"https:\/\/lunter.com\/sk\/wp-json\/wp\/v2\/media?parent=1465"}],"curies":[{"name":"wp","href":"https:\/\/api.w.org\/{rel}","templated":true}]}}