{"id":5371,"date":"2026-04-01T00:00:00","date_gmt":"2026-03-31T22:00:00","guid":{"rendered":"https:\/\/lunter.com\/?post_type=product&#038;p=5371"},"modified":"2026-03-11T18:10:59","modified_gmt":"2026-03-11T17:10:59","slug":"grill-salad-tofu-smoked-300","status":"publish","type":"product","link":"https:\/\/lunter.com\/pl\/produkty\/grill-salad-tofu-smoked-300\/","title":{"rendered":"LUNTER GRILL &amp; SALAD TOFU SMOKED"},"content":{"rendered":"\n<p>To tofu nie potrzebuje \u017cadnego sosu. Wystarczy jeden k\u0119s jego intensywnego, w\u0119dzonego smaku, by zapad\u0142 w pami\u0119\u0107 na d\u0142ugo. Lunter Salad Tofu Smoked jest marynowane w zalewie i gotowe do jedzenia, dzi\u0119ki czemu mo\u017cesz doda\u0107 je do sa\u0142atki, kanapki lub wrapa, albo si\u0119gn\u0105\u0107 po nie jako szybk\u0105 przek\u0105sk\u0119.<\/p>\n\n\n\n<p>Sma\u017cone na patelni lub grillowane zyskuje przyjemnie spr\u0119\u017cyst\u0105 konsystencj\u0119, kt\u00f3ra mo\u017ce przypomina\u0107 ulubiony ser z grilla. Wolisz \u0142agodniejszy smak? Wystarczy na chwil\u0119 zanurzy\u0107 je w wodzie i gotowe.<\/p>\n","protected":false},"featured_media":5314,"menu_order":0,"template":"","product_type":[179],"class_list":["post-5371","product","type-product","status-publish","has-post-thumbnail","hentry","product_type-salad-tofu-pl"],"acf":{"product_show_in_compact":"1","product_tagline":"\u015awie\u017ce, lekkie i niesamowicie smaczne.","products_weight":"300","product_ornament_type":"cube","product_ornament_color":"#31cfc8","benefit_icons":["number-protein","non-gmo-soybeans","source-of-calcium"],"protein_amount":"28","product_details":{"ingredients":"77 % tofu (85 % nasiona soi, woda, wap\u0144), 23 % zalewa solna (woda, s\u00f3l), dym z drewna bukowego.","packaging_image":5302,"nutritional_values":"<table class=\"nutritional-table\">\r\n<tbody>\r\n<tr>\r\n<th colspan=\"2\">Warto\u015b\u0107 od\u017cywcza na 100 g<\/th>\r\n<\/tr>\r\n<tr>\r\n<td>Warto\u015b\u0107 energetyczna<\/td>\r\n<td>498 kJ\/120 kcal<\/td>\r\n<\/tr>\r\n<tr>\r\n<td>T\u0142uszcz<\/td>\r\n<td>7,6 g<\/td>\r\n<\/tr>\r\n<tr>\r\n<td>- w tym kwasy t\u0142uszczowe nasycone<\/td>\r\n<td>1,1 g<\/td>\r\n<\/tr>\r\n<tr>\r\n<td>W\u0119glowodany<\/td>\r\n<td>0,5 g<\/td>\r\n<\/tr>\r\n<tr>\r\n<td>- w tym cukry<\/td>\r\n<td>&lt;0,5 g<\/td>\r\n<\/tr>\r\n<tr>\r\n<td>Bia\u0142ko<\/td>\r\n<td>12 g<\/td>\r\n<\/tr>\r\n<tr>\r\n<td>B\u0142onnik<\/td>\r\n<td>1,7 g<\/td>\r\n<\/tr>\r\n<tr>\r\n<td>S\u00f3l<\/td>\r\n<td>2,0 g<\/td>\r\n<\/tr>\r\n<tr>\r\n<td>Wap\u0144<\/td>\r\n<td>221 mg**<\/td>\r\n<\/tr>\r\n<\/tbody>\r\n<\/table>\r\n<p class=\"note\">**28 % NRV (RWS = referencyjne warto\u015bci spo\u017cycia)<\/p>"},"product_benefits":{"benefit_image":5308,"benefit_1":"Stworzone z najwy\u017cszej jako\u015bci sk\u0142adnik\u00f3w","benefit_2":"Pyszne na ciep\u0142o i na zimno","benefit_3":"Naturalnie dobre","benefit_4":"Lekkie i od\u017cywcze"}},"_links":{"self":[{"href":"https:\/\/lunter.com\/pl\/wp-json\/wp\/v2\/product\/5371","targetHints":{"allow":["GET"]}}],"collection":[{"href":"https:\/\/lunter.com\/pl\/wp-json\/wp\/v2\/product"}],"about":[{"href":"https:\/\/lunter.com\/pl\/wp-json\/wp\/v2\/types\/product"}],"wp:featuredmedia":[{"embeddable":true,"href":"https:\/\/lunter.com\/pl\/wp-json\/wp\/v2\/media\/5314"}],"wp:attachment":[{"href":"https:\/\/lunter.com\/pl\/wp-json\/wp\/v2\/media?parent=5371"}],"wp:term":[{"taxonomy":"product_type","embeddable":true,"href":"https:\/\/lunter.com\/pl\/wp-json\/wp\/v2\/product_type?post=5371"}],"curies":[{"name":"wp","href":"https:\/\/api.w.org\/{rel}","templated":true}]}}