{"id":5255,"date":"2026-03-08T18:34:55","date_gmt":"2026-03-08T17:34:55","guid":{"rendered":"https:\/\/lunter.com\/?post_type=product&#038;p=5255"},"modified":"2026-03-08T18:34:57","modified_gmt":"2026-03-08T17:34:57","slug":"tofu-marynowane-w-sosie-sojowym","status":"publish","type":"product","link":"https:\/\/lunter.com\/pl\/produkty\/tofu-marynowane-w-sosie-sojowym\/","title":{"rendered":"TOFU MARYNOWANE W SOSIE SOJOWYM"},"content":{"rendered":"<p>Zm\u0119czony d\u0142ugim oczekiwaniem, a\u017c smaki si\u0119 przegryz\u0105? Poznaj nasze tofu marynowane w sosie sojowym \u2013 ju\u017c nas\u0105czone i pieczone z bogat\u0105 mieszank\u0105 wysokiej jako\u015bci sosu sojowego oraz aromatycznych przypraw. Koniec z d\u0142ugimi przygotowaniami! Wystarczy wrzuci\u0107 je na patelni\u0119, do piekarnika lub na grilla, a po kilku minutach mo\u017cesz cieszy\u0107 si\u0119 daniem pe\u0142nym g\u0142\u0119bokiego smaku umami. Jego doskonale zbalansowany aromat pasuje nie tylko do da\u0144 inspirowanych kuchni\u0105 azjatyck\u0105, ale tak\u017ce do wielu innych potraw. Bogate w bia\u0142ko ro\u015blinne, pozbawione cholesterolu i w 100% wega\u0144skie. Minimum wysi\u0142ku, maksimum smaku!<\/p>\n","protected":false},"featured_media":543,"menu_order":34,"template":"","product_type":[176],"class_list":["post-5255","product","type-product","status-publish","has-post-thumbnail","hentry","product_type-marynowane"],"acf":{"product_show_in_compact":"1","product_tagline":"Idealnie doprawione, gotowe do dzia\u0142ania.","products_weight":"180g","product_ornament_type":"splash","product_ornament_color":"#BF7B9C","benefit_icons":["number-protein","non-gmo-soybeans","source-of-calcium"],"protein_amount":"25","product_details":{"ingredients":"tofu (57 % nasiona soi, woda, wap\u0144), marynata 8 % (woda, fermentowana soja, fermentowana pszenica \u2013 nie zawiera glutenu, s\u00f3l, cebula, olej rzepakowy, czosnek, przyprawy, zio\u0142a)","packaging_image":1177,"nutritional_values":"<table class=\"nutritional-table\">\r\n<tbody>\r\n<tr>\r\n<th colspan=\"2\">Warto\u015b\u0107 od\u017cywcza na 100 g<\/th>\r\n<\/tr>\r\n<tr>\r\n<td>Energia<\/td>\r\n<td>573 kJ\/137 kcal<\/td>\r\n<\/tr>\r\n<tr>\r\n<td>T\u0142uszcz<\/td>\r\n<td>8,0 g<\/td>\r\n<\/tr>\r\n<tr>\r\n<td>\u2013 w tym kwasy t\u0142uszczowe nasycone<\/td>\r\n<td>1,0 g<\/td>\r\n<\/tr>\r\n<tr>\r\n<td>W\u0119glowodany<\/td>\r\n<td>1,8 g<\/td>\r\n<\/tr>\r\n<tr>\r\n<td>\u2013 w tym cukry<\/td>\r\n<td>&lt;0,5 g<\/td>\r\n<\/tr>\r\n<tr>\r\n<td>B\u0142onnik<\/td>\r\n<td>1,0 g<\/td>\r\n<\/tr>\r\n<tr>\r\n<td>Bia\u0142ko<\/td>\r\n<td>14 g<\/td>\r\n<\/tr>\r\n<tr>\r\n<td>S\u00f3l<\/td>\r\n<td>1,0 g<\/td>\r\n<\/tr>\r\n<tr>\r\n<td>Wap\u0144<\/td>\r\n<td>220 mg**<\/td>\r\n<\/tr>\r\n<\/tbody>\r\n<\/table>\r\n<p class=\"note\">**28 % NRV (referencyjne warto\u015bci spo\u017cycia (RWS))<\/p>"},"product_benefits":{"benefit_image":3595,"benefit_1":"Idealnie zbalansowany smak","benefit_2":"Tworzone z mi\u0142o\u015bci\u0105","benefit_3":"Gotuj po swojemu","benefit_4":"Stworzone do sma\u017cenia"}},"_links":{"self":[{"href":"https:\/\/lunter.com\/pl\/wp-json\/wp\/v2\/product\/5255","targetHints":{"allow":["GET"]}}],"collection":[{"href":"https:\/\/lunter.com\/pl\/wp-json\/wp\/v2\/product"}],"about":[{"href":"https:\/\/lunter.com\/pl\/wp-json\/wp\/v2\/types\/product"}],"wp:featuredmedia":[{"embeddable":true,"href":"https:\/\/lunter.com\/pl\/wp-json\/wp\/v2\/media\/543"}],"wp:attachment":[{"href":"https:\/\/lunter.com\/pl\/wp-json\/wp\/v2\/media?parent=5255"}],"wp:term":[{"taxonomy":"product_type","embeddable":true,"href":"https:\/\/lunter.com\/pl\/wp-json\/wp\/v2\/product_type?post=5255"}],"curies":[{"name":"wp","href":"https:\/\/api.w.org\/{rel}","templated":true}]}}