{"id":5251,"date":"2026-03-08T18:32:46","date_gmt":"2026-03-08T17:32:46","guid":{"rendered":"https:\/\/lunter.com\/?post_type=product&#038;p=5251"},"modified":"2026-03-08T18:32:48","modified_gmt":"2026-03-08T17:32:48","slug":"tofu-wedzone","status":"publish","type":"product","link":"https:\/\/lunter.com\/pl\/produkty\/tofu-wedzone\/","title":{"rendered":"TOFU W\u0118DZONE"},"content":{"rendered":"<p>Marzysz o bogatym, w\u0119dzonym smaku bez sztucznych dodatk\u00f3w? Poznaj nasze tofu w\u0119dzone Lunter \u2013 autentycznie w\u0119dzone na drewnie bukowym, bez kompromis\u00f3w, tylko czysty smak. Niezale\u017cnie od tego, czy dopiero zaczynasz swoj\u0105 przygod\u0119 z tofu, czy jeste\u015b jego wielbicielem, ten wszechstronny przysmak doda wyj\u0105tkowego charakteru Twoim daniom. Pokr\u00f3j je do ulubionych kanapek, aby nada\u0107 im w\u0119dzonego aromatu, pokrusz do syc\u0105cego chili sin carne, zetrzyj do aromatycznego curry lub pokr\u00f3j w kostk\u0119, obtocz w panierce i usma\u017c na chrupi\u0105c\u0105 przek\u0105sk\u0119. Bogate w bia\u0142ko, pozbawione cholesterolu i w 100% ro\u015blinne \u2013 to szybki i prosty spos\u00f3b na zaspokojenie g\u0142odu oraz zachwycenie kubk\u00f3w smakowych. Spr\u00f3buj i pozw\u00f3l swojej kulinarnej kreatywno\u015bci rozwin\u0105\u0107 skrzyd\u0142a!<\/p>\n","protected":false},"featured_media":593,"menu_order":32,"template":"","product_type":[184],"class_list":["post-5251","product","type-product","status-publish","has-post-thumbnail","hentry","product_type-tradycyjne"],"acf":{"product_show_in_compact":"1","product_tagline":"Prawdziwy dym. Niezr\u00f3wnany smak. Wi\u0119cej przyjemno\u015bci.","products_weight":"180g","product_ornament_type":"cube","product_ornament_color":"#B07B67","benefit_icons":["number-protein","non-gmo-soybeans","source-of-calcium"],"protein_amount":"27","product_details":{"ingredients":"57 % nasiona soi, woda, s\u00f3l, wap\u0144; dym z drewna bukowego.","packaging_image":1122,"nutritional_values":"<table class=\"nutritional-table\">\r\n<tbody>\r\n<tr>\r\n<th colspan=\"2\">Warto\u015b\u0107 od\u017cywcza na 100g<\/th>\r\n<\/tr>\r\n<tr>\r\n<td>Energia<\/td>\r\n<td>610 kJ\/146 kcal<\/td>\r\n<\/tr>\r\n<tr>\r\n<td>T\u0142uszcz<\/td>\r\n<td>8,5 g<\/td>\r\n<\/tr>\r\n<tr>\r\n<td>\u2013 w tym kwasy t\u0142uszczowe nasycone<\/td>\r\n<td>1,3 g<\/td>\r\n<\/tr>\r\n<tr>\r\n<td>W\u0119glowodany<\/td>\r\n<td>1,9 g<\/td>\r\n<\/tr>\r\n<tr>\r\n<td>\u2013 w tym cukry<\/td>\r\n<td>0,5 g<\/td>\r\n<\/tr>\r\n<tr>\r\n<td>B\u0142onnik<\/td>\r\n<td>1,0 g<\/td>\r\n<\/tr>\r\n<tr>\r\n<td>Bia\u0142ko<\/td>\r\n<td>15 g<\/td>\r\n<\/tr>\r\n<tr>\r\n<td>S\u00f3l<\/td>\r\n<td>0,90 g<\/td>\r\n<\/tr>\r\n<tr>\r\n<td>Wap\u0144<\/td>\r\n<td>220 mg**<\/td>\r\n<\/tr>\r\n<\/tbody>\r\n<\/table>\r\n<p class=\"note\">**28 % NRV = referencyjne warto\u015bci spo\u017cycia (RWS)<\/p>"},"product_benefits":{"benefit_image":3615,"benefit_1":"Zakorzenione w tradycji","benefit_2":"Tworzone z mi\u0142o\u015bci\u0105","benefit_3":"Przygotuj po swojemu","benefit_4":"Naturalnie pe\u0142nowarto\u015bciowe"}},"_links":{"self":[{"href":"https:\/\/lunter.com\/pl\/wp-json\/wp\/v2\/product\/5251","targetHints":{"allow":["GET"]}}],"collection":[{"href":"https:\/\/lunter.com\/pl\/wp-json\/wp\/v2\/product"}],"about":[{"href":"https:\/\/lunter.com\/pl\/wp-json\/wp\/v2\/types\/product"}],"wp:featuredmedia":[{"embeddable":true,"href":"https:\/\/lunter.com\/pl\/wp-json\/wp\/v2\/media\/593"}],"wp:attachment":[{"href":"https:\/\/lunter.com\/pl\/wp-json\/wp\/v2\/media?parent=5251"}],"wp:term":[{"taxonomy":"product_type","embeddable":true,"href":"https:\/\/lunter.com\/pl\/wp-json\/wp\/v2\/product_type?post=5251"}],"curies":[{"name":"wp","href":"https:\/\/api.w.org\/{rel}","templated":true}]}}