{"id":5246,"date":"2026-03-08T18:31:04","date_gmt":"2026-03-08T17:31:04","guid":{"rendered":"https:\/\/lunter.com\/?post_type=product&#038;p=5246"},"modified":"2026-03-08T18:31:06","modified_gmt":"2026-03-08T17:31:06","slug":"tofu-naturalne","status":"publish","type":"product","link":"https:\/\/lunter.com\/pl\/produkty\/tofu-naturalne\/","title":{"rendered":"TOFU NATURALNE"},"content":{"rendered":"<p>Hej, kulinarny odkrywco! Poznaj swojego nowego kuchennego pomocnika \u2013 nasze tofu naturalne Lunter. Jest naturalne, proste i gotowe, by sta\u0107 si\u0119 cz\u0119\u015bci\u0105 ka\u017cdego dania, o jakim marzysz. Chcesz zamarynowa\u0107 je w swoim sekretnym sosie? \u015amia\u0142o! Upiec na grillu podczas kolejnego BBQ? Oczywi\u015bcie! Zblendowa\u0107 w smoothie, aby doda\u0107 sobie porcji bia\u0142ka? Jak najbardziej! A mo\u017ce wykorzysta\u0107 je do przygotowania wykwintnego deseru? Czemu nie! Dzi\u0119ki neutralnemu smakowi nasze tofu jest niczym puste p\u0142\u00f3tno, gotowe wch\u0142on\u0105\u0107 ca\u0142\u0105 Twoj\u0105 kulinarn\u0105 kreatywno\u015b\u0107. Bogate w bia\u0142ko, lekkostrawne i w 100% ro\u015blinne \u2013 jest tak wszechstronne, jak Ty jeste\u015b pomys\u0142owy. Otw\u00f3rz opakowanie i rozpocznij kulinarn\u0105 przygod\u0119. Pami\u0119taj \u2013 jedynym ograniczeniem jest Twoja wyobra\u017ania!<\/p>\n","protected":false},"featured_media":578,"menu_order":30,"template":"","product_type":[184],"class_list":["post-5246","product","type-product","status-publish","has-post-thumbnail","hentry","product_type-tradycyjne"],"acf":{"product_show_in_compact":"1","product_tagline":"Klasyk, kt\u00f3ry kochaj\u0105 wszyscy","products_weight":"180g","product_ornament_type":"cube","product_ornament_color":"#F5B967","benefit_icons":["number-protein","non-gmo-soybeans","source-of-calcium"],"protein_amount":"27","product_details":{"ingredients":"57 % nasiona soi, woda, wap\u0144","packaging_image":1117,"nutritional_values":"<table class=\"nutritional-table\">\r\n<tbody>\r\n<tr>\r\n<th colspan=\"2\">Warto\u015b\u0107 od\u017cywcza na 100g<\/th>\r\n<\/tr>\r\n<tr>\r\n<td>Energia<\/td>\r\n<td>608 kJ\/146 kcal<\/td>\r\n<\/tr>\r\n<tr>\r\n<td>T\u0142uszcz<\/td>\r\n<td>8,5 g<\/td>\r\n<\/tr>\r\n<tr>\r\n<td>\u2013 w tym kwasy t\u0142uszczowe nasycone<\/td>\r\n<td>1,3 g<\/td>\r\n<\/tr>\r\n<tr>\r\n<td>W\u0119glowodany<\/td>\r\n<td>1,8 g<\/td>\r\n<\/tr>\r\n<tr>\r\n<td>\u2013 w tym cukry<\/td>\r\n<td>0,5 g<\/td>\r\n<\/tr>\r\n<tr>\r\n<td>B\u0142onnik<\/td>\r\n<td>1,0 g<\/td>\r\n<\/tr>\r\n<tr>\r\n<td>Bia\u0142ko<\/td>\r\n<td>15 g<\/td>\r\n<\/tr>\r\n<tr>\r\n<td>S\u00f3l<\/td>\r\n<td>0,03 g<\/td>\r\n<\/tr>\r\n<tr>\r\n<td>Wap\u0144<\/td>\r\n<td>210 mg**<\/td>\r\n<\/tr>\r\n<\/tbody>\r\n<\/table>\r\n<p class=\"note\">**26 % NRV = referencyjne warto\u015bci spo\u017cycia (RWS)<\/p>"},"product_benefits":{"benefit_image":3610,"benefit_1":"Zakorzenione w tradycji","benefit_2":"Tworzone z mi\u0142o\u015bci\u0105","benefit_3":"Przygotuj po swojemu","benefit_4":"Naturalnie pe\u0142nowarto\u015bciowe"}},"_links":{"self":[{"href":"https:\/\/lunter.com\/pl\/wp-json\/wp\/v2\/product\/5246","targetHints":{"allow":["GET"]}}],"collection":[{"href":"https:\/\/lunter.com\/pl\/wp-json\/wp\/v2\/product"}],"about":[{"href":"https:\/\/lunter.com\/pl\/wp-json\/wp\/v2\/types\/product"}],"wp:featuredmedia":[{"embeddable":true,"href":"https:\/\/lunter.com\/pl\/wp-json\/wp\/v2\/media\/578"}],"wp:attachment":[{"href":"https:\/\/lunter.com\/pl\/wp-json\/wp\/v2\/media?parent=5246"}],"wp:term":[{"taxonomy":"product_type","embeddable":true,"href":"https:\/\/lunter.com\/pl\/wp-json\/wp\/v2\/product_type?post=5246"}],"curies":[{"name":"wp","href":"https:\/\/api.w.org\/{rel}","templated":true}]}}