{"id":5241,"date":"2026-03-08T18:29:33","date_gmt":"2026-03-08T17:29:33","guid":{"rendered":"https:\/\/lunter.com\/?post_type=product&#038;p=5241"},"modified":"2026-03-08T18:29:35","modified_gmt":"2026-03-08T17:29:35","slug":"salad-tofu-basil","status":"publish","type":"product","link":"https:\/\/lunter.com\/pl\/produkty\/salad-tofu-basil\/","title":{"rendered":"SALAD TOFU BASIL"},"content":{"rendered":"<p>Wyobra\u017a sobie \u015bwie\u017c\u0105, w\u0142osk\u0105 bryz\u0119 na swoim talerzu \u2013 bez potrzeby kupowania biletu lotniczego. Nasze tofu z bazyli\u0105 wnosi \u015br\u00f3dziemnomorski charakter do Twoich ulubionych da\u0144. Dodaj je do sa\u0142atek i kanapek, aby nada\u0107 im zio\u0142owy akcent, przygotuj bezcholesterolow\u0105 wersj\u0119 caprese, zetrzyj na makaron lub zapiecz na domowej pizzy i w wytrawnych tartach. Mo\u017cliwo\u015bci s\u0105 nieograniczone! A do tego jest bogate w ro\u015blinne bia\u0142ko, pozbawione cholesterolu i konserwant\u00f3w, a jego sk\u0142ad opiera si\u0119 na niemodyfikowanej genetycznie europejskiej soi. Daj si\u0119 ponie\u015b\u0107 kulinarnej kreatywno\u015bci!<\/p>\n","protected":false},"featured_media":432,"menu_order":219,"template":"","product_type":[179],"class_list":["post-5241","product","type-product","status-publish","has-post-thumbnail","hentry","product_type-salad-tofu-pl"],"acf":{"product_show_in_compact":"1","product_tagline":"\u015awie\u017ce, lekkie i niesamowicie smaczne.","products_weight":"180g","product_ornament_type":"cube","product_ornament_color":"#74A879","benefit_icons":["number-protein","non-gmo-soybeans","source-of-calcium"],"protein_amount":"23","product_details":{"ingredients":"57 % nasiona soi, woda, s\u00f3l, 0,25 % suszona bazylia, wap\u0144","packaging_image":1152,"nutritional_values":"<table class=\"nutritional-table\">\r\n<tbody>\r\n<tr>\r\n<th colspan=\"2\">Warto\u015b\u0107 od\u017cywcza na 100 g<\/th>\r\n<\/tr>\r\n<tr>\r\n<td>Energia<\/td>\r\n<td>537 kJ\/129 kcal<\/td>\r\n<\/tr>\r\n<tr>\r\n<td>T\u0142uszcz<\/td>\r\n<td>7,5 g<\/td>\r\n<\/tr>\r\n<tr>\r\n<td>\u2013 w tym kwasy t\u0142uszczowe nasycone<\/td>\r\n<td>1,0 g<\/td>\r\n<\/tr>\r\n<tr>\r\n<td>W\u0119glowodany<\/td>\r\n<td>1,8 g<\/td>\r\n<\/tr>\r\n<tr>\r\n<td>\u2013 w tym cukry<\/td>\r\n<td>&lt;0,5 g<\/td>\r\n<\/tr>\r\n<tr>\r\n<td>B\u0142onnik<\/td>\r\n<td>1,0 g<\/td>\r\n<\/tr>\r\n<tr>\r\n<td>Bia\u0142ko<\/td>\r\n<td>13 g<\/td>\r\n<\/tr>\r\n<tr>\r\n<td>S\u00f3l<\/td>\r\n<td>1,0 g<\/td>\r\n<\/tr>\r\n<tr>\r\n<td>Wap\u0144<\/td>\r\n<td>210 mg**<\/td>\r\n<\/tr>\r\n<\/tbody>\r\n<\/table>\r\n<p class=\"note\">**26 % NRV (referencyjne warto\u015bci spo\u017cycia (RWS))<\/p>"},"product_benefits":{"benefit_image":3545,"benefit_1":"Stworzone z najwy\u017cszej jako\u015bci sk\u0142adnik\u00f3w","benefit_2":"Pyszne na ciep\u0142o i na zimno","benefit_3":"Naturalnie dobre","benefit_4":"Lekkie i od\u017cywcze"}},"_links":{"self":[{"href":"https:\/\/lunter.com\/pl\/wp-json\/wp\/v2\/product\/5241","targetHints":{"allow":["GET"]}}],"collection":[{"href":"https:\/\/lunter.com\/pl\/wp-json\/wp\/v2\/product"}],"about":[{"href":"https:\/\/lunter.com\/pl\/wp-json\/wp\/v2\/types\/product"}],"wp:featuredmedia":[{"embeddable":true,"href":"https:\/\/lunter.com\/pl\/wp-json\/wp\/v2\/media\/432"}],"wp:attachment":[{"href":"https:\/\/lunter.com\/pl\/wp-json\/wp\/v2\/media?parent=5241"}],"wp:term":[{"taxonomy":"product_type","embeddable":true,"href":"https:\/\/lunter.com\/pl\/wp-json\/wp\/v2\/product_type?post=5241"}],"curies":[{"name":"wp","href":"https:\/\/api.w.org\/{rel}","templated":true}]}}