{"id":4287,"date":"2025-09-05T13:43:43","date_gmt":"2025-09-05T11:43:43","guid":{"rendered":"https:\/\/lunter.com\/products\/lunter-minced-tofu-mild\/"},"modified":"2025-09-08T17:17:13","modified_gmt":"2025-09-08T15:17:13","slug":"lunter-minced-tofu-mild","status":"publish","type":"product","link":"https:\/\/lunter.com\/pl\/produkty\/lunter-minced-tofu-mild\/","title":{"rendered":"Lunter Minced Tofu Mild"},"content":{"rendered":"\n<p>Nareszcie! Mielone tofu, kt\u00f3re oszcz\u0119dza Tw\u00f3j czas w kuchni i pozwala gotowa\u0107 bez stresu. Chili, tacos, burritos \u2013 wszystko gotowe w zaledwie kilka minut. Powstaje z czystego tofu pochodz\u0105cego z upraw niezmodyfikowanych genetycznie i prostej marynaty \u2013 bez sztucznych dodatk\u00f3w, zb\u0119dnych komplikacji i trik\u00f3w. Jedno opakowanie dostarcza a\u017c 29 g bia\u0142ka, kt\u00f3re wspiera Tw\u00f3j organizm!<\/p>\n\n\n\n<p><\/p>\n","protected":false},"featured_media":4241,"menu_order":0,"template":"","product_type":[352],"class_list":["post-4287","product","type-product","status-publish","has-post-thumbnail","hentry","product_type-minced-pl"],"acf":{"product_show_in_compact":"1","product_tagline":"Z opakowania na talerz w 5 minut!","products_weight":"160 g","product_ornament_type":"cube","product_ornament_color":"#fcbe69","benefit_icons":["number-protein","non-gmo-soybeans","cooks-in-5-mins"],"protein_amount":"29","product_details":{"ingredients":"58 % nasiona soi, woda, karmel, s\u00f3l morska, substancje wi\u0105\u017c\u0105ce (siarczan wapnia, chlorek wapnia), ekstrakt dro\u017cd\u017cowy, zio\u0142a iprzyprawy","packaging_image":4301,"nutritional_values":"<table class=\"nutritional-table\">\r\n<tbody>\r\n<tr>\r\n<th colspan=\"2\">Warto\u015b\u0107 od\u017cywcza na 100 g<\/th>\r\n<\/tr>\r\n<tr>\r\n<td>Energia<\/td>\r\n<td>702 kJ\/168 kcal<\/td>\r\n<\/tr>\r\n<tr>\r\n<td>T\u0142uszcz<\/td>\r\n<td>9,8g<\/td>\r\n<\/tr>\r\n<tr>\r\n<td>\u2013 w tym kwasy t\u0142uszczowe nasycone<\/td>\r\n<td>1,5g<\/td>\r\n<\/tr>\r\n<tr>\r\n<td>W\u0119glowodany<\/td>\r\n<td>1,0 g<\/td>\r\n<\/tr>\r\n<tr>\r\n<td>\u2013 w tym cukry<\/td>\r\n<td>0 g<\/td>\r\n<\/tr>\r\n<tr>\r\n<td>Bia\u0142ko<\/td>\r\n<td>18g<\/td>\r\n<\/tr>\r\n<tr>\r\n<td>S\u00f3l<\/td>\r\n<td>1,3g<\/td>\r\n<\/tr>\r\n<tr>\r\n<td>Wap\u0144<\/td>\r\n<td>392 mg**<\/td>\r\n<\/tr>\r\n<\/tbody>\r\n<\/table>\r\n<p class=\"note\">**49 % RWS (referencyjne warto\u015bci spo\u017cycia)<\/p>"},"product_benefits":{"benefit_image":4326,"benefit_1":"Pe\u0142ny posi\u0142ek w zaledwie 5 minut","benefit_2":"Mn\u00f3stwo kulinarnych kombinacji","benefit_3":"Gotowe kawa\u0142ki \u2013 ju\u017c pokrojone i zamarynowane","benefit_4":"Solidna porcja bia\u0142ka"}},"_links":{"self":[{"href":"https:\/\/lunter.com\/pl\/wp-json\/wp\/v2\/product\/4287","targetHints":{"allow":["GET"]}}],"collection":[{"href":"https:\/\/lunter.com\/pl\/wp-json\/wp\/v2\/product"}],"about":[{"href":"https:\/\/lunter.com\/pl\/wp-json\/wp\/v2\/types\/product"}],"wp:featuredmedia":[{"embeddable":true,"href":"https:\/\/lunter.com\/pl\/wp-json\/wp\/v2\/media\/4241"}],"wp:attachment":[{"href":"https:\/\/lunter.com\/pl\/wp-json\/wp\/v2\/media?parent=4287"}],"wp:term":[{"taxonomy":"product_type","embeddable":true,"href":"https:\/\/lunter.com\/pl\/wp-json\/wp\/v2\/product_type?post=4287"}],"curies":[{"name":"wp","href":"https:\/\/api.w.org\/{rel}","templated":true}]}}