{"id":4279,"date":"2025-09-05T13:30:00","date_gmt":"2025-09-05T11:30:00","guid":{"rendered":"https:\/\/lunter.com\/products\/lunter-wokbowl-tofu-mild\/"},"modified":"2025-09-08T17:15:03","modified_gmt":"2025-09-08T15:15:03","slug":"lunter-wokbowl-tofu-mild","status":"publish","type":"product","link":"https:\/\/lunter.com\/pl\/produkty\/lunter-wokbowl-tofu-mild\/","title":{"rendered":"Lunter Wok&amp;Bowl Tofu Mild"},"content":{"rendered":"\n<p>Wygoda bez kompromis\u00f3w. Delikatnie marynowane i pokrojone kawa\u0142ki tofu z naszej nowej linii Lunter Ready to Cook czekaj\u0105, aby trafi\u0107 na Twoj\u0105 patelni\u0119. Pe\u0142ny posi\u0142ek przygotujesz w zaledwie 5 minut! Wok&amp;Bowl Tofu sprawdzi si\u0119 \u015bwietnie w sa\u0142atkach, wrapach, jako szybka przek\u0105ska lub w duecie z ulubionym sosem. Powstaje z po\u0142\u0105czenia czystego tofu bez GMO i prostej marynaty \u2013 bez sztucznych dodatk\u00f3w i niepotrzebnych sk\u0142adnik\u00f3w. Jedno opakowanie dostarcza a\u017c do 24 g bia\u0142ka!<\/p>\n","protected":false},"featured_media":4246,"menu_order":0,"template":"","product_type":[353],"class_list":["post-4279","product","type-product","status-publish","has-post-thumbnail","hentry","product_type-wok-bowl-pl"],"acf":{"product_show_in_compact":"1","product_tagline":"Z opakowania na talerz w 5 minut!","products_weight":"160 g","product_ornament_type":"cube","product_ornament_color":"#80cac5","benefit_icons":["number-protein","non-gmo-soybeans","cooks-in-5-mins"],"protein_amount":"24","product_details":{"ingredients":"86 % tofu (nasiona soi, woda, substancja wi\u0105\u017c\u0105ca: siarczan wapnia), 9 % marynata [woda, s\u00f3l, przyprawy, maltodekstryna, warzywa (cebula, czosnek), ekstrakt dro\u017cd\u017cowy, zio\u0142a, regulator kwasowo\u015bci: kwas cytrynowy], olej s\u0142onecznikowy.","packaging_image":4306,"nutritional_values":"<table class=\"nutritional-table\">\r\n<tbody>\r\n<tr>\r\n<th colspan=\"2\">Warto\u015b\u0107 od\u017cywcza na 100 g<\/th>\r\n<\/tr>\r\n<tr>\r\n<td>Energia<\/td>\r\n<td>803 kJ\/192 kcal<\/td>\r\n<\/tr>\r\n<tr>\r\n<td>T\u0142uszcz<\/td>\r\n<td>14g<\/td>\r\n<\/tr>\r\n<tr>\r\n<td>\u2013 w tym kwasy t\u0142uszczowe nasycone<\/td>\r\n<td>1,9g<\/td>\r\n<\/tr>\r\n<tr>\r\n<td>W\u0119glowodany<\/td>\r\n<td>1,4g<\/td>\r\n<\/tr>\r\n<tr>\r\n<td>\u2013 w tym cukry<\/td>\r\n<td>1,1g<\/td>\r\n<\/tr>\r\n<tr>\r\n<td>Bia\u0142ko<\/td>\r\n<td>15g<\/td>\r\n<\/tr>\r\n<tr>\r\n<td>S\u00f3l<\/td>\r\n<td>1,2g<\/td>\r\n<\/tr>\r\n<tr>\r\n<td>Wap\u0144<\/td>\r\n<td>747 mg**<\/td>\r\n<\/tr>\r\n<\/tbody>\r\n<\/table>\r\n<p class=\"note\">**93 % RWS (referencyjne warto\u015bci spo\u017cycia)<\/p>"},"product_benefits":{"benefit_image":4321,"benefit_1":"Pe\u0142ny posi\u0142ek w zaledwie 5 minut","benefit_2":"Mn\u00f3stwo kulinarnych kombinacji","benefit_3":"Gotowe kawa\u0142ki \u2013 ju\u017c pokrojone i zamarynowane","benefit_4":"Solidna porcja bia\u0142ka"}},"_links":{"self":[{"href":"https:\/\/lunter.com\/pl\/wp-json\/wp\/v2\/product\/4279","targetHints":{"allow":["GET"]}}],"collection":[{"href":"https:\/\/lunter.com\/pl\/wp-json\/wp\/v2\/product"}],"about":[{"href":"https:\/\/lunter.com\/pl\/wp-json\/wp\/v2\/types\/product"}],"wp:featuredmedia":[{"embeddable":true,"href":"https:\/\/lunter.com\/pl\/wp-json\/wp\/v2\/media\/4246"}],"wp:attachment":[{"href":"https:\/\/lunter.com\/pl\/wp-json\/wp\/v2\/media?parent=4279"}],"wp:term":[{"taxonomy":"product_type","embeddable":true,"href":"https:\/\/lunter.com\/pl\/wp-json\/wp\/v2\/product_type?post=4279"}],"curies":[{"name":"wp","href":"https:\/\/api.w.org\/{rel}","templated":true}]}}