{"id":3391,"date":"2025-04-11T15:46:58","date_gmt":"2025-04-11T13:46:58","guid":{"rendered":"https:\/\/lunter.com\/products\/alu-tartar-spread-75\/"},"modified":"2025-04-23T18:41:07","modified_gmt":"2025-04-23T16:41:07","slug":"alu-tartar-spread-75","status":"publish","type":"product","link":"https:\/\/lunter.com\/pl\/produkty\/alu-tartar-spread-75\/","title":{"rendered":"PASTA Z TOFU PAPRYKARZ"},"content":{"rendered":"<p>Bogaty, wytrawny i wyj\u0105tkowo syc\u0105cy \u2013 ta ro\u015blinna pasta to doskona\u0142y dodatek do pieczywa, \u015bwie\u017cych warzyw i ulubionych przek\u0105sek. Chcesz doda\u0107 swoim daniom wi\u0119cej smaku? Wykorzystaj j\u0105 jako baz\u0119 do szybkich sos\u00f3w lub wzbogacenie codziennych posi\u0142k\u00f3w. Kremowa konsystencja, intensywny aromat i 100% ro\u015blinnych sk\u0142adnik\u00f3w \u2013 bez konserwant\u00f3w, tylko prawdziwy smak. A co najlepsze? Dzi\u0119ki trwa\u0142emu opakowaniu ALU nie wymaga przechowywania w lod\u00f3wce. Zabierz go wsz\u0119dzie \u2013 do pracy, na wyjazd czy piknik. Prosty, smaczny i zawsze pod r\u0119k\u0105!<\/p>\n","protected":false},"featured_media":503,"menu_order":29,"template":"","product_type":[155],"class_list":["post-3391","product","type-product","status-publish","has-post-thumbnail","hentry","product_type-ambient-pl"],"acf":{"product_show_in_compact":"1","product_tagline":"Twoja ulubiona pasta, gdziekolwiek jeste\u015b.","products_weight":"75g","product_ornament_type":"brush_thin","product_ornament_color":"#F0C1B6","benefit_icons":["source-of-fiber","no-preservatives","gluten-free"],"protein_amount":"","product_details":{"ingredients":"17 % warzywa marynowane (63 % og\u00f3rki, 22 % czerwona papryka, woda, ocet spirytusowy, cukier, przyprawy, s\u00f3l), 16 % tofu (nasiona soi, woda), woda, okara (woda, nasiona soi), 9 % przecier pomidorowy, olej rzepakowy, musztarda (woda, nasiona gorczycy, ocet spirytusowy, cukier, s\u00f3l, przyprawy), sos sojowy (woda, nasiona soi, nasiona pszenicy \u2013 nie zawiera glutenu, s\u00f3l), cukier, modyfikowana skrobia kukurydziana, sok jab\u0142kowy, 1,7 % cebula, s\u00f3l, czosnek, 0,9 % papryka, chilli, stabilizator: pektyna","packaging_image":1102,"nutritional_values":"<table class=\"nutritional-table\"><tbody><tr><th colspan=\"2\">Warto\u015b\u0107 od\u017cywcza na 100 g<\/th><\/tr><tr><td>Warto\u015b\u0107 energetyczna<\/td><td>602kJ\/145kcal<\/td><\/tr><tr><td>T\u0142uszcz<\/td><td>10 g<\/td><\/tr><tr><td>w tym kwasy t\u0142uszczowe nasycone<\/td><td>0,7 g<\/td><\/tr><tr><td>W\u0119glowodany<\/td><td>8,4 g<\/td><\/tr><tr><td>w tym cukry<\/td><td>5,3 g<\/td><\/tr><tr><td>B\u0142onnik<\/td><td>2,6 g<\/td><\/tr><tr><td>Bia\u0142ko<\/td><td>4,0 g<\/td><\/tr><tr><td>S\u00f3l<\/td><td>1,5 g<\/td><\/tr><\/tbody><\/table>"},"product_benefits":{"benefit_image":3585,"benefit_1":"x","benefit_2":"#REF!","benefit_3":"#REF!","benefit_4":"#REF!"}},"_links":{"self":[{"href":"https:\/\/lunter.com\/pl\/wp-json\/wp\/v2\/product\/3391","targetHints":{"allow":["GET"]}}],"collection":[{"href":"https:\/\/lunter.com\/pl\/wp-json\/wp\/v2\/product"}],"about":[{"href":"https:\/\/lunter.com\/pl\/wp-json\/wp\/v2\/types\/product"}],"wp:featuredmedia":[{"embeddable":true,"href":"https:\/\/lunter.com\/pl\/wp-json\/wp\/v2\/media\/503"}],"wp:attachment":[{"href":"https:\/\/lunter.com\/pl\/wp-json\/wp\/v2\/media?parent=3391"}],"wp:term":[{"taxonomy":"product_type","embeddable":true,"href":"https:\/\/lunter.com\/pl\/wp-json\/wp\/v2\/product_type?post=3391"}],"curies":[{"name":"wp","href":"https:\/\/api.w.org\/{rel}","templated":true}]}}