{"id":3390,"date":"2025-04-11T15:46:58","date_gmt":"2025-04-11T13:46:58","guid":{"rendered":"https:\/\/lunter.com\/products\/alu-crackling-spread-75\/"},"modified":"2025-04-23T18:41:07","modified_gmt":"2025-04-23T16:41:07","slug":"alu-crackling-spread-75","status":"publish","type":"product","link":"https:\/\/lunter.com\/pl\/produkty\/alu-crackling-spread-75\/","title":{"rendered":"PASTA Z TOFU SMALCZYK Z CEBULK\u0104"},"content":{"rendered":"<p>Bogaty, wyrazisty i pe\u0142en smaku \u2013 ten kremowy, ro\u015blinny bestseller to idealny wyb\u00f3r na ka\u017cd\u0105 okazj\u0119. Doskonale komponuje si\u0119 z pieczywem, warzywami czy ulubionymi przek\u0105skami, a jego intensywny smak sprawia, \u017ce trudno poprzesta\u0107 na jednej porcji. Najlepsze? Dzi\u0119ki trwa\u0142emu opakowaniu ALU nie wymaga przechowywania w lod\u00f3wce. Mo\u017cesz zabra\u0107 go wsz\u0119dzie \u2013 do pracy, w podr\u00f3\u017c czy na piknik. Prosty, pyszny i zawsze gotowy do jedzenia!<\/p>\n","protected":false},"featured_media":225,"menu_order":28,"template":"","product_type":[155],"class_list":["post-3390","product","type-product","status-publish","has-post-thumbnail","hentry","product_type-ambient-pl"],"acf":{"product_show_in_compact":"1","product_tagline":"Twoja ulubiona pasta, gdziekolwiek jeste\u015b.","products_weight":"75g","product_ornament_type":"brush_thin","product_ornament_color":"#CDAF8E","benefit_icons":["lactose-free","no-preservatives","no-artificial-colors"],"protein_amount":"","product_details":{"ingredients":"38 % tofu (nasiona soi, woda), woda, olej rzepakowy, 10 % cebula sma\u017cona (76 % cebula, olej rzepakowy, m\u0105ka pszenna, s\u00f3l), dro\u017cd\u017ce suszone, modyfikowana skrobia kukurydziana, s\u00f3l, sos sojowy (woda, nasiona soi, nasiona pszenicy, s\u00f3l), ocet jab\u0142kowy. Mo\u017ce zawiera\u0107 nasiona gorczycy.","packaging_image":1042,"nutritional_values":"<table class=\"nutritional-table\"><tbody><tr><th colspan=\"2\">Warto\u015b\u0107 od\u017cywcza na 100 g<\/th><\/tr><tr><td>Warto\u015b\u0107 energetyczna<\/td><td>1 057 kJ\/255 kcal<\/td><\/tr><tr><td>T\u0142uszcz<\/td><td>22 g<\/td><\/tr><tr><td>w tym kwasy t\u0142uszczowe nasycone<\/td><td>2,1 g<\/td><\/tr><tr><td>W\u0119glowodany<\/td><td>6,7 g<\/td><\/tr><tr><td>w tym cukry<\/td><td><0,5 g<\/td><\/tr><tr><td>B\u0142onnik<\/td><td>1,3 g<\/td><\/tr><tr><td>Bia\u0142ko<\/td><td>7,0 g<\/td><\/tr><tr><td>S\u00f3l<\/td><td>1,2 g<\/td><\/tr><tr><td>Zawarto\u015b\u0107 laktozy na 100 g produktu<\/td><td><0,01 g<\/td><\/tr><\/tbody><\/table>"},"product_benefits":{"benefit_image":3480,"benefit_1":"Zakorzenione w tradycji","benefit_2":"Tworzone z mi\u0142o\u015bci\u0105","benefit_3":"Idealnie zbalansowany smak","benefit_4":"Czyste i naturalne sk\u0142adniki"}},"_links":{"self":[{"href":"https:\/\/lunter.com\/pl\/wp-json\/wp\/v2\/product\/3390","targetHints":{"allow":["GET"]}}],"collection":[{"href":"https:\/\/lunter.com\/pl\/wp-json\/wp\/v2\/product"}],"about":[{"href":"https:\/\/lunter.com\/pl\/wp-json\/wp\/v2\/types\/product"}],"wp:featuredmedia":[{"embeddable":true,"href":"https:\/\/lunter.com\/pl\/wp-json\/wp\/v2\/media\/225"}],"wp:attachment":[{"href":"https:\/\/lunter.com\/pl\/wp-json\/wp\/v2\/media?parent=3390"}],"wp:term":[{"taxonomy":"product_type","embeddable":true,"href":"https:\/\/lunter.com\/pl\/wp-json\/wp\/v2\/product_type?post=3390"}],"curies":[{"name":"wp","href":"https:\/\/api.w.org\/{rel}","templated":true}]}}