{"id":3387,"date":"2025-04-11T15:46:58","date_gmt":"2025-04-11T13:46:58","guid":{"rendered":"https:\/\/lunter.com\/products\/alu-mexican-spread-75\/"},"modified":"2025-04-23T18:41:07","modified_gmt":"2025-04-23T16:41:07","slug":"alu-mexican-spread-75","status":"publish","type":"product","link":"https:\/\/lunter.com\/pl\/produkty\/alu-mexican-spread-75\/","title":{"rendered":"PASTA Z TOFU Z PAPRYK\u0104"},"content":{"rendered":"<p>Fiesta na Twoim chlebie! Jeden z naszych bestseller\u00f3w, uwielbiany za delikatn\u0105 pikantno\u015b\u0107 chili. Pe\u0142en smaku, idealny, gdy masz ochot\u0119 na co\u015b lekko ostrego, syc\u0105cego i wygodnego. Gotowy do smarowania, maczania i delektowania si\u0119 \u2013 ten krem doda wyrazistego charakteru ka\u017cdemu k\u0119sowi.<br \/>\nA co najlepsze? Dzi\u0119ki wytrzyma\u0142emu opakowaniu ALU nie wymaga przechowywania w lod\u00f3wce. Mo\u017cesz zabra\u0107 go wsz\u0119dzie \u2013 do pracy, na wycieczk\u0119 czy piknik. Prosty, pyszny i zawsze gotowy do jedzenia!<\/p>\n","protected":false},"featured_media":290,"menu_order":25,"template":"","product_type":[155],"class_list":["post-3387","product","type-product","status-publish","has-post-thumbnail","hentry","product_type-ambient-pl"],"acf":{"product_show_in_compact":"1","product_tagline":"Twoja ulubiona pasta, gdziekolwiek jeste\u015b.","products_weight":"75g","product_ornament_type":"brush_thin","product_ornament_color":"#ED9A88","benefit_icons":["no-preservatives","gluten-free","source-of-protein"],"protein_amount":"","product_details":{"ingredients":"woda, okara (woda, nasiona soi), 22 % tofu (nasiona soi, woda), olej rzepakowy, suszone dro\u017cd\u017ce, modyfikowana skrobia kukurydziana, cebula, 1,3 % p\u0142atki czerwonej i zielonej papryki, s\u00f3l, mieszanka przypraw, 0,3 % chilli. Mo\u017ce zawiera\u0107 nasiona gorczycy","packaging_image":1077,"nutritional_values":"<table class=\"nutritional-table\"><tbody><tr><th colspan=\"2\">Warto\u015b\u0107 od\u017cywcza na 100 g<\/th><\/tr><tr><td>Warto\u015b\u0107 energetyczna<\/td><td>646 kJ\/156 kcal<\/td><\/tr><tr><td>T\u0142uszcz<\/td><td>12 g<\/td><\/tr><tr><td>w tym kwasy t\u0142uszczowe nasycone<\/td><td>0,9 g<\/td><\/tr><tr><td>W\u0119glowodany<\/td><td>5,9 g<\/td><\/tr><tr><td>w tym cukry<\/td><td><0,5 g<\/td><\/tr><tr><td>B\u0142onnik<\/td><td>2,1 g<\/td><\/tr><tr><td>Bia\u0142ko<\/td><td>5,0 g<\/td><\/tr><tr><td>S\u00f3l<\/td><td>1,2 g<\/td><\/tr><\/tbody><\/table>"},"product_benefits":{"benefit_image":3500,"benefit_1":"Zakorzenione w tradycji","benefit_2":"Tworzone z mi\u0142o\u015bci\u0105","benefit_3":"Idealnie zbalansowany smak","benefit_4":"Czyste i naturalne sk\u0142adniki"}},"_links":{"self":[{"href":"https:\/\/lunter.com\/pl\/wp-json\/wp\/v2\/product\/3387","targetHints":{"allow":["GET"]}}],"collection":[{"href":"https:\/\/lunter.com\/pl\/wp-json\/wp\/v2\/product"}],"about":[{"href":"https:\/\/lunter.com\/pl\/wp-json\/wp\/v2\/types\/product"}],"wp:featuredmedia":[{"embeddable":true,"href":"https:\/\/lunter.com\/pl\/wp-json\/wp\/v2\/media\/290"}],"wp:attachment":[{"href":"https:\/\/lunter.com\/pl\/wp-json\/wp\/v2\/media?parent=3387"}],"wp:term":[{"taxonomy":"product_type","embeddable":true,"href":"https:\/\/lunter.com\/pl\/wp-json\/wp\/v2\/product_type?post=3387"}],"curies":[{"name":"wp","href":"https:\/\/api.w.org\/{rel}","templated":true}]}}