{"id":3386,"date":"2025-04-11T15:46:52","date_gmt":"2025-04-11T13:46:52","guid":{"rendered":"https:\/\/lunter.com\/products\/alu-french-spread-75\/"},"modified":"2025-04-23T18:41:07","modified_gmt":"2025-04-23T16:41:07","slug":"alu-french-spread-75","status":"publish","type":"product","link":"https:\/\/lunter.com\/pl\/produkty\/alu-french-spread-75\/","title":{"rendered":"PASTA Z TOFU DELIKATNA"},"content":{"rendered":"<p>Nasz klasyk i bestseller nie bez powodu! To pierwsza pasta z tofu, kt\u00f3r\u0105 stworzyli\u015bmy \u2013 uwielbiana za bogaty, wytrawny smak i solidn\u0105 porcj\u0119 ro\u015blinnego bia\u0142ka. Idealna do kanapek, przek\u0105sek czy jako dip do \u015bwie\u017cych warzyw \u2013 po\u017cywna, smaczna i uwielbiana od lat. A co najlepsze? Dzi\u0119ki wytrzyma\u0142emu opakowaniu ALU nie wymaga przechowywania w lod\u00f3wce. Mo\u017cesz zabra\u0107 j\u0105 wsz\u0119dzie \u2013 do pracy, na wycieczk\u0119 czy piknik. Prosta, pyszna i zawsze gotowa do jedzenia!<\/p>\n","protected":false},"featured_media":265,"menu_order":24,"template":"","product_type":[155],"class_list":["post-3386","product","type-product","status-publish","has-post-thumbnail","hentry","product_type-ambient-pl"],"acf":{"product_show_in_compact":"1","product_tagline":"Twoja ulubiona pasta, gdziekolwiek jeste\u015b.","products_weight":"75g","product_ornament_type":"brush_thin","product_ornament_color":"#8DC5D3","benefit_icons":["source-of-fiber","no-preservatives","source-of-protein"],"protein_amount":"","product_details":{"ingredients":"31 % tofu (nasiona soi, woda), woda, okara (woda, nasiona soi), 8,2 % cebula, olej rzepakowy, 6,4 % dro\u017cd\u017ce suszone (dro\u017cd\u017ce, ekstrakt s\u0142odowy j\u0119czmienny), modyfikowana skrobia kukurydziana, musztarda (woda, nasiona gorczycy, ocet spirytusowy, cukier, s\u00f3l, przyprawy), s\u00f3l.","packaging_image":1052,"nutritional_values":"<table class=\"nutritional-table\"><tbody><tr><th colspan=\"2\">Warto\u015b\u0107 od\u017cywcza na 100 g<\/th><\/tr><tr><td>Warto\u015b\u0107 energetyczna<\/td><td>571 kJ\/138 kcal<\/td><\/tr><tr><td>T\u0142uszcz<\/td><td>9,5 g<\/td><\/tr><tr><td>w tym kwasy t\u0142uszczowe nasycone<\/td><td>0,8 g<\/td><\/tr><tr><td>W\u0119glowodany<\/td><td>4,0 g<\/td><\/tr><tr><td>w tym cukry<\/td><td><0,5 g<\/td><\/tr><tr><td>B\u0142onnik<\/td><td>3,0 g<\/td><\/tr><tr><td>Bia\u0142ko<\/td><td>7,5 g<\/td><\/tr><tr><td>S\u00f3l<\/td><td>1,2 g<\/td><\/tr><\/tbody><\/table>"},"product_benefits":{"benefit_image":3490,"benefit_1":"Zakorzenione w tradycji","benefit_2":"Tworzone z mi\u0142o\u015bci\u0105","benefit_3":"Idealnie zbalansowany smak","benefit_4":"Czyste i naturalne sk\u0142adniki"}},"_links":{"self":[{"href":"https:\/\/lunter.com\/pl\/wp-json\/wp\/v2\/product\/3386","targetHints":{"allow":["GET"]}}],"collection":[{"href":"https:\/\/lunter.com\/pl\/wp-json\/wp\/v2\/product"}],"about":[{"href":"https:\/\/lunter.com\/pl\/wp-json\/wp\/v2\/types\/product"}],"wp:featuredmedia":[{"embeddable":true,"href":"https:\/\/lunter.com\/pl\/wp-json\/wp\/v2\/media\/265"}],"wp:attachment":[{"href":"https:\/\/lunter.com\/pl\/wp-json\/wp\/v2\/media?parent=3386"}],"wp:term":[{"taxonomy":"product_type","embeddable":true,"href":"https:\/\/lunter.com\/pl\/wp-json\/wp\/v2\/product_type?post=3386"}],"curies":[{"name":"wp","href":"https:\/\/api.w.org\/{rel}","templated":true}]}}