{"id":3384,"date":"2025-04-11T15:46:52","date_gmt":"2025-04-11T13:46:52","guid":{"rendered":"https:\/\/lunter.com\/products\/pate-de-tofu-cranberries-140\/"},"modified":"2025-05-16T14:52:57","modified_gmt":"2025-05-16T12:52:57","slug":"pate-de-tofu-cranberries-140","status":"publish","type":"product","link":"https:\/\/lunter.com\/pl\/produkty\/pate-de-tofu-cranberries-140\/","title":{"rendered":"PATE DE TOFU Z \u017bURAWIN\u0104"},"content":{"rendered":"<p>Pat\u00e9 z tofu to prawdziwa rewolucja w smaku! Tre\u015bciwe, aromatyczne i pe\u0142ne wyrazistego charakteru, kt\u00f3remu trudno si\u0119 oprze\u0107. Dodatek \u017curawiny nadaje jej lekkiej kwasowo\u015bci i prze\u0142amuje g\u0142\u0119boki, wytrawny smak. Ka\u017cdy k\u0119s to czysta satysfakcja \u2013 bez zb\u0119dnych dodatk\u00f3w, tylko ro\u015blinna moc i intensywny smak. Spr\u00f3buj z konfitur\u0105 \u017curawinow\u0105, sezonowymi owocami lub orzechami, by doda\u0107 jej jeszcze wi\u0119cej wyj\u0105tkowego charakteru. Niezale\u017cnie od tego, czy jesz solo, czy jako dodatek do ulubionych przek\u0105sek, jedno jest pewne \u2013 to pat\u00e9 to prawdziwa eksplozja smaku!<\/p>\n","protected":false},"featured_media":357,"menu_order":22,"template":"","product_type":[163],"class_list":["post-3384","product","type-product","status-publish","has-post-thumbnail","hentry","product_type-pate-de-tofu-pl"],"acf":{"product_show_in_compact":"1","product_tagline":"Magia tofu na wy\u017cszym poziomie","products_weight":"140g","product_ornament_type":"brush_thin","product_ornament_color":"#C99E68","benefit_icons":["source-of-omega-3","source-of-fiber","lactose-free"],"protein_amount":"","product_details":{"ingredients":"24 % tofu (nasiona soi, woda), woda, olej rzepakowy, okara (woda, nasiona soi), cebula, sos sojowy (woda, nasiona soi, pszenica, s\u00f3l), 4 % \u017curawina, skrobia, cukier trzcinowy, dro\u017cd\u017ce, b\u0142onnik grochowy, ry\u017c, nasiona soi, s\u00f3l, ekstrakt dro\u017cd\u017cowy, m\u0105ka pszenna, przyprawy, olej s\u0142onecznikowy, zio\u0142a. Mo\u017ce zawiera\u0107 gorczyc\u0119.","packaging_image":1127,"nutritional_values":"<table class=\"nutritional-table\">\r\n<tbody>\r\n<tr>\r\n<th colspan=\"2\">Warto\u015b\u0107 od\u017cywcza\/ \u00f8 100 g<\/th>\r\n<\/tr>\r\n<tr>\r\n<td>Warto\u015b\u0107 energetyczna<\/td>\r\n<td>1 138 kJ\/275 kcal<\/td>\r\n<\/tr>\r\n<tr>\r\n<td>T\u0142uszcz<\/td>\r\n<td>23 g<\/td>\r\n<\/tr>\r\n<tr>\r\n<td>\u2013 w tym kwasy t\u0142uszczowe nasycone<\/td>\r\n<td>1,9 g<\/td>\r\n<\/tr>\r\n<tr>\r\n<td>W\u0119glowodany<\/td>\r\n<td>9,2 g<\/td>\r\n<\/tr>\r\n<tr>\r\n<td>\u2013 w tym cukry<\/td>\r\n<td>5,0 g<\/td>\r\n<\/tr>\r\n<tr>\r\n<td>B\u0142onnik<\/td>\r\n<td>3,4 g<\/td>\r\n<\/tr>\r\n<tr>\r\n<td>Bia\u0142ko<\/td>\r\n<td>6,8 g<\/td>\r\n<\/tr>\r\n<tr>\r\n<td>S\u00f3l<\/td>\r\n<td>1,3 g<\/td>\r\n<\/tr>\r\n<tr>\r\n<td>Laktoza<\/td>\r\n<td>&lt;0,01 g<\/td>\r\n<\/tr>\r\n<\/tbody>\r\n<\/table>\r\n<p class=\"note\">*kwasy t\u0142uszczowe omega-3: 1,73 g\/100 g; Kwas alfa-linolenowy (ALA): 1,70 g\/100 g \u2013 ALA pomaga w utrzymaniu prawid\u0142owego poziomu cholesterolu we krwi, dawka skuteczna: 2 g\/24 h. Pami\u0119taj, \u017ce bardzo wa\u017cny jest zr\u00f3wnowa\u017cony spos\u00f3b \u017cywienia i zdrowy tryb \u017cycia.<\/p>"},"product_benefits":{"benefit_image":3515,"benefit_1":"Zakorzenione w tradycji","benefit_2":"Tworzone z mi\u0142o\u015bci\u0105","benefit_3":"Idealnie zbalansowany smak","benefit_4":"Czyste i naturalne sk\u0142adniki"}},"_links":{"self":[{"href":"https:\/\/lunter.com\/pl\/wp-json\/wp\/v2\/product\/3384","targetHints":{"allow":["GET"]}}],"collection":[{"href":"https:\/\/lunter.com\/pl\/wp-json\/wp\/v2\/product"}],"about":[{"href":"https:\/\/lunter.com\/pl\/wp-json\/wp\/v2\/types\/product"}],"wp:featuredmedia":[{"embeddable":true,"href":"https:\/\/lunter.com\/pl\/wp-json\/wp\/v2\/media\/357"}],"wp:attachment":[{"href":"https:\/\/lunter.com\/pl\/wp-json\/wp\/v2\/media?parent=3384"}],"wp:term":[{"taxonomy":"product_type","embeddable":true,"href":"https:\/\/lunter.com\/pl\/wp-json\/wp\/v2\/product_type?post=3384"}],"curies":[{"name":"wp","href":"https:\/\/api.w.org\/{rel}","templated":true}]}}