{"id":3383,"date":"2025-04-11T15:46:52","date_gmt":"2025-04-11T13:46:52","guid":{"rendered":"https:\/\/lunter.com\/products\/smoked-creamy-spread-140\/"},"modified":"2025-04-23T18:41:07","modified_gmt":"2025-04-23T16:41:07","slug":"smoked-creamy-spread-140","status":"publish","type":"product","link":"https:\/\/lunter.com\/pl\/produkty\/smoked-creamy-spread-140\/","title":{"rendered":"PASATA Z TOFU SMOKED CREAMY"},"content":{"rendered":"<p>G\u0142\u0119boki, w\u0119dzony smak, kt\u00f3ry przywo\u0142uje wspomnienia tradycyjnych przysmak\u00f3w \u2013 w nowoczesnym, ro\u015blinnym wydaniu. Doskona\u0142y do smarowania na \u015bwie\u017cym pieczywie lub jako sekretny sk\u0142adnik w kuchni \u2013 wypr\u00f3buj go w kremowych makaronach, wytrawnych wypiekach czy jako baz\u0119 do dipu (\u015bwietnie pasuje do pieczonych ziemniak\u00f3w!). Kremowy, pyszny i w 100% ro\u015blinny.  Bez konserwant\u00f3w \u2013 tylko naturalne sk\u0142adniki w najlepszym wydaniu. Prosty, uczciwy i pe\u0142en smaku \u2013 tak, jak lubisz!<\/p>\n","protected":false},"featured_media":473,"menu_order":21,"template":"","product_type":[167],"class_list":["post-3383","product","type-product","status-publish","has-post-thumbnail","hentry","product_type-premium-pl"],"acf":{"product_show_in_compact":"1","product_tagline":"Zanurz, posmaruj, pokochaj!","products_weight":"140g","product_ornament_type":"brush_thin","product_ornament_color":"#E0B4C1","benefit_icons":["source-of-omega-3","lactose-free","gluten-free"],"protein_amount":"","product_details":{"ingredients":"nap\u00f3j sojowy (woda, nasiona soi), olej rzepakowy, 17 % w\u0119dzone tofu (nasiona soi, woda, s\u00f3l), woda, skrobia, dro\u017cd\u017ce, sos Worcestershire (woda, nasiona soi, fermentowana pszenica \u2013 nie zawiera glutenu, ocet, cukier, koncentrat soku pomidorowego, s\u00f3l, koncentrat soku jab\u0142kowego, aromat naturalny), s\u00f3l, czosnek, kwas: kwas cytrynowy, w\u0119dzona pap- ryka. Mo\u017ce zawiera\u0107 gorczyc\u0119.","packaging_image":1097,"nutritional_values":"<table class=\"nutritional-table\"><tbody><tr><th colspan=\"2\">Warto\u015b\u0107 od\u017cywcza\/ Nutrition information \u00f8 100 g<\/th><\/tr><tr><td>Warto\u015b\u0107 energetyczna\/Energy<\/td><td>1 431 kJ\/347 kcal<\/td><\/tr><tr><td>T\u0142uszcz\/Fat<\/td><td>35g<\/td><\/tr><tr><td>\u2013 w tym kwasy t\u0142uszczowe nasycone\/ of which saturates<\/td><td>2,5g<\/td><\/tr><tr><td>W\u0119glowodany\/Carbohydrate<\/td><td>1,2g<\/td><\/tr><tr><td>\u2013 w tym cukry\/of which sugars<\/td><td>0,5g<\/td><\/tr><tr><td>B\u0142onnik\/Fiber<\/td><td>2,0 g<\/td><\/tr><tr><td>Bia\u0142ko\/Protein<\/td><td>5,0 g<\/td><\/tr><tr><td>S\u00f3l\/Salt<\/td><td>0,91g<\/td><\/tr><tr><td>Laktoza\/Lactose<\/td><td><0,01g<\/td><\/tr><\/tbody><\/table><p class=\"note\">*kwasy t\u0142uszczowe omega-3: 2,6 g\/100 g; Kwas alfa-linolenowy (ALA): 2,5 g\/100 g \u2013 ALA pomaga w utrzymaniu prawid\u0142owego poziomu cholesterolu we krwi, dawka skuteczna: 2g\/24h. Pami\u0119taj o znaczeniu zr\u00f3\u017cnicowanej i zbilansowanej diety oraz zdrowego stylu \u017cycia.<\/p>"},"product_benefits":{"benefit_image":3575,"benefit_1":"Zakorzenione w tradycji","benefit_2":"Tworzone z mi\u0142o\u015bci\u0105","benefit_3":"Idealnie zbalansowany smak","benefit_4":"Czyste i naturalne sk\u0142adniki"}},"_links":{"self":[{"href":"https:\/\/lunter.com\/pl\/wp-json\/wp\/v2\/product\/3383","targetHints":{"allow":["GET"]}}],"collection":[{"href":"https:\/\/lunter.com\/pl\/wp-json\/wp\/v2\/product"}],"about":[{"href":"https:\/\/lunter.com\/pl\/wp-json\/wp\/v2\/types\/product"}],"wp:featuredmedia":[{"embeddable":true,"href":"https:\/\/lunter.com\/pl\/wp-json\/wp\/v2\/media\/473"}],"wp:attachment":[{"href":"https:\/\/lunter.com\/pl\/wp-json\/wp\/v2\/media?parent=3383"}],"wp:term":[{"taxonomy":"product_type","embeddable":true,"href":"https:\/\/lunter.com\/pl\/wp-json\/wp\/v2\/product_type?post=3383"}],"curies":[{"name":"wp","href":"https:\/\/api.w.org\/{rel}","templated":true}]}}