{"id":3382,"date":"2025-04-11T15:46:52","date_gmt":"2025-04-11T13:46:52","guid":{"rendered":"https:\/\/lunter.com\/products\/crackling-spread-140\/"},"modified":"2025-05-16T14:51:09","modified_gmt":"2025-05-16T12:51:09","slug":"crackling-spread-140","status":"publish","type":"product","link":"https:\/\/lunter.com\/pl\/produkty\/crackling-spread-140\/","title":{"rendered":"PASTA Z TOFU SMALCZYK Z CEBULK\u0104"},"content":{"rendered":"<p>Bestseller Luntera, kt\u00f3remu trudno si\u0119 oprze\u0107! Intensywny, wyrazisty smak sprawia, \u017ce a\u017c chce si\u0119 je\u015b\u0107 prosto z opakowania (bez obaw, nie oceniamy!). Kremowy, aromatyczny i niezwykle satysfakcjonuj\u0105cy \u2013 idealny do pieczywa, warzyw czy jako szybka przek\u0105ska. Maksimum smaku, zero wysi\u0142ku \u2013 po prostu delektuj si\u0119 i dziel si\u0119 przyjemno\u015bci\u0105!<\/p>\n","protected":false},"featured_media":230,"menu_order":20,"template":"","product_type":[167],"class_list":["post-3382","product","type-product","status-publish","has-post-thumbnail","hentry","product_type-premium-pl"],"acf":{"product_show_in_compact":"1","product_tagline":"Zanurz, posmaruj, pokochaj!","products_weight":"150g","product_ornament_type":"brush_thin","product_ornament_color":"#CDAF8E","benefit_icons":["source-of-omega-3","lactose-free","no-preservatives"],"protein_amount":"8.1","product_details":{"ingredients":"32 % tofu (nasiona soi, woda), woda, olej rzepakowy, 10 % sma\u017cona cebula (76 % cebula, olej rzepakowy, m\u0105ka pszenna, s\u00f3l), dro\u017cd\u017ce, skrobia, sos sojowy (woda, nasiona soi, pszenica, s\u00f3l), s\u00f3l, ocet jab\u0142kowy, stabilizator: pektyna. Mo\u017ce zawiera\u0107 gorczyc\u0119.","packaging_image":1042,"nutritional_values":"<table class=\"nutritional-table\">\r\n<tbody>\r\n<tr>\r\n<th colspan=\"2\">Warto\u015b\u0107 od\u017cywcza na 100 g<\/th>\r\n<\/tr>\r\n<tr>\r\n<td>Warto\u015b\u0107 energetyczna<\/td>\r\n<td>1185kJ\/287 kcal<\/td>\r\n<\/tr>\r\n<tr>\r\n<td>T\u0142uszcz<\/td>\r\n<td>25g<\/td>\r\n<\/tr>\r\n<tr>\r\n<td>\u2013 w tym kwasy t\u0142uszczowe nasycone<\/td>\r\n<td>1,8g<\/td>\r\n<\/tr>\r\n<tr>\r\n<td>W\u0119glowodany<\/td>\r\n<td>5,8g<\/td>\r\n<\/tr>\r\n<tr>\r\n<td>\u2013 w tym cukry<\/td>\r\n<td>&lt;0,5g<\/td>\r\n<\/tr>\r\n<tr>\r\n<td>B\u0142onnik<\/td>\r\n<td>3,0 g<\/td>\r\n<\/tr>\r\n<tr>\r\n<td>Bia\u0142ko<\/td>\r\n<td>8,1g<\/td>\r\n<\/tr>\r\n<tr>\r\n<td>S\u00f3l<\/td>\r\n<td>1,1g<\/td>\r\n<\/tr>\r\n<tr>\r\n<td>Laktoza<\/td>\r\n<td>&lt;0,01g<\/td>\r\n<\/tr>\r\n<\/tbody>\r\n<\/table>"},"product_benefits":{"benefit_image":3480,"benefit_1":"Zakorzenione w tradycji","benefit_2":"Tworzone z mi\u0142o\u015bci\u0105","benefit_3":"Idealnie zbalansowany smak","benefit_4":"Czyste i naturalne sk\u0142adniki"}},"_links":{"self":[{"href":"https:\/\/lunter.com\/pl\/wp-json\/wp\/v2\/product\/3382","targetHints":{"allow":["GET"]}}],"collection":[{"href":"https:\/\/lunter.com\/pl\/wp-json\/wp\/v2\/product"}],"about":[{"href":"https:\/\/lunter.com\/pl\/wp-json\/wp\/v2\/types\/product"}],"wp:featuredmedia":[{"embeddable":true,"href":"https:\/\/lunter.com\/pl\/wp-json\/wp\/v2\/media\/230"}],"wp:attachment":[{"href":"https:\/\/lunter.com\/pl\/wp-json\/wp\/v2\/media?parent=3382"}],"wp:term":[{"taxonomy":"product_type","embeddable":true,"href":"https:\/\/lunter.com\/pl\/wp-json\/wp\/v2\/product_type?post=3382"}],"curies":[{"name":"wp","href":"https:\/\/api.w.org\/{rel}","templated":true}]}}