{"id":3380,"date":"2025-04-11T15:46:52","date_gmt":"2025-04-11T13:46:52","guid":{"rendered":"https:\/\/lunter.com\/products\/mexican-spread-140\/"},"modified":"2025-04-24T11:13:28","modified_gmt":"2025-04-24T09:13:28","slug":"mexican-spread-140","status":"publish","type":"product","link":"https:\/\/lunter.com\/pl\/produkty\/mexican-spread-140\/","title":{"rendered":"PASTA Z TOFU Z PAPRYK\u0104 I CHILLI"},"content":{"rendered":"<p>Fiesta na Twoim chlebie! Jeden z naszych bestseller\u00f3w, uwielbiany za delikatn\u0105 pikantno\u015b\u0107 chili. Pe\u0142en smaku, idealny, gdy masz ochot\u0119 na co\u015b lekko ostrego, syc\u0105cego i wygodnego. Gotowy do smarowania, maczania i delektowania si\u0119 \u2013 ten krem doda wyrazistego charakteru ka\u017cdemu k\u0119sowi. Prosty, po\u017cywny i niesamowicie pyszny!<\/p>\n","protected":false},"featured_media":295,"menu_order":17,"template":"","product_type":[167],"class_list":["post-3380","product","type-product","status-publish","has-post-thumbnail","hentry","product_type-premium-pl"],"acf":{"product_show_in_compact":"1","product_tagline":"Zanurz, posmaruj, pokochaj!","products_weight":"150g","product_ornament_type":"brush_thin","product_ornament_color":"#ED9A88","benefit_icons":["no-preservatives","gluten-free","source-of-protein"],"protein_amount":"7","product_details":{"ingredients":"woda, 32 % tofu (nasiona soi, woda), olej rzepakowy, okara (woda, nasiona soi), suszone dro\u017cd\u017ce, skrobia kukurydziana, cebula, 1,7 % p\u0142atki czerwonej i zielonej papryki, s\u00f3l, mieszanka przypraw, 0,3 % chilli. Mo\u017ce zawiera\u0107 gorczyc\u0119.","packaging_image":1077,"nutritional_values":"<table class=\"nutritional-table\">\r\n<tbody>\r\n<tr>\r\n<th colspan=\"2\">Warto\u015b\u0107 od\u017cywcza na 100 g<\/th>\r\n<\/tr>\r\n<tr>\r\n<td>Warto\u015b\u0107 energetyczna<\/td>\r\n<td>729 kJ\/176 kcal<\/td>\r\n<\/tr>\r\n<tr>\r\n<td>T\u0142uszcz<\/td>\r\n<td>13 g<\/td>\r\n<\/tr>\r\n<tr>\r\n<td>\u2013 w tym kwasy t\u0142uszczowe nasycone<\/td>\r\n<td>1,1 g<\/td>\r\n<\/tr>\r\n<tr>\r\n<td>W\u0119glowodany<\/td>\r\n<td>6,5 g<\/td>\r\n<\/tr>\r\n<tr>\r\n<td>\u2013 w tym cukry<\/td>\r\n<td>0,7 g<\/td>\r\n<\/tr>\r\n<tr>\r\n<td>B\u0142onnik<\/td>\r\n<td>2,3 g<\/td>\r\n<\/tr>\r\n<tr>\r\n<td>Bia\u0142ko<\/td>\r\n<td>7,0 g<\/td>\r\n<\/tr>\r\n<tr>\r\n<td>S\u00f3l<\/td>\r\n<td>1,3 g<\/td>\r\n<\/tr>\r\n<\/tbody>\r\n<\/table>"},"product_benefits":{"benefit_image":3500,"benefit_1":"Zakorzenione w tradycji","benefit_2":"Tworzone z mi\u0142o\u015bci\u0105","benefit_3":"Idealnie zbalansowany smak","benefit_4":"Czyste i naturalne sk\u0142adniki"}},"_links":{"self":[{"href":"https:\/\/lunter.com\/pl\/wp-json\/wp\/v2\/product\/3380","targetHints":{"allow":["GET"]}}],"collection":[{"href":"https:\/\/lunter.com\/pl\/wp-json\/wp\/v2\/product"}],"about":[{"href":"https:\/\/lunter.com\/pl\/wp-json\/wp\/v2\/types\/product"}],"wp:featuredmedia":[{"embeddable":true,"href":"https:\/\/lunter.com\/pl\/wp-json\/wp\/v2\/media\/295"}],"wp:attachment":[{"href":"https:\/\/lunter.com\/pl\/wp-json\/wp\/v2\/media?parent=3380"}],"wp:term":[{"taxonomy":"product_type","embeddable":true,"href":"https:\/\/lunter.com\/pl\/wp-json\/wp\/v2\/product_type?post=3380"}],"curies":[{"name":"wp","href":"https:\/\/api.w.org\/{rel}","templated":true}]}}