{"id":3378,"date":"2025-04-11T15:46:52","date_gmt":"2025-04-11T13:46:52","guid":{"rendered":"https:\/\/lunter.com\/products\/creme-de-tofu-140\/"},"modified":"2026-02-27T22:49:48","modified_gmt":"2026-02-27T21:49:48","slug":"creme-de-tofu-140","status":"publish","type":"product","link":"https:\/\/lunter.com\/pl\/produkty\/creme-de-tofu-140\/","title":{"rendered":"LUNTER CREME DE TOFU"},"content":{"rendered":"<p>Tw\u00f3j nowy kuchenny sekret jest ju\u017c tutaj \u2014 w ulepszonej recepturze. Kremowa, wszechstronna i nieodparcie pyszna, idealna zar\u00f3wno do da\u0144 na s\u0142odko, jak i na s\u0142ono. Doskonale sprawdzi si\u0119 do sernik\u00f3w, tiramisu i kremowych sos\u00f3w, a nawet jako baza do lod\u00f3w. Mo\u017cesz u\u017cy\u0107 jej tak\u017ce do zup, wytrawnych tart lub stworzy\u0107 zupe\u0142nie nowe pasty. Mo\u017cliwo\u015bci s\u0105 nieograniczone.<\/p>\n\n\n<p>Cr\u00e8me de Tofu to idealny sk\u0142adnik dla wszystkich, kt\u00f3rzy kochaj\u0105 kreatywne gotowanie. Spr\u00f3buj i wynie\u015b swoje przepisy na wy\u017cszy poziom.<\/p>\n","protected":false},"featured_media":5227,"template":"","product_type":[167],"class_list":["post-3378","product","type-product","status-publish","has-post-thumbnail","hentry","product_type-premium-pl"],"acf":{"product_show_in_compact":"1","product_tagline":"Zanurz, posmaruj, pokochaj!","products_weight":"140g","product_ornament_type":"brush_thin","product_ornament_color":"#718cc5","benefit_icons":["lactose-free","no-preservatives","gluten-free"],"protein_amount":"","product_details":{"ingredients":"nap\u00f3j sojowy (woda, nasiona soi), 27 % tofu (nasiona soi, woda), olej rzepakowy, olej shea, skrobia kukurydziana, stabilizator: pektyna, s\u00f3l, koncentrat soku cytrynowego. Mo\u017ce zawiera\u0107 gorczyc\u0119.","packaging_image":1047,"nutritional_values":"<table class=\"nutritional-table\">\r\n<tbody>\r\n<tr>\r\n<th colspan=\"2\">Warto\u015b\u0107 od\u017cywcza na 100 g<\/th>\r\n<\/tr>\r\n<tr>\r\n<td>Energia<\/td>\r\n<td>791 kJ\/192 kcal<\/td>\r\n<\/tr>\r\n<tr>\r\n<td>T\u0142uszcz<\/td>\r\n<td>17 g<\/td>\r\n<\/tr>\r\n<tr>\r\n<td>- w tym kwasy t\u0142uszczowe nasycone<\/td>\r\n<td>3,2 g<\/td>\r\n<\/tr>\r\n<tr>\r\n<td>W\u0119glowodany<\/td>\r\n<td>1,7 g<\/td>\r\n<\/tr>\r\n<tr>\r\n<td>- w tym cukry<\/td>\r\n<td>&lt;0,5 g<\/td>\r\n<\/tr>\r\n<tr>\r\n<td>B\u0142onnik<\/td>\r\n<td>2,3 g<\/td>\r\n<\/tr>\r\n<tr>\r\n<td>Bia\u0142ko<\/td>\r\n<td>6,2 g<\/td>\r\n<\/tr>\r\n<tr>\r\n<td>S\u00f3l<\/td>\r\n<td>0,36 g<\/td>\r\n<\/tr>\r\n<tr>\r\n<td>Laktoza<\/td>\r\n<td>&lt;0,01 g<\/td>\r\n<\/tr>\r\n<\/tbody>\r\n<\/table>"},"product_benefits":{"benefit_image":3485,"benefit_1":"Zakorzenione w tradycji","benefit_2":"Tworzone z mi\u0142o\u015bci\u0105","benefit_3":"Idealnie zbalansowany smak","benefit_4":"Czyste i naturalne sk\u0142adniki"}},"_links":{"self":[{"href":"https:\/\/lunter.com\/pl\/wp-json\/wp\/v2\/product\/3378","targetHints":{"allow":["GET"]}}],"collection":[{"href":"https:\/\/lunter.com\/pl\/wp-json\/wp\/v2\/product"}],"about":[{"href":"https:\/\/lunter.com\/pl\/wp-json\/wp\/v2\/types\/product"}],"wp:featuredmedia":[{"embeddable":true,"href":"https:\/\/lunter.com\/pl\/wp-json\/wp\/v2\/media\/5227"}],"wp:attachment":[{"href":"https:\/\/lunter.com\/pl\/wp-json\/wp\/v2\/media?parent=3378"}],"wp:term":[{"taxonomy":"product_type","embeddable":true,"href":"https:\/\/lunter.com\/pl\/wp-json\/wp\/v2\/product_type?post=3378"}],"curies":[{"name":"wp","href":"https:\/\/api.w.org\/{rel}","templated":true}]}}