{"id":3375,"date":"2025-04-11T15:46:46","date_gmt":"2025-04-11T13:46:46","guid":{"rendered":"https:\/\/lunter.com\/products\/quick-creations-grain-pie-190\/"},"modified":"2025-04-23T18:40:58","modified_gmt":"2025-04-23T16:40:58","slug":"quick-creations-grain-pie-190","status":"publish","type":"product","link":"https:\/\/lunter.com\/pl\/produkty\/quick-creations-grain-pie-190\/","title":{"rendered":"QUICK CREATIONS KASZOTTO Z TOFU"},"content":{"rendered":"<p>Hej, \u015bwiadomy smakoszu! Szukasz dania, kt\u00f3re zachwyci smakiem i jednocze\u015bnie b\u0119dzie przyjazne dla planety? Nasze Kaszotto z Tofu to ro\u015blinna uczta pe\u0142na syc\u0105cych, naturalnych sk\u0142adnik\u00f3w. Po\u0142\u0105czyli\u015bmy delikatn\u0105 kasz\u0119 j\u0119czmienn\u0105 z aromatycznie doprawion\u0105 mieszank\u0105 tofu, soi i pszenicy, tworz\u0105c idealnie wywa\u017cone, pe\u0142ne smaku danie.<br \/>\nBogate w bia\u0142ko, bez cholesterolu i niezwykle \u0142atwe w przygotowaniu \u2013 wystarczy zapiec je przez 15 minut w 180\u00b0C i gotowe! Podawaj z ulubionymi dodatkami i ciesz si\u0119 zdrowym, ro\u015blinnym posi\u0142kiem, kt\u00f3ry dobrze smakuje i r\u00f3wnie dobrze wp\u0142ywa na \u015brodowisko. Smacznie, prosto i \u015bwiadomie \u2013 czego chcie\u0107 wi\u0119cej?<\/p>\n","protected":false},"featured_media":397,"menu_order":256,"template":"","product_type":[149],"class_list":["post-3375","product","type-product","status-publish","has-post-thumbnail","hentry","product_type-quick-creations-pl"],"acf":{"product_show_in_compact":"1","product_tagline":"Szybkie w przygotowaniu, uzale\u017cniaj\u0105co pyszne!","products_weight":"190g","product_ornament_type":"brush_thick","product_ornament_color":"#C7C982","benefit_icons":["source-of-fiber","no-preservatives","source-of-protein"],"protein_amount":"","product_details":{"ingredients":"woda, 14 % kasza j\u0119czmienna, olej rzepakowy, 7 % tofu (nasiona soi, woda), bia\u0142ko pszeniczne, cebula, skrobia kukurydziana, czosnek, dro\u017cd\u017ce, s\u00f3l, ry\u017c fermentowany, przyprawy. Mo\u017ce zawiera\u0107 gorczyc\u0119.","packaging_image":1142,"nutritional_values":"<table class=\"nutritional-table\"><tbody><tr><th colspan=\"2\">Warto\u015b\u0107 od\u017cywcza na 100 g<\/th><\/tr><tr><td>Warto\u015b\u0107 energetyczna<\/td><td>869 kJ\/208 kcal<\/td><\/tr><tr><td>T\u0142uszcz<\/td><td>11g<\/td><\/tr><tr><td>\u2013 w tym kwasy t\u0142uszczowe nasycone<\/td><td>0,8g<\/td><\/tr><tr><td>W\u0119glowodany<\/td><td>17g<\/td><\/tr><tr><td>\u2013 w tym cukry<\/td><td><0,5g<\/td><\/tr><tr><td>B\u0142onnik<\/td><td>2,7g<\/td><\/tr><tr><td>Bia\u0142ko<\/td><td>8,9g<\/td><\/tr><tr><td>S\u00f3l<\/td><td>1,4g<\/td><\/tr><tr><td>Laktoza<\/td><td><0,01g<\/td><\/tr><\/tbody><\/table>"},"product_benefits":{"benefit_image":3535,"benefit_1":"Idealnie zbalansowany smak","benefit_2":"Tworzone z mi\u0142o\u015bci\u0105","benefit_3":"Naturalnie pyszne","benefit_4":"Stworzone do gotowania"}},"_links":{"self":[{"href":"https:\/\/lunter.com\/pl\/wp-json\/wp\/v2\/product\/3375","targetHints":{"allow":["GET"]}}],"collection":[{"href":"https:\/\/lunter.com\/pl\/wp-json\/wp\/v2\/product"}],"about":[{"href":"https:\/\/lunter.com\/pl\/wp-json\/wp\/v2\/types\/product"}],"wp:featuredmedia":[{"embeddable":true,"href":"https:\/\/lunter.com\/pl\/wp-json\/wp\/v2\/media\/397"}],"wp:attachment":[{"href":"https:\/\/lunter.com\/pl\/wp-json\/wp\/v2\/media?parent=3375"}],"wp:term":[{"taxonomy":"product_type","embeddable":true,"href":"https:\/\/lunter.com\/pl\/wp-json\/wp\/v2\/product_type?post=3375"}],"curies":[{"name":"wp","href":"https:\/\/api.w.org\/{rel}","templated":true}]}}