{"id":3374,"date":"2025-04-11T15:46:46","date_gmt":"2025-04-11T13:46:46","guid":{"rendered":"https:\/\/lunter.com\/products\/quick-creations-bolognese-190\/"},"modified":"2025-04-23T18:40:58","modified_gmt":"2025-04-23T16:40:58","slug":"quick-creations-bolognese-190","status":"publish","type":"product","link":"https:\/\/lunter.com\/pl\/produkty\/quick-creations-bolognese-190\/","title":{"rendered":"QUICK CREATIONS SOS BOLO\u0143SKI"},"content":{"rendered":"<p>Marzysz o bogatym smaku klasycznego Bolognese, ale w 100% ro\u015blinnym wydaniu? Nasz Sos bolo\u0144ski spe\u0142ni Twoje kulinarne pragnienia! Przygotowane z najwy\u017cszej jako\u015bci sk\u0142adnik\u00f3w ro\u015blinnych, takich jak nasze wyj\u0105tkowe tofu, soczyste pomidory, aromatyczna cebula oraz mieszanka zi\u00f3\u0142 i przypraw, dostarcza pe\u0142ni smaku tradycyjnego w\u0142oskiego dania.<br \/>\nPodawaj je z ulubionym makaronem, wykorzystaj do warstwowej lasagne lub jako baz\u0119 do syc\u0105cego gulaszu. Nasze Bolognese jest tak wszechstronne, jak Twoja kulinarna wyobra\u017ania!<\/p>\n","protected":false},"featured_media":382,"template":"","product_type":[149],"class_list":["post-3374","product","type-product","status-publish","has-post-thumbnail","hentry","product_type-quick-creations-pl"],"acf":{"product_show_in_compact":"1","product_tagline":"Szybkie w przygotowaniu, uzale\u017cniaj\u0105co pyszne!","products_weight":"190g","product_ornament_type":"brush_thick","product_ornament_color":"#CB7B78","benefit_icons":["source-of-fiber","gluten-free","source-of-protein"],"protein_amount":"","product_details":{"ingredients":"woda, 26 % tofu (nasiona soi, woda), 13 % pomidory, cebula, olej rzepa- kowy, cukier, czosnek, s\u00f3l, nasiona soi, fermentowana pszenica \u2013 nie zawiera glutenu, skrobia, przyprawy, zio\u0142a, ekstrakt przypraw. Mo\u017ce zawiera\u0107 gorczyc\u0119.","packaging_image":1082,"nutritional_values":"<table class=\"nutritional-table\"><tbody><tr><th colspan=\"2\">Warto\u015b\u0107 od\u017cywcza na 100 g<\/th><\/tr><tr><td>Warto\u015b\u0107 energetyczna<\/td><td>438 kJ\/105 kcal<\/td><\/tr><tr><td>T\u0142uszcz<\/td><td>4,9g<\/td><\/tr><tr><td>\u2013 w tym kwasy t\u0142uszczowe nasycone<\/td><td>0,4g<\/td><\/tr><tr><td>W\u0119glowodany<\/td><td>7,5g<\/td><\/tr><tr><td>\u2013 w tym cukry<\/td><td>6,6g<\/td><\/tr><tr><td>B\u0142onnik<\/td><td>4,7g<\/td><\/tr><tr><td>Bia\u0142ko<\/td><td>5,4g<\/td><\/tr><tr><td>S\u00f3l<\/td><td>1,3g<\/td><\/tr><\/tbody><\/table>"},"product_benefits":{"benefit_image":3525,"benefit_1":"Wystarczy podgrza\u0107 i zje\u015b\u0107","benefit_2":"Idealnie zbalansowany smak","benefit_3":"Tworzone z mi\u0142o\u015bci\u0105","benefit_4":"Tylko naturalne sk\u0142adniki"}},"_links":{"self":[{"href":"https:\/\/lunter.com\/pl\/wp-json\/wp\/v2\/product\/3374","targetHints":{"allow":["GET"]}}],"collection":[{"href":"https:\/\/lunter.com\/pl\/wp-json\/wp\/v2\/product"}],"about":[{"href":"https:\/\/lunter.com\/pl\/wp-json\/wp\/v2\/types\/product"}],"wp:featuredmedia":[{"embeddable":true,"href":"https:\/\/lunter.com\/pl\/wp-json\/wp\/v2\/media\/382"}],"wp:attachment":[{"href":"https:\/\/lunter.com\/pl\/wp-json\/wp\/v2\/media?parent=3374"}],"wp:term":[{"taxonomy":"product_type","embeddable":true,"href":"https:\/\/lunter.com\/pl\/wp-json\/wp\/v2\/product_type?post=3374"}],"curies":[{"name":"wp","href":"https:\/\/api.w.org\/{rel}","templated":true}]}}