{"id":3368,"date":"2026-04-01T00:00:00","date_gmt":"2026-03-31T22:00:00","guid":{"rendered":"https:\/\/lunter.com\/products\/tofu-marinated-sweet-chilli-180\/"},"modified":"2026-03-31T20:33:46","modified_gmt":"2026-03-31T18:33:46","slug":"tofu-marinated-sweet-chilli-180","status":"publish","type":"product","link":"https:\/\/lunter.com\/pl\/produkty\/tofu-marinated-sweet-chilli-180\/","title":{"rendered":"TOFU MARYNOWANE  SWEET CHILLI"},"content":{"rendered":"<p>Marzysz o ucieczce do Tajlandii, ale utkn\u0105\u0142e\u015b w domu? asze tofu Sweet Chilli przeniesie te intensywne smaki prosto do Twojej kuchni! Zamarynowane w idealnie wywa\u017conym, s\u0142odko-pikantnym sosie, doskonale podkr\u0119ci smak Pad Thaia, wrap\u00f3w czy da\u0144 stir-fry. Wystarczy szybkie podsma\u017cenie na patelni \u2013 i gotowe! Masz ochot\u0119 na co\u015b nowego? Wrzu\u0107 je na grilla, aby doda\u0107 mu w\u0119dzonego aromatu \u2013 to prawdziwy hit! Dodatkowo jest w 100% ro\u015blinne, bez cholesterolu i konserwant\u00f3w, a do jego produkcji wykorzystano niemodyfikowan\u0105 genetycznie europejsk\u0105 soj\u0119. Szybkie, pyszne i przyjazne dla planety \u2013 czego chcie\u0107 wi\u0119cej?<\/p>\n","protected":false},"featured_media":5701,"template":"","product_type":[176],"class_list":["post-3368","product","type-product","status-publish","has-post-thumbnail","hentry","product_type-marynowane"],"acf":{"product_show_in_compact":"1","product_tagline":"Idealnie doprawione, gotowe do dzia\u0142ania.","products_weight":"180g","product_ornament_type":"splash","product_ornament_color":"#E77E53","benefit_icons":["number-protein","non-gmo-soybeans","source-of-calcium"],"protein_amount":"23","product_details":{"ingredients":"88 % tofu (57 % nasiona soi, woda, wap\u0144), 12 % marynata [woda, olej rzepakowy, cukier, s\u00f3l, naturalne aromaty, przyprawy (imbir, 1 % chilli), suszone warzywa (cebula, czosnek, pomidory), ekstrakty z przypraw, skrobia kukurydziana)","packaging_image":1112,"nutritional_values":"<table class=\"nutritional-table\">\r\n<tbody>\r\n<tr>\r\n<th colspan=\"2\">Warto\u015b\u0107 od\u017cywcza na 100 g<\/th>\r\n<\/tr>\r\n<tr>\r\n<td>Energia<\/td>\r\n<td>620 kJ\/149 kcal<\/td>\r\n<\/tr>\r\n<tr>\r\n<td>T\u0142uszcz<\/td>\r\n<td>8,5 g<\/td>\r\n<\/tr>\r\n<tr>\r\n<td>\u2013 w tym kwasy t\u0142uszczowe nasycone<\/td>\r\n<td>1,0 g<\/td>\r\n<\/tr>\r\n<tr>\r\n<td>W\u0119glowodany<\/td>\r\n<td>4,0 g<\/td>\r\n<\/tr>\r\n<tr>\r\n<td>\u2013 w tym cukry<\/td>\r\n<td>2,0 g<\/td>\r\n<\/tr>\r\n<tr>\r\n<td>B\u0142onnik<\/td>\r\n<td>2,0 g<\/td>\r\n<\/tr>\r\n<tr>\r\n<td>Bia\u0142ko<\/td>\r\n<td>13 g<\/td>\r\n<\/tr>\r\n<tr>\r\n<td>S\u00f3l<\/td>\r\n<td>1,5 g<\/td>\r\n<\/tr>\r\n<tr>\r\n<td>Wap\u0144<\/td>\r\n<td>210 mg**<\/td>\r\n<\/tr>\r\n<\/tbody>\r\n<\/table>\r\n<p class=\"note\">**26 % NRV (referencyjne warto\u015bci spo\u017cycia (RWS))<\/p>"},"product_benefits":{"benefit_image":3600,"benefit_1":"Doskonale zbalansowany smak","benefit_2":"Tworzone z mi\u0142o\u015bci\u0105","benefit_3":"Gotuj po swojemu","benefit_4":"Stworzone do sma\u017cenia"}},"_links":{"self":[{"href":"https:\/\/lunter.com\/pl\/wp-json\/wp\/v2\/product\/3368","targetHints":{"allow":["GET"]}}],"collection":[{"href":"https:\/\/lunter.com\/pl\/wp-json\/wp\/v2\/product"}],"about":[{"href":"https:\/\/lunter.com\/pl\/wp-json\/wp\/v2\/types\/product"}],"wp:featuredmedia":[{"embeddable":true,"href":"https:\/\/lunter.com\/pl\/wp-json\/wp\/v2\/media\/5701"}],"wp:attachment":[{"href":"https:\/\/lunter.com\/pl\/wp-json\/wp\/v2\/media?parent=3368"}],"wp:term":[{"taxonomy":"product_type","embeddable":true,"href":"https:\/\/lunter.com\/pl\/wp-json\/wp\/v2\/product_type?post=3368"}],"curies":[{"name":"wp","href":"https:\/\/api.w.org\/{rel}","templated":true}]}}