{"id":3366,"date":"2025-04-11T15:46:46","date_gmt":"2025-04-11T13:46:46","guid":{"rendered":"https:\/\/lunter.com\/products\/tofu-marinated-teriyaki-180\/"},"modified":"2025-04-23T18:40:58","modified_gmt":"2025-04-23T16:40:58","slug":"tofu-marinated-teriyaki-180","status":"publish","type":"product","link":"https:\/\/lunter.com\/pl\/produkty\/tofu-marinated-teriyaki-180\/","title":{"rendered":"TOFU MARYNOWANE TERYAKI"},"content":{"rendered":"<p>Brakuje Ci czasu, ale masz ochot\u0119 na azjetyckie smaki? Nasze tofu teriyaki jest ju\u017c zamarynowane w wy\u015bmienitym, s\u0142odkim sosie teriyaki, dzi\u0119ki czemu egzotyczne arotmaty Japonii trafiaj\u0105 prosto na Tw\u00f3j talerz. Zero d\u0142ugich przygotowa\u0144 \u2013 wystarczy pokroi\u0107 i podsma\u017cy\u0107 na patelni, by w kilka minut cieszy\u0107 si\u0119 po\u017cywnym posi\u0142kiem. Doskonale sprawdzi si\u0119 w stir-fry, miseczkach z warzywami, daniach z makaronem lub jako bogaty w bia\u0142ko dodatek do Twoich ulubionych potraw. W 100% ro\u015blinne, bez cholesterolu i konserwant\u00f3w, wyprodukowane z niemodyfikowanej genetycznie europejskiej soi. Dzi\u0119ki wysokiej zawarto\u015bci bia\u0142ka i wapnia wspiera Tw\u00f3j organizm, jednocze\u015bnie rozpieszczaj\u0105c kubki smakowe. Kto powiedzia\u0142, \u017ce szybkie dania nie mog\u0105 by\u0107 zdrowe i pyszne?<\/p>\n","protected":false},"featured_media":563,"menu_order":203,"template":"","product_type":[176],"class_list":["post-3366","product","type-product","status-publish","has-post-thumbnail","hentry","product_type-marynowane"],"acf":{"product_show_in_compact":"1","product_tagline":"Idealnie doprawione, gotowe do dzia\u0142ania.","products_weight":"180g","product_ornament_type":"splash","product_ornament_color":"#7E75AE","benefit_icons":["number-protein","non-gmo-soybeans","source-of-calcium"],"protein_amount":"25","product_details":{"ingredients":"88 % tofu (57 % nasiona soi, woda, wap\u0144), 12 % marynata (woda, fermentowane nasiona soi, fermentowane nasiona pszenicy \u2013 nie zawiera glutenu, cukier, s\u00f3l, ocet ry\u017cowy, skrobia, cebula, czosnek, imbir, przecier ananasowy)","packaging_image":1182,"nutritional_values":"<table class=\"nutritional-table\"><tbody><tr><th colspan=\"2\">Warto\u015b\u0107 od\u017cywcza na 100 g<\/th><\/tr><tr><td>Energia<\/td><td>576 kJ\/138 kcal<\/td><\/tr><tr><td>T\u0142uszcz<\/td><td>7,7 g<\/td><\/tr><tr><td>\u2013 w tym kwasy t\u0142uszczowe nasycone<\/td><td>1,2 g<\/td><\/tr><tr><td>W\u0119glowodany<\/td><td>2,1 g<\/td><\/tr><tr><td>\u2013 w tym cukry<\/td><td>1,9 g<\/td><\/tr><tr><td>B\u0142onnik<\/td><td>2,2 g<\/td><\/tr><tr><td>Bia\u0142ko<\/td><td>14 g<\/td><\/tr><tr><td>S\u00f3l<\/td><td>1,1 g<\/td><\/tr><tr><td>Wap\u0144<\/td><td>210 mg**<\/td><\/tr><\/tbody><\/table><p class=\"note\">**26 % NRV (referencyjne warto\u015bci spo\u017cycia (RWS))<\/p>"},"product_benefits":{"benefit_image":3605,"benefit_1":"Doskonale zbalansowany smak","benefit_2":"Tworzone z mi\u0142o\u015bci\u0105","benefit_3":"Gotuj po swojemu","benefit_4":"Stworzone do sma\u017cenia"}},"_links":{"self":[{"href":"https:\/\/lunter.com\/pl\/wp-json\/wp\/v2\/product\/3366","targetHints":{"allow":["GET"]}}],"collection":[{"href":"https:\/\/lunter.com\/pl\/wp-json\/wp\/v2\/product"}],"about":[{"href":"https:\/\/lunter.com\/pl\/wp-json\/wp\/v2\/types\/product"}],"wp:featuredmedia":[{"embeddable":true,"href":"https:\/\/lunter.com\/pl\/wp-json\/wp\/v2\/media\/563"}],"wp:attachment":[{"href":"https:\/\/lunter.com\/pl\/wp-json\/wp\/v2\/media?parent=3366"}],"wp:term":[{"taxonomy":"product_type","embeddable":true,"href":"https:\/\/lunter.com\/pl\/wp-json\/wp\/v2\/product_type?post=3366"}],"curies":[{"name":"wp","href":"https:\/\/api.w.org\/{rel}","templated":true}]}}