{"id":3274,"date":"2025-04-07T20:10:03","date_gmt":"2025-04-07T18:10:03","guid":{"rendered":"https:\/\/lunter.com\/?page_id=3274"},"modified":"2025-04-23T09:58:08","modified_gmt":"2025-04-23T07:58:08","slug":"o-nas","status":"publish","type":"page","link":"https:\/\/lunter.com\/pl\/o-nas\/","title":{"rendered":"O nas"},"content":{"rendered":"\n<p>\u015awietne tofu nie wymaga doktoratu. Wystarcz\u0105 proste sk\u0142adniki, sprawdzona metoda znana od dw\u00f3ch tysi\u0119cy lat i zero dziwnych dodatk\u00f3w, kt\u00f3rych nazw nikt z nas nie potrafi wym\u00f3wi\u0107. Od ponad 30 lat trzymamy si\u0119 prostych zasad: robimy tofu tak, jak sami lubimy \u2013 smaczne, wysokiej jako\u015bci i na tyle uniwersalne, \u017ce pasuje do ka\u017cdego dania, o ka\u017cdej porze, w ka\u017cdej formie.<\/p>\n\n\n\n<p>Niezale\u017cnie od tego, czy tofu to Twoja wieloletnia kulinarna mi\u0142o\u015b\u0107, nowa fascynacja, czy ostatnia deska ratunku, gdy w lod\u00f3wce zosta\u0142y tylko \u015bwiat\u0142o i musztarda \u2013 Lunter u\u0142atwia spraw\u0119. Ma by\u0107 prosto, dost\u0119pnie i przede wszystkim: pysznie.<\/p>\n\n\n\n<p>Prosto. Szczerze. Z mi\u0142o\u015bci\u0105.<\/p>\n","protected":false},"excerpt":{"rendered":"<p>\u015awietne tofu nie wymaga doktoratu. Wystarcz\u0105 proste sk\u0142adniki, sprawdzona metoda znana od dw\u00f3ch tysi\u0119cy lat i zero dziwnych dodatk\u00f3w, kt\u00f3rych nazw nikt z nas nie potrafi wym\u00f3wi\u0107. Od ponad 30 lat trzymamy si\u0119 prostych zasad: robimy tofu tak, jak sami lubimy \u2013 smaczne, wysokiej jako\u015bci i na tyle uniwersalne, \u017ce pasuje do ka\u017cdego dania, o [&hellip;]<\/p>\n","protected":false},"author":7,"featured_media":0,"parent":0,"menu_order":0,"comment_status":"closed","ping_status":"closed","template":"templates\/template-about.php","meta":{"_acf_changed":false,"footnotes":""},"class_list":["post-3274","page","type-page","status-publish","hentry"],"acf":[],"_links":{"self":[{"href":"https:\/\/lunter.com\/pl\/wp-json\/wp\/v2\/pages\/3274","targetHints":{"allow":["GET"]}}],"collection":[{"href":"https:\/\/lunter.com\/pl\/wp-json\/wp\/v2\/pages"}],"about":[{"href":"https:\/\/lunter.com\/pl\/wp-json\/wp\/v2\/types\/page"}],"author":[{"embeddable":true,"href":"https:\/\/lunter.com\/pl\/wp-json\/wp\/v2\/users\/7"}],"replies":[{"embeddable":true,"href":"https:\/\/lunter.com\/pl\/wp-json\/wp\/v2\/comments?post=3274"}],"version-history":[{"count":1,"href":"https:\/\/lunter.com\/pl\/wp-json\/wp\/v2\/pages\/3274\/revisions"}],"predecessor-version":[{"id":3275,"href":"https:\/\/lunter.com\/pl\/wp-json\/wp\/v2\/pages\/3274\/revisions\/3275"}],"wp:attachment":[{"href":"https:\/\/lunter.com\/pl\/wp-json\/wp\/v2\/media?parent=3274"}],"curies":[{"name":"wp","href":"https:\/\/api.w.org\/{rel}","templated":true}]}}