{"id":5655,"date":"2025-04-11T15:46:52","date_gmt":"2025-04-11T13:46:52","guid":{"rendered":"https:\/\/lunter.com\/products\/crackling-spread-140\/"},"modified":"2026-03-30T16:53:34","modified_gmt":"2026-03-30T14:53:34","slug":"crackling-spread-140","status":"publish","type":"product","link":"https:\/\/lunter.com\/hu\/termekek\/crackling-spread-140\/","title":{"rendered":"TEPERT\u0150S KENHET\u0150"},"content":{"rendered":"<p>Tepert\u0151s kenhet\u0151 &#8211; hagyom\u00e1nyos magyar \u00edz pr\u00e9mium min\u0151s\u00e9gben. Nagy kiszerel\u00e9s azoknak, akik szeretik.<\/p>\n","protected":false},"featured_media":5656,"template":"","product_type":[165],"class_list":["post-5655","product","type-product","status-publish","has-post-thumbnail","hentry","product_type-premium-hu"],"acf":{"product_show_in_compact":"1","product_tagline":"K\u00e9nyelem minden falatban","products_weight":"150g","product_ornament_type":"brush_thin","product_ornament_color":"#CDAF8E","benefit_icons":["source-of-omega-3","lactose-free","no-preservatives"],"protein_amount":"8.1","product_details":{"ingredients":"32 % tofu (sz\u00f3jabab, iv\u00f3v\u00edz), iv\u00f3v\u00edz,\r\nrepceolaj, 10 % pir\u00edtott hagyma (76 % v\u00f6r\u00f6shagyma, repceolaj,\r\nb\u00fazaliszt, \u00e9tkez\u00e9si s\u00f3), sz\u00e1r\u00edtott \u00e9leszt\u0151, burgonyakem\u00e9ny\u00edt\u0151,\r\nsz\u00f3jasz\u00f3sz (iv\u00f3v\u00edz, ferment\u00e1lt sz\u00f3jabab, ferment\u00e1lt b\u00faza,\r\n\u00e9tkez\u00e9si s\u00f3), \u00e9tkez\u00e9si s\u00f3, almaecet, stabiliz\u00e1tor: pektin.\r\nMust\u00e1rt tartalmazhat. *zs\u00edrb\u00f3l Omega-3 zs\u00edrsavak: 1,5 g\/100 g.\r\nAlfa-linol\u00e9nsav (ALA): 1,4 g\/100 g. Az ALA hozz\u00e1j\u00e1rul a v\u00e9r\r\nnorm\u00e1l koleszterinszintj\u00e9nek fenntart\u00e1s\u00e1hoz.","packaging_image":1041,"nutritional_values":"<table class=\"nutritional-table\">\r\n<tbody>\r\n<tr>\r\n<th colspan=\"2\">T\u00e1p\u00e9rt\u00e9kek 100 g-ra<\/th>\r\n<\/tr>\r\n<tr>\r\n<td>Energia<\/td>\r\n<td>1185 kJ\/287 kcal<\/td>\r\n<\/tr>\r\n<tr>\r\n<td>Zs\u00edr<\/td>\r\n<td>25 g<\/td>\r\n<\/tr>\r\n<tr>\r\n<td>\u2013 ebb\u0151l tel\u00edtett zs\u00edrsavak<\/td>\r\n<td>1,8 g<\/td>\r\n<\/tr>\r\n<tr>\r\n<td>Sz\u00e9nhidr\u00e1t<\/td>\r\n<td>5,8 g<\/td>\r\n<\/tr>\r\n<tr>\r\n<td>\u2013 ebb\u0151l cukrok<\/td>\r\n<td>0,5 g<\/td>\r\n<\/tr>\r\n<tr>\r\n<td>Rost<\/td>\r\n<td>3,0 g<\/td>\r\n<\/tr>\r\n<tr>\r\n<td>Feh\u00e9rje<\/td>\r\n<td>8,1 g<\/td>\r\n<\/tr>\r\n<tr>\r\n<td>S\u00f3<\/td>\r\n<td>1,1 g<\/td>\r\n<\/tr>\r\n<tr>\r\n<td>Lakt\u00f3z<\/td>\r\n<td>&lt;0,01 g<\/td>\r\n<\/tr>\r\n<\/tbody>\r\n<\/table>\r\n<p class=\"note\">*Omega-3 zs\u00edrsavak: 1,5 g\/100 g; Alfa-linol\u00e9nsav (ALA): 1,4 g\/100 g \u2013 Az ALA hozz\u00e1j\u00e1rul a norm\u00e1l v\u00e9rkoleszterinszint fenntart\u00e1s\u00e1hoz, hat\u00e1sos adag: 2 g\/24 \u00f3ra.<\/p>"},"product_benefits":{"benefit_image":3479,"benefit_1":"Hagyom\u00e1nyos gy\u00e1rt\u00e1si m\u00f3dszer","benefit_2":"Szeretettel k\u00e9sz\u00edtve","benefit_3":"Engedd szabadj\u00e1ra kreativit\u00e1sod","benefit_4":"Tiszta & min\u0151s\u00e9gi alapanyagok"}},"_links":{"self":[{"href":"https:\/\/lunter.com\/hu\/wp-json\/wp\/v2\/product\/5655","targetHints":{"allow":["GET"]}}],"collection":[{"href":"https:\/\/lunter.com\/hu\/wp-json\/wp\/v2\/product"}],"about":[{"href":"https:\/\/lunter.com\/hu\/wp-json\/wp\/v2\/types\/product"}],"wp:featuredmedia":[{"embeddable":true,"href":"https:\/\/lunter.com\/hu\/wp-json\/wp\/v2\/media\/5656"}],"wp:attachment":[{"href":"https:\/\/lunter.com\/hu\/wp-json\/wp\/v2\/media?parent=5655"}],"wp:term":[{"taxonomy":"product_type","embeddable":true,"href":"https:\/\/lunter.com\/hu\/wp-json\/wp\/v2\/product_type?post=5655"}],"curies":[{"name":"wp","href":"https:\/\/api.w.org\/{rel}","templated":true}]}}