{"id":5646,"date":"2025-04-11T15:46:52","date_gmt":"2025-04-11T13:46:52","guid":{"rendered":"https:\/\/lunter.com\/products\/mexican-spread-140\/"},"modified":"2026-03-30T16:49:52","modified_gmt":"2026-03-30T14:49:52","slug":"mexican-spread-140","status":"publish","type":"product","link":"https:\/\/lunter.com\/hu\/termekek\/mexican-spread-140\/","title":{"rendered":"MEXIK\u00d3I KENHET\u0150"},"content":{"rendered":"<p>Mexik\u00f3i st\u00edlus\u00fa kenhet\u0151 &#8211; pik\u00e1ns \u00e9s gazdag, nagyobb m\u00e9retben. Ide\u00e1lis megoszt\u00e1sra vagy gyakori haszn\u00e1latra.<\/p>\n","protected":false},"featured_media":5647,"menu_order":17,"template":"","product_type":[165],"class_list":["post-5646","product","type-product","status-publish","has-post-thumbnail","hentry","product_type-premium-hu"],"acf":{"product_show_in_compact":"1","product_tagline":"K\u00e9nyelem minden falatban","products_weight":"150g","product_ornament_type":"brush_thin","product_ornament_color":"#ED9A88","benefit_icons":["no-preservatives","gluten-free","source-of-protein"],"protein_amount":"7","product_details":{"ingredients":"iv\u00f3v\u00edz, 32 % tofu (sz\u00f3jabab, iv\u00f3v\u00edz),\r\nrepceolaj, okara (iv\u00f3v\u00edz, sz\u00f3jabab),\r\nsz\u00e1r\u00edtott \u00e9leszt\u0151, kukoricakem\u00e9ny\u00edt\u0151,\r\nv\u00f6r\u00f6shagyma, 1,7 % piros \u00e9s z\u00f6ld\r\npaprikapehely, \u00e9tkez\u00e9si s\u00f3, f\u0171szerkever\u00e9k,\r\n0,3 % chili. Must\u00e1rt tartalmazhat.","packaging_image":1076,"nutritional_values":"<table class=\"nutritional-table\"><tbody><tr><th colspan=\"2\">T\u00e1p\u00e9rt\u00e9kek 100 g-ra<\/th><\/tr><tr><td>Energia<\/td><td>729 kJ\/176 kcal<\/td><\/tr><tr><td>Zs\u00edr<\/td><td>13 g<\/td><\/tr><tr><td>\u2013 ebb\u0151l tel\u00edtett zs\u00edrsavak<\/td><td>1,1 g<\/td><\/tr><tr><td>Sz\u00e9nhidr\u00e1t<\/td><td>6,5 g<\/td><\/tr><tr><td>\u2013 ebb\u0151l cukrok<\/td><td>0,7 g<\/td><\/tr><tr><td>Rost<\/td><td>2,3 g<\/td><\/tr><tr><td>Feh\u00e9rje<\/td><td>7,0 g<\/td><\/tr><tr><td>S\u00f3<\/td><td>1,3 g<\/td><\/tr><\/tbody><\/table>"},"product_benefits":{"benefit_image":3499,"benefit_1":"Hagyom\u00e1nyos gy\u00e1rt\u00e1si m\u00f3dszer","benefit_2":"Szeretettel k\u00e9sz\u00edtve","benefit_3":"Engedd szabadj\u00e1ra kreativit\u00e1sod","benefit_4":"Tiszta & min\u0151s\u00e9gi alapanyagok"}},"_links":{"self":[{"href":"https:\/\/lunter.com\/hu\/wp-json\/wp\/v2\/product\/5646","targetHints":{"allow":["GET"]}}],"collection":[{"href":"https:\/\/lunter.com\/hu\/wp-json\/wp\/v2\/product"}],"about":[{"href":"https:\/\/lunter.com\/hu\/wp-json\/wp\/v2\/types\/product"}],"wp:featuredmedia":[{"embeddable":true,"href":"https:\/\/lunter.com\/hu\/wp-json\/wp\/v2\/media\/5647"}],"wp:attachment":[{"href":"https:\/\/lunter.com\/hu\/wp-json\/wp\/v2\/media?parent=5646"}],"wp:term":[{"taxonomy":"product_type","embeddable":true,"href":"https:\/\/lunter.com\/hu\/wp-json\/wp\/v2\/product_type?post=5646"}],"curies":[{"name":"wp","href":"https:\/\/api.w.org\/{rel}","templated":true}]}}