{"id":5607,"date":"2025-04-11T15:46:58","date_gmt":"2025-04-11T13:46:58","guid":{"rendered":"https:\/\/lunter.com\/products\/alu-pate-de-tofu-cranberries-75\/"},"modified":"2026-03-28T20:44:14","modified_gmt":"2026-03-28T19:44:14","slug":"alu-pate-de-tofu-cranberries-75","status":"publish","type":"product","link":"https:\/\/lunter.com\/hu\/termekek\/alu-pate-de-tofu-cranberries-75\/","title":{"rendered":"ALU \u00c1FONY\u00c1S TOFU P\u00c1ST\u00c9TOM"},"content":{"rendered":"<p>\u00c1fony\u00e1s Tofu P\u00e1st\u00e9tom ALU csomagol\u00e1sban &#8211; \u00e9des-s\u00f3s kombin\u00e1ci\u00f3, amely mindig m\u0171k\u00f6dik. Kompakt m\u00e9ret, teljes \u00edz.<\/p>\n","protected":false},"featured_media":5608,"menu_order":26,"template":"","product_type":[156],"class_list":["post-5607","product","type-product","status-publish","has-post-thumbnail","hentry","product_type-ambient-hu"],"acf":{"product_show_in_compact":"1","product_tagline":"K\u00e9nyelem minden falatban","products_weight":"75g","product_ornament_type":"brush_thin","product_ornament_color":"#C99E68","benefit_icons":["source-of-omega-3","source-of-fiber","no-preservatives"],"protein_amount":"","product_details":{"ingredients":"24% tofu (sz\u00f3jabab, iv\u00f3v\u00edz), iv\u00f3v\u00edz, repceolaj, okara (iv\u00f3v\u00edz, sz\u00f3jabab), v\u00f6r\u00f6shagyma, sz\u00f3jasz\u00f3sz (iv\u00f3v\u00edz, sz\u00f3jabab, b\u00faza, \u00e9tkez\u00e9si s\u00f3), 3% v\u00f6r\u00f6s\u00e1fonya, kem\u00e9ny\u00edt\u0151, n\u00e1dcukor, \u00e9leszt\u0151, bors\u00f3rost, rizs, sz\u00f3jabab, \u00e9tkez\u00e9si s\u00f3, \u00e9leszt\u0151kivonat, b\u00fazaliszt, f\u0171szerek, napraforg\u00f3olaj, f\u0171szern\u00f6v\u00e9nyek. Must\u00e1rt tartalmazhat.","packaging_image":1126,"nutritional_values":"<table class=\"nutritional-table\">\r\n<tbody>\r\n<tr>\r\n<th colspan=\"2\">T\u00e1p\u00e9rt\u00e9kek 100 g-ra<\/th>\r\n<\/tr>\r\n<tr>\r\n<td>Energia<\/td>\r\n<td>1048 kJ\/253 kcal<\/td>\r\n<\/tr>\r\n<tr>\r\n<td>Zs\u00edr<\/td>\r\n<td>21 g<\/td>\r\n<\/tr>\r\n<tr>\r\n<td>\u2013 ebb\u0151l tel\u00edtett zs\u00edrsavak<\/td>\r\n<td>2,3 g<\/td>\r\n<\/tr>\r\n<tr>\r\n<td>Sz\u00e9nhidr\u00e1t<\/td>\r\n<td>7,9 g<\/td>\r\n<\/tr>\r\n<tr>\r\n<td>\u2013 ebb\u0151l cukrok<\/td>\r\n<td>4,8 g<\/td>\r\n<\/tr>\r\n<tr>\r\n<td>Rost<\/td>\r\n<td>3,3 g<\/td>\r\n<\/tr>\r\n<tr>\r\n<td>Feh\u00e9rje<\/td>\r\n<td>6,5 g<\/td>\r\n<\/tr>\r\n<tr>\r\n<td>S\u00f3<\/td>\r\n<td>1,3 g<\/td>\r\n<\/tr>\r\n<\/tbody>\r\n<\/table>\r\n<p class=\"note\">*Omega-3 zs\u00edrsavak: 1,29 g\/100 g; Alfa-linol\u00e9nsav (ALA): 1,26 g\/100 g \u2013 Az ALA hozz\u00e1j\u00e1rul a norm\u00e1l v\u00e9rkoleszterinszint fenntart\u00e1s\u00e1hoz, hat\u00e1sos adag: 2 g\/24 \u00f3ra.<\/p>"},"product_benefits":{"benefit_image":3514,"benefit_1":"Hagyom\u00e1nyos gy\u00e1rt\u00e1si m\u00f3dszer","benefit_2":"Szeretettel k\u00e9sz\u00edtve","benefit_3":"Engedd szabadj\u00e1ra kreativit\u00e1sod","benefit_4":"Tiszta & min\u0151s\u00e9gi alapanyagok"}},"_links":{"self":[{"href":"https:\/\/lunter.com\/hu\/wp-json\/wp\/v2\/product\/5607","targetHints":{"allow":["GET"]}}],"collection":[{"href":"https:\/\/lunter.com\/hu\/wp-json\/wp\/v2\/product"}],"about":[{"href":"https:\/\/lunter.com\/hu\/wp-json\/wp\/v2\/types\/product"}],"wp:featuredmedia":[{"embeddable":true,"href":"https:\/\/lunter.com\/hu\/wp-json\/wp\/v2\/media\/5608"}],"wp:attachment":[{"href":"https:\/\/lunter.com\/hu\/wp-json\/wp\/v2\/media?parent=5607"}],"wp:term":[{"taxonomy":"product_type","embeddable":true,"href":"https:\/\/lunter.com\/hu\/wp-json\/wp\/v2\/product_type?post=5607"}],"curies":[{"name":"wp","href":"https:\/\/api.w.org\/{rel}","templated":true}]}}