{"id":5585,"date":"2025-04-11T15:46:58","date_gmt":"2025-04-11T13:46:58","guid":{"rendered":"https:\/\/lunter.com\/products\/alu-mexican-spread-75\/"},"modified":"2026-03-28T20:37:01","modified_gmt":"2026-03-28T19:37:01","slug":"alu-mexican-spread-75","status":"publish","type":"product","link":"https:\/\/lunter.com\/hu\/termekek\/alu-mexican-spread-75\/","title":{"rendered":"ALU MEXIK\u00d3I KENHET\u0150"},"content":{"rendered":"<p>Mexik\u00f3i st\u00edlus\u00fa kenhet\u0151 ALU csomagol\u00e1sban &#8211; pik\u00e1ns \u00edzek, k\u00e9nyelmes csomagol\u00e1s. Ide\u00e1lis utaz\u00e1shoz, munk\u00e1ba vagy gyors snackhez.<\/p>\n","protected":false},"featured_media":5586,"menu_order":25,"template":"","product_type":[156],"class_list":["post-5585","product","type-product","status-publish","has-post-thumbnail","hentry","product_type-ambient-hu"],"acf":{"product_show_in_compact":"1","product_tagline":"K\u00e9nyelem minden falatban","products_weight":"75g","product_ornament_type":"brush_thin","product_ornament_color":"#ED9A88","benefit_icons":["no-preservatives","gluten-free","source-of-protein"],"protein_amount":"","product_details":{"ingredients":"iv\u00f3v\u00edz, okara (iv\u00f3v\u00edz, sz\u00f3jabab), 22% tofu (sz\u00f3jabab, iv\u00f3v\u00edz), repceolaj, sz\u00e1r\u00edtott t\u00e1pl\u00e1lkoz\u00e1si \u00e9leszt\u0151, m\u00f3dos\u00edtott kukoricakem\u00e9ny\u00edt\u0151, v\u00f6r\u00f6shagyma, 1,3% piros \u00e9s z\u00f6ld paprikapehely, \u00e9tkez\u00e9si s\u00f3, f\u0171szerkever\u00e9k, 0,3% chili. Must\u00e1rt tartalmazhat.","packaging_image":1076,"nutritional_values":"<table class=\"nutritional-table\">\r\n<tbody>\r\n<tr>\r\n<th colspan=\"2\">T\u00e1p\u00e9rt\u00e9kek 100 g-ra<\/th>\r\n<\/tr>\r\n<tr>\r\n<td>Energia<\/td>\r\n<td>646 kJ\/156 kcal<\/td>\r\n<\/tr>\r\n<tr>\r\n<td>Zs\u00edr<\/td>\r\n<td>12 g<\/td>\r\n<\/tr>\r\n<tr>\r\n<td>\u2013 ebb\u0151l tel\u00edtett zs\u00edrsavak<\/td>\r\n<td>0,9 g<\/td>\r\n<\/tr>\r\n<tr>\r\n<td>Sz\u00e9nhidr\u00e1t<\/td>\r\n<td>5,9 g<\/td>\r\n<\/tr>\r\n<tr>\r\n<td>\u2013 ebb\u0151l cukrok<\/td>\r\n<td>&lt;0,5 g<\/td>\r\n<\/tr>\r\n<tr>\r\n<td>Rost<\/td>\r\n<td>2,1 g<\/td>\r\n<\/tr>\r\n<tr>\r\n<td>Feh\u00e9rje<\/td>\r\n<td>5,0 g<\/td>\r\n<\/tr>\r\n<tr>\r\n<td>S\u00f3<\/td>\r\n<td>1,2 g<\/td>\r\n<\/tr>\r\n<\/tbody>\r\n<\/table>"},"product_benefits":{"benefit_image":3499,"benefit_1":"Hagyom\u00e1nyos gy\u00e1rt\u00e1si m\u00f3dszer","benefit_2":"Szeretettel k\u00e9sz\u00edtve","benefit_3":"Engedd szabadj\u00e1ra kreativit\u00e1sod","benefit_4":"Tiszta & min\u0151s\u00e9gi alapanyagok"}},"_links":{"self":[{"href":"https:\/\/lunter.com\/hu\/wp-json\/wp\/v2\/product\/5585","targetHints":{"allow":["GET"]}}],"collection":[{"href":"https:\/\/lunter.com\/hu\/wp-json\/wp\/v2\/product"}],"about":[{"href":"https:\/\/lunter.com\/hu\/wp-json\/wp\/v2\/types\/product"}],"wp:featuredmedia":[{"embeddable":true,"href":"https:\/\/lunter.com\/hu\/wp-json\/wp\/v2\/media\/5586"}],"wp:attachment":[{"href":"https:\/\/lunter.com\/hu\/wp-json\/wp\/v2\/media?parent=5585"}],"wp:term":[{"taxonomy":"product_type","embeddable":true,"href":"https:\/\/lunter.com\/hu\/wp-json\/wp\/v2\/product_type?post=5585"}],"curies":[{"name":"wp","href":"https:\/\/api.w.org\/{rel}","templated":true}]}}