{"id":5574,"date":"2025-04-11T15:46:52","date_gmt":"2025-04-11T13:46:52","guid":{"rendered":"https:\/\/lunter.com\/products\/alu-french-spread-75\/"},"modified":"2026-03-28T20:33:52","modified_gmt":"2026-03-28T19:33:52","slug":"alu-french-spread-75","status":"publish","type":"product","link":"https:\/\/lunter.com\/hu\/termekek\/alu-french-spread-75\/","title":{"rendered":"ALU FRANCIA KENHET\u0150"},"content":{"rendered":"<p>Francia st\u00edlus\u00fa kenhet\u0151 ALU csomagol\u00e1sban &#8211; k\u00e9nyelem \u00e9s \u00edz egy helyen. T\u00f6k\u00e9letes szendvicsekhez, snackekhez vagy \u00fatk\u00f6zben. Csak nyisd ki \u00e9s \u00e9lvezd.<\/p>\n","protected":false},"featured_media":5575,"menu_order":24,"template":"","product_type":[156],"class_list":["post-5574","product","type-product","status-publish","has-post-thumbnail","hentry","product_type-ambient-hu"],"acf":{"product_show_in_compact":"1","product_tagline":"K\u00e9nyelem minden falatban","products_weight":"75g","product_ornament_type":"brush_thin","product_ornament_color":"#8DC5D3","benefit_icons":["source-of-fiber","no-preservatives","source-of-protein"],"protein_amount":"","product_details":{"ingredients":"31% tofu (sz\u00f3jabab, iv\u00f3v\u00edz), iv\u00f3v\u00edz, okara (iv\u00f3v\u00edz, sz\u00f3jabab), 8,2% v\u00f6r\u00f6shagyma, repceolaj, 6,4% sz\u00e1r\u00edtott t\u00e1pl\u00e1lkoz\u00e1si \u00e9leszt\u0151 (\u00e9leszt\u0151, \u00e1rpamal\u00e1ta kivonat), m\u00f3dos\u00edtott kukoricakem\u00e9ny\u00edt\u0151, eg\u00e9szmagos must\u00e1r (iv\u00f3v\u00edz, must\u00e1rmag, desztill\u00e1lt ecet, cukor, \u00e9tkez\u00e9si s\u00f3, f\u0171szerek), \u00e9tkez\u00e9si s\u00f3.","packaging_image":1051,"nutritional_values":"<table class=\"nutritional-table\">\r\n<tbody>\r\n<tr>\r\n<th colspan=\"2\">T\u00e1p\u00e9rt\u00e9kek 100 g-ra<\/th>\r\n<\/tr>\r\n<tr>\r\n<td>Energia<\/td>\r\n<td>571 kJ\/138 kcal<\/td>\r\n<\/tr>\r\n<tr>\r\n<td>Zs\u00edr<\/td>\r\n<td>9,5 g<\/td>\r\n<\/tr>\r\n<tr>\r\n<td>\u2013 ebb\u0151l tel\u00edtett zs\u00edrsavak<\/td>\r\n<td>0,8 g<\/td>\r\n<\/tr>\r\n<tr>\r\n<td>Sz\u00e9nhidr\u00e1t<\/td>\r\n<td>4,0 g<\/td>\r\n<\/tr>\r\n<tr>\r\n<td>\u2013 ebb\u0151l cukrok<\/td>\r\n<td>&lt;0,5 g<\/td>\r\n<\/tr>\r\n<tr>\r\n<td>Rost<\/td>\r\n<td>3,0 g<\/td>\r\n<\/tr>\r\n<tr>\r\n<td>Feh\u00e9rje<\/td>\r\n<td>7,5 g<\/td>\r\n<\/tr>\r\n<tr>\r\n<td>S\u00f3<\/td>\r\n<td>1,2 g<\/td>\r\n<\/tr>\r\n<\/tbody>\r\n<\/table>"},"product_benefits":{"benefit_image":3489,"benefit_1":"Hagyom\u00e1nyos gy\u00e1rt\u00e1si m\u00f3dszer","benefit_2":"Szeretettel k\u00e9sz\u00edtve","benefit_3":"Engedd szabadj\u00e1ra kreativit\u00e1sod","benefit_4":"Tiszta & min\u0151s\u00e9gi alapanyagok"}},"_links":{"self":[{"href":"https:\/\/lunter.com\/hu\/wp-json\/wp\/v2\/product\/5574","targetHints":{"allow":["GET"]}}],"collection":[{"href":"https:\/\/lunter.com\/hu\/wp-json\/wp\/v2\/product"}],"about":[{"href":"https:\/\/lunter.com\/hu\/wp-json\/wp\/v2\/types\/product"}],"wp:featuredmedia":[{"embeddable":true,"href":"https:\/\/lunter.com\/hu\/wp-json\/wp\/v2\/media\/5575"}],"wp:attachment":[{"href":"https:\/\/lunter.com\/hu\/wp-json\/wp\/v2\/media?parent=5574"}],"wp:term":[{"taxonomy":"product_type","embeddable":true,"href":"https:\/\/lunter.com\/hu\/wp-json\/wp\/v2\/product_type?post=5574"}],"curies":[{"name":"wp","href":"https:\/\/api.w.org\/{rel}","templated":true}]}}