{"id":5565,"date":"2025-04-11T15:46:46","date_gmt":"2025-04-11T13:46:46","guid":{"rendered":"https:\/\/lunter.com\/products\/quick-creations-grain-pie-190\/"},"modified":"2026-03-28T20:30:45","modified_gmt":"2026-03-28T19:30:45","slug":"quick-creations-grain-pie-190","status":"publish","type":"product","link":"https:\/\/lunter.com\/hu\/termekek\/quick-creations-grain-pie-190\/","title":{"rendered":"QUICK CREATIONS TOFU GABON\u00c1S PITE"},"content":{"rendered":"<p>Lunter Quick Creations Gabon\u00e1s Pite &#8211; t\u00e1pl\u00e1l\u00f3 gabon\u00e1k \u00e9s z\u00f6lds\u00e9gek kever\u00e9ke tofuval, k\u00e9szen percek alatt. Csak meleg\u00edtsd fel \u00e9s t\u00e1lald kedvenc k\u00f6reteddel.<\/p>\n","protected":false},"featured_media":5566,"menu_order":255,"template":"","product_type":[147],"class_list":["post-5565","product","type-product","status-publish","has-post-thumbnail","hentry","product_type-quick-creations-hu-2"],"acf":{"product_show_in_compact":"1","product_tagline":"Gyors, egyszer\u0171, finom","products_weight":"190g","product_ornament_type":"brush_thick","product_ornament_color":"#C7C982","benefit_icons":["source-of-fiber","no-preservatives","source-of-protein"],"protein_amount":"","product_details":{"ingredients":"iv\u00f3v\u00edz, 14 % \u00e1rpagy\u00f6ngy,\r\nrepceolaj, 7 % tofu (sz\u00f3jabab,\r\niv\u00f3v\u00edz), b\u00fazafeh\u00e9rje, v\u00f6r\u00f6shagyma, kukoricakem\u00e9ny\u00edt\u0151,\r\nfokhagyma, \u00e9leszt\u0151, \u00e9tkez\u00e9si s\u00f3,\r\nferment\u00e1lt rizs, f\u0171szerek. Must\u00e1rt tartalmazhat","packaging_image":1141,"nutritional_values":"<table class=\"nutritional-table\">\r\n<tbody>\r\n<tr>\r\n<th colspan=\"2\">T\u00e1p\u00e9rt\u00e9kek 100 g-ra<\/th>\r\n<\/tr>\r\n<tr>\r\n<td>Energia<\/td>\r\n<td>869 kJ\/208 kcal<\/td>\r\n<\/tr>\r\n<tr>\r\n<td>Zs\u00edr<\/td>\r\n<td>11 g<\/td>\r\n<\/tr>\r\n<tr>\r\n<td>\u2013 ebb\u0151l tel\u00edtett zs\u00edrsavak<\/td>\r\n<td>0,8 g<\/td>\r\n<\/tr>\r\n<tr>\r\n<td>Sz\u00e9nhidr\u00e1t<\/td>\r\n<td>17 g<\/td>\r\n<\/tr>\r\n<tr>\r\n<td>\u2013 ebb\u0151l cukrok<\/td>\r\n<td>&lt;0,5 g<\/td>\r\n<\/tr>\r\n<tr>\r\n<td>Rost<\/td>\r\n<td>2,7 g<\/td>\r\n<\/tr>\r\n<tr>\r\n<td>Feh\u00e9rje<\/td>\r\n<td>8,9 g<\/td>\r\n<\/tr>\r\n<tr>\r\n<td>S\u00f3<\/td>\r\n<td>1,4 g<\/td>\r\n<\/tr>\r\n<\/tbody>\r\n<\/table>"},"product_benefits":{"benefit_image":3534,"benefit_1":"Percek alatt elk\u00e9sz\u00fcl","benefit_2":"Szeretettel k\u00e9sz\u00edtve","benefit_3":"Engedd szabadj\u00e1ra kreativit\u00e1sod","benefit_4":"Tiszta & min\u0151s\u00e9gi alapanyagok"}},"_links":{"self":[{"href":"https:\/\/lunter.com\/hu\/wp-json\/wp\/v2\/product\/5565","targetHints":{"allow":["GET"]}}],"collection":[{"href":"https:\/\/lunter.com\/hu\/wp-json\/wp\/v2\/product"}],"about":[{"href":"https:\/\/lunter.com\/hu\/wp-json\/wp\/v2\/types\/product"}],"wp:featuredmedia":[{"embeddable":true,"href":"https:\/\/lunter.com\/hu\/wp-json\/wp\/v2\/media\/5566"}],"wp:attachment":[{"href":"https:\/\/lunter.com\/hu\/wp-json\/wp\/v2\/media?parent=5565"}],"wp:term":[{"taxonomy":"product_type","embeddable":true,"href":"https:\/\/lunter.com\/hu\/wp-json\/wp\/v2\/product_type?post=5565"}],"curies":[{"name":"wp","href":"https:\/\/api.w.org\/{rel}","templated":true}]}}