{"id":5556,"date":"2025-04-11T15:46:46","date_gmt":"2025-04-11T13:46:46","guid":{"rendered":"https:\/\/lunter.com\/products\/quick-creations-cabbage-pie-190\/"},"modified":"2026-03-28T20:27:28","modified_gmt":"2026-03-28T19:27:28","slug":"quick-creations-cabbage-pie-190","status":"publish","type":"product","link":"https:\/\/lunter.com\/hu\/termekek\/quick-creations-cabbage-pie-190\/","title":{"rendered":"QUICK CREATIONS TOFU K\u00c1POSZT\u00c1S PITE"},"content":{"rendered":"<p>Szereted a hagyom\u00e1nyos \u00e9teleket, de k\u00f6nny\u00edteni kell az \u00e9trendeden? Lunter Quick Creations K\u00e1poszt\u00e1s a megment\u0151. Min\u0151s\u00e9gi alapanyagokb\u00f3l k\u00e9sz\u00fclt, tele \u00edzzel \u00e9s t\u00e1panyagokkal. Csak meleg\u00edtsd fel \u00e9s \u00e9lvezd &#8211; autentikus \u00edz percek alatt.<\/p>\n","protected":false},"featured_media":5557,"template":"","product_type":[147],"class_list":["post-5556","product","type-product","status-publish","has-post-thumbnail","hentry","product_type-quick-creations-hu-2"],"acf":{"product_show_in_compact":"1","product_tagline":"Gyors, egyszer\u0171, finom","products_weight":"190g","product_ornament_type":"brush_thick","product_ornament_color":"#B28A74","benefit_icons":["no-preservatives","no-artificial-colors","source-of-protein"],"protein_amount":"","product_details":{"ingredients":"38 % savany\u00fa\r\nk\u00e1poszta (70 % k\u00e1poszta, \u00e9tkez\u00e9si s\u00f3, f\u0171szerek), 33 %\r\n\u00e1rpagy\u00f6ngy, iv\u00f3v\u00edz, repceolaj, 4 % tofu (sz\u00f3jabab,\r\niv\u00f3v\u00edz), b\u00fazafeh\u00e9rje, v\u00f6r\u00f6shagyma, kukoricakem\u00e9ny\u00edt\u0151,\r\nfokhagyma, f\u0171szerek, \u00e9tkez\u00e9si s\u00f3, \u00e9leszt\u0151, erjesztett\r\nrizs. Must\u00e1rt tartalmazhat.","packaging_image":1136,"nutritional_values":"<table class=\"nutritional-table\">\r\n<tbody>\r\n<tr>\r\n<th colspan=\"2\">T\u00e1p\u00e9rt\u00e9kek 100 g-ra<\/th>\r\n<\/tr>\r\n<tr>\r\n<td>Energia<\/td>\r\n<td>671 kJ\/161 kcal<\/td>\r\n<\/tr>\r\n<tr>\r\n<td>Zs\u00edr<\/td>\r\n<td>9,1 g<\/td>\r\n<\/tr>\r\n<tr>\r\n<td>\u2013 ebb\u0151l tel\u00edtett zs\u00edrsavak<\/td>\r\n<td>0,7 g<\/td>\r\n<\/tr>\r\n<tr>\r\n<td>Sz\u00e9nhidr\u00e1t<\/td>\r\n<td>12 g<\/td>\r\n<\/tr>\r\n<tr>\r\n<td>\u2013 ebb\u0151l cukrok<\/td>\r\n<td>0,5 g<\/td>\r\n<\/tr>\r\n<tr>\r\n<td>Rost<\/td>\r\n<td>4,0 g<\/td>\r\n<\/tr>\r\n<tr>\r\n<td>Feh\u00e9rje<\/td>\r\n<td>5,8 g<\/td>\r\n<\/tr>\r\n<tr>\r\n<td>S\u00f3<\/td>\r\n<td>1,2 g<\/td>\r\n<\/tr>\r\n<\/tbody>\r\n<\/table>"},"product_benefits":{"benefit_image":3529,"benefit_1":"Percek alatt elk\u00e9sz\u00fcl","benefit_2":"Szeretettel k\u00e9sz\u00edtve","benefit_3":"Engedd szabadj\u00e1ra kreativit\u00e1sod","benefit_4":"Tiszta & min\u0151s\u00e9gi alapanyagok"}},"_links":{"self":[{"href":"https:\/\/lunter.com\/hu\/wp-json\/wp\/v2\/product\/5556","targetHints":{"allow":["GET"]}}],"collection":[{"href":"https:\/\/lunter.com\/hu\/wp-json\/wp\/v2\/product"}],"about":[{"href":"https:\/\/lunter.com\/hu\/wp-json\/wp\/v2\/types\/product"}],"wp:featuredmedia":[{"embeddable":true,"href":"https:\/\/lunter.com\/hu\/wp-json\/wp\/v2\/media\/5557"}],"wp:attachment":[{"href":"https:\/\/lunter.com\/hu\/wp-json\/wp\/v2\/media?parent=5556"}],"wp:term":[{"taxonomy":"product_type","embeddable":true,"href":"https:\/\/lunter.com\/hu\/wp-json\/wp\/v2\/product_type?post=5556"}],"curies":[{"name":"wp","href":"https:\/\/api.w.org\/{rel}","templated":true}]}}