{"id":5547,"date":"2025-04-11T15:46:46","date_gmt":"2025-04-11T13:46:46","guid":{"rendered":"https:\/\/lunter.com\/products\/quick-creations-no-egg-190\/"},"modified":"2026-03-28T20:24:15","modified_gmt":"2026-03-28T19:24:15","slug":"quick-creations-no-egg-190","status":"publish","type":"product","link":"https:\/\/lunter.com\/hu\/termekek\/quick-creations-no-egg-190\/","title":{"rendered":"QUICK CREATIONS TOFU TOJ\u00c1SMENTES"},"content":{"rendered":"<p>Ind\u00edtsd a reggelt olyan reggelivel, amely ugyanolyan dinamikus, mint a napod. Lunter Tofu R\u00e1ntotta k\u00e9szen \u00e1ll l\u00e9trehozni egy teljes \u00e9rt\u00e9k\u0171 \u00e9s finom \u00e9telt minim\u00e1lis er\u0151fesz\u00edt\u00e9ssel. Csak meleg\u00edtsd fel serpeny\u0151ben vagy mikrohull\u00e1m\u00fa s\u00fct\u0151ben &#8211; eg\u00e9szs\u00e9ges reggeli percek alatt.<\/p>\n","protected":false},"featured_media":5548,"template":"","product_type":[147],"class_list":["post-5547","product","type-product","status-publish","has-post-thumbnail","hentry","product_type-quick-creations-hu-2"],"acf":{"product_show_in_compact":"1","product_tagline":"Gyors, egyszer\u0171, finom","products_weight":"190g","product_ornament_type":"brush_thick","product_ornament_color":"#F8D277","benefit_icons":["source-of-fiber","gluten-free","source-of-protein"],"protein_amount":"","product_details":{"ingredients":"51 % tofu (sz\u00f3jabab, iv\u00f3v\u00edz),\r\nsz\u00f3jaital (iv\u00f3v\u00edz, sz\u00f3jabab), 9 % v\u00f6r\u00f6shagyma,\r\nokara (iv\u00f3v\u00edz, sz\u00f3jabab), repceolaj, sz\u00e1r\u00edtott \u00e9leszt\u0151,\r\n\u00e9tkez\u00e9si s\u00f3, 0,4 % sz\u00e1r\u00edtott v\u00f6r\u00f6shagyma, kukoricakem\u00e9ny\u00edt\u0151,\r\nsz\u00e1r\u00edtott fokhagyma, f\u0171szerek. Must\u00e1rt\r\ntartalmazhat.","packaging_image":1146,"nutritional_values":"<table class=\"nutritional-table\">\r\n<tbody>\r\n<tr>\r\n<th colspan=\"2\">T\u00e1p\u00e9rt\u00e9kek 100 g-ra<\/th>\r\n<\/tr>\r\n<tr>\r\n<td>Energia<\/td>\r\n<td>610 kJ\/147 kcal<\/td>\r\n<\/tr>\r\n<tr>\r\n<td>Zs\u00edr<\/td>\r\n<td>9,6 g<\/td>\r\n<\/tr>\r\n<tr>\r\n<td>\u2013 ebb\u0151l tel\u00edtett zs\u00edrsavak<\/td>\r\n<td>0,7 g<\/td>\r\n<\/tr>\r\n<tr>\r\n<td>Sz\u00e9nhidr\u00e1t<\/td>\r\n<td>1,9 g<\/td>\r\n<\/tr>\r\n<tr>\r\n<td>\u2013 ebb\u0151l cukrok<\/td>\r\n<td>&lt;0,5 g<\/td>\r\n<\/tr>\r\n<tr>\r\n<td>Rost<\/td>\r\n<td>2,3 g<\/td>\r\n<\/tr>\r\n<tr>\r\n<td>Feh\u00e9rje<\/td>\r\n<td>12 g<\/td>\r\n<\/tr>\r\n<tr>\r\n<td>S\u00f3<\/td>\r\n<td>1,0 g<\/td>\r\n<\/tr>\r\n<\/tbody>\r\n<\/table>"},"product_benefits":{"benefit_image":3539,"benefit_1":"Percek alatt elk\u00e9sz\u00fcl","benefit_2":"Szeretettel k\u00e9sz\u00edtve","benefit_3":"Engedd szabadj\u00e1ra kreativit\u00e1sod","benefit_4":"Tiszta & min\u0151s\u00e9gi alapanyagok"}},"_links":{"self":[{"href":"https:\/\/lunter.com\/hu\/wp-json\/wp\/v2\/product\/5547","targetHints":{"allow":["GET"]}}],"collection":[{"href":"https:\/\/lunter.com\/hu\/wp-json\/wp\/v2\/product"}],"about":[{"href":"https:\/\/lunter.com\/hu\/wp-json\/wp\/v2\/types\/product"}],"wp:featuredmedia":[{"embeddable":true,"href":"https:\/\/lunter.com\/hu\/wp-json\/wp\/v2\/media\/5548"}],"wp:attachment":[{"href":"https:\/\/lunter.com\/hu\/wp-json\/wp\/v2\/media?parent=5547"}],"wp:term":[{"taxonomy":"product_type","embeddable":true,"href":"https:\/\/lunter.com\/hu\/wp-json\/wp\/v2\/product_type?post=5547"}],"curies":[{"name":"wp","href":"https:\/\/api.w.org\/{rel}","templated":true}]}}