{"id":5538,"date":"2025-04-11T15:46:46","date_gmt":"2025-04-11T13:46:46","guid":{"rendered":"https:\/\/lunter.com\/products\/quick-creations-bolognese-190\/"},"modified":"2026-03-28T20:14:41","modified_gmt":"2026-03-28T19:14:41","slug":"quick-creations-bolognese-190","status":"publish","type":"product","link":"https:\/\/lunter.com\/hu\/termekek\/quick-creations-bolognese-190\/","title":{"rendered":"QUICK CREATIONS TOFU BOLOGNAI"},"content":{"rendered":"<p>Gazdag klasszikus bolognai \u00edz ut\u00e1n v\u00e1gysz, de tiszt\u00e1n n\u00f6v\u00e9nyi finoms\u00e1got szeretn\u00e9l? Lunter Bolognai k\u00e9szs\u00e9ges kiel\u00e9g\u00edteni v\u00e1gyaidat. Min\u0151s\u00e9gi alapanyagokb\u00f3l k\u00e9sz\u00fclt, gazdag paradicsom \u00edzzel \u00e9s f\u0171szerekkel. Csak meleg\u00edtsd fel, add hozz\u00e1 t\u00e9szt\u00e1hoz vagy rizshez &#8211; percek alatt k\u00e9sz.<\/p>\n","protected":false},"featured_media":5539,"template":"","product_type":[147],"class_list":["post-5538","product","type-product","status-publish","has-post-thumbnail","hentry","product_type-quick-creations-hu-2"],"acf":{"product_show_in_compact":"1","product_tagline":"Gyors, egyszer\u0171, finom","products_weight":"190g","product_ornament_type":"brush_thick","product_ornament_color":"#CB7B78","benefit_icons":["source-of-fiber","gluten-free","source-of-protein"],"protein_amount":"","product_details":{"ingredients":"iv\u00f3v\u00edz, 26 %\r\ntofu (sz\u00f3jabab, iv\u00f3v\u00edz), 13 % paradicsom, v\u00f6r\u00f6shagyma,\r\nrepceolaj, cukor, fokhagyma, \u00e9tkez\u00e9si\r\ns\u00f3, sz\u00f3jabab, ferment\u00e1lt b\u00faza \u2013 glut\u00e9nmentes,\r\nkem\u00e9ny\u00edt\u0151, f\u0171szerek, f\u0171szern\u00f6v\u00e9nyek, f\u0171szerkivonat.\r\nMust\u00e1rt tartalmazhat.","packaging_image":1081,"nutritional_values":"<table class=\"nutritional-table\">\r\n<tbody>\r\n<tr>\r\n<th colspan=\"2\">T\u00e1p\u00e9rt\u00e9kek 100 g-ra<\/th>\r\n<\/tr>\r\n<tr>\r\n<td>Energia<\/td>\r\n<td>438 kJ\/105 kcal<\/td>\r\n<\/tr>\r\n<tr>\r\n<td>Zs\u00edr<\/td>\r\n<td>4,9 g<\/td>\r\n<\/tr>\r\n<tr>\r\n<td>\u2013 ebb\u0151l tel\u00edtett zs\u00edrsavak<\/td>\r\n<td>0,4 g<\/td>\r\n<\/tr>\r\n<tr>\r\n<td>Sz\u00e9nhidr\u00e1t<\/td>\r\n<td>7,5 g<\/td>\r\n<\/tr>\r\n<tr>\r\n<td>\u2013 ebb\u0151l cukrok<\/td>\r\n<td>6,6 g<\/td>\r\n<\/tr>\r\n<tr>\r\n<td>Rost<\/td>\r\n<td>4,7 g<\/td>\r\n<\/tr>\r\n<tr>\r\n<td>Feh\u00e9rje<\/td>\r\n<td>5,4 g<\/td>\r\n<\/tr>\r\n<tr>\r\n<td>S\u00f3<\/td>\r\n<td>1,3 g<\/td>\r\n<\/tr>\r\n<\/tbody>\r\n<\/table>"},"product_benefits":{"benefit_image":3524,"benefit_1":"Percek alatt elk\u00e9sz\u00fcl","benefit_2":"Szeretettel k\u00e9sz\u00edtve","benefit_3":"Engedd szabadj\u00e1ra kreativit\u00e1sod","benefit_4":"Tiszta & min\u0151s\u00e9gi alapanyagok"}},"_links":{"self":[{"href":"https:\/\/lunter.com\/hu\/wp-json\/wp\/v2\/product\/5538","targetHints":{"allow":["GET"]}}],"collection":[{"href":"https:\/\/lunter.com\/hu\/wp-json\/wp\/v2\/product"}],"about":[{"href":"https:\/\/lunter.com\/hu\/wp-json\/wp\/v2\/types\/product"}],"wp:featuredmedia":[{"embeddable":true,"href":"https:\/\/lunter.com\/hu\/wp-json\/wp\/v2\/media\/5539"}],"wp:attachment":[{"href":"https:\/\/lunter.com\/hu\/wp-json\/wp\/v2\/media?parent=5538"}],"wp:term":[{"taxonomy":"product_type","embeddable":true,"href":"https:\/\/lunter.com\/hu\/wp-json\/wp\/v2\/product_type?post=5538"}],"curies":[{"name":"wp","href":"https:\/\/api.w.org\/{rel}","templated":true}]}}